{"id":2099,"date":"2025-08-27T15:25:16","date_gmt":"2025-08-27T14:25:16","guid":{"rendered":"https:\/\/prayerspacesinschools.com\/?page_id=2099"},"modified":"2025-10-22T09:30:28","modified_gmt":"2025-10-22T08:30:28","slug":"sticky-note-prayers","status":"publish","type":"page","link":"https:\/\/prayerspacesinschools.com\/fr\/sticky-note-prayers\/","title":{"rendered":"Sticky Note Prayers"},"content":{"rendered":"\n<p style=\"font-size:18px\">&#8211; <strong>Comment les espaces de pri\u00e8re dans les \u00e9coles changent la vie des jeunes<\/strong><\/p>\n\n\n\n<div class=\"wp-block-buttons is-layout-flex wp-block-buttons-is-layout-flex\">\n<div class=\"wp-block-button\"><a class=\"wp-block-button__link wp-element-button\" href=\"https:\/\/standrewsbookshop.co.uk\/product\/sticky-note-prayers\/\" target=\"_blank\" rel=\"noreferrer noopener\">Achetez-le ici (UK)<\/a><\/div>\n\n\n\n<div class=\"wp-block-button\"><a class=\"wp-block-button__link wp-element-button\" href=\"https:\/\/www.amazon.com\/Sticky-Note-Prayers-Schools-Changing\/dp\/1399825682\/\" target=\"_blank\" rel=\"noreferrer noopener\">Achetez-le ici (US)<\/a><\/div>\n\n\n\n<div class=\"wp-block-button\"><a class=\"wp-block-button__link wp-element-button\" href=\"https:\/\/koorong.com\/product\/sticky-note-prayers-how-prayer-spaces-in-schools_9781399825689\" target=\"_blank\" rel=\"noreferrer noopener\">Achetez-le ici (AU)<\/a><\/div>\n<\/div>\n\n\n\n<p><em>Sticky Note Prayers<\/em> est plus qu&#8217;un simple livre : c&#8217;est l&#8217;histoire d&#8217;un mouvement qui a commenc\u00e9 avec un simple post-it coll\u00e9 sur le mur d&#8217;une salle de classe\u2026 et qui a depuis touch\u00e9 plus d&#8217;un million d&#8217;enfants et de jeunes dans plus de 7 000 lieux de pri\u00e8re r\u00e9partis dans au moins 35 pays.&nbsp;<\/p>\n\n\n\n<p><strong><em>Sticky Note Prayers<\/em> raconte l&#8217;histoire (jusqu&#8217;\u00e0 pr\u00e9sent) de ce que Dieu accomplit dans ces espaces extraordinaires et ordinaires.<\/strong><\/p>\n\n\n\n<p>\u00c9crit par Phil Sokell-Miles, directeur international de Prayer Spaces in Schools, cet ouvrage m\u00eale r\u00e9cits, recherches et r\u00e9flexions tir\u00e9es de la vie r\u00e9elle, offrant espoir, perspicacit\u00e9 et outils pratiques \u00e0 tous ceux qui souhaitent cr\u00e9er des espaces propices \u00e0 la pri\u00e8re et \u00e0 la r\u00e9flexion pour la prochaine g\u00e9n\u00e9ration.<\/p>\n\n\n\n<blockquote class=\"wp-block-quote is-style-default is-layout-flow wp-block-quote-is-layout-flow\">\n<p><em>&#8220;Sticky Note Prayers est une histoire brillante et captivante. J&#8217;ai d\u00e9vor\u00e9 ce livre avec le sourire aux l\u00e8vres et un feu grandissant dans mon c\u0153ur. La passion de Phil transpara\u00eet naturellement dans les r\u00e9cits du livre, et les exercices propos\u00e9s sont clairs, pratiques et faciles \u00e0 mettre en \u0153uvre. Il s&#8217;agit avant tout d&#8217;un message incarn\u00e9, et rien n&#8217;est plus \u00e9loquent que le message que nous avons v\u00e9cu.&#8221;<\/em><br>Tyler Staton \u2013 Auteur et pasteur principal de Bridgetown Church, Portland OR, USA<\/p>\n<\/blockquote>\n\n\n\n<h3 class=\"wp-block-heading\"><em>Sticky Note Prayers<\/em> tourn\u00e9e de formation<\/h3>\n\n\n\n<p><strong>Grande-Bretagne \u2013 octobre 2025 \u00e0 mars 2026<\/strong><\/p>\n\n\n\n<p>Rejoignez Phil et ses amis lors d&#8217;une des soir\u00e9es de formation Sticky Note Prayers. \u00c9coutez les t\u00e9moignages, d\u00e9couvrez la vision et recevez les outils n\u00e9cessaires pour cr\u00e9er un espace de pri\u00e8re dans votre \u00e9cole.<\/p>\n\n\n\n<div class=\"wp-block-buttons wp-block-button is-layout-flex wp-block-buttons-is-layout-flex\">\n<div class=\"wp-block-button\"><a class=\"wp-block-button__link wp-element-button\" href=\"https:\/\/prayerspacesinschools.org\/get-involved\/events\/\">Events page (GB)<\/a><\/div>\n<\/div>\n\n\n\n<blockquote class=\"wp-block-quote is-style-default is-layout-flow wp-block-quote-is-layout-flow\">\n<p><em>\u201cPour tous ceux qui ont pri\u00e9 dans une 24-7 Prayer Room et qui se sont demand\u00e9 ce qui pourrait arriver ensuite\u2026 ce livre pourrait \u00eatre la suite de votre aventure.\u201d<\/em><br>Pete Greig &#8211; Auteur et fondateur de 24-7 Prayer, Guildford, UK<\/p>\n<\/blockquote>\n","protected":false},"excerpt":{"rendered":"<p>&#8211; Comment les espaces de pri\u00e8re dans les \u00e9coles changent la vie des jeunes Sticky Note Prayers est plus qu&#8217;un simple livre : c&#8217;est l&#8217;histoire d&#8217;un mouvement qui a commenc\u00e9 avec un simple post-it coll\u00e9 sur le mur d&#8217;une salle de classe\u2026 et qui a depuis touch\u00e9 plus d&#8217;un million d&#8217;enfants et de jeunes dans [&hellip;]<\/p>\n","protected":false},"author":4,"featured_media":1003,"parent":0,"menu_order":0,"comment_status":"closed","ping_status":"closed","template":"","meta":{"_acf_changed":false,"inline_featured_image":false,"footnotes":""},"class_list":["post-2099","page","type-page","status-publish","has-post-thumbnail","hentry"],"acf":[],"yoast_head":"<!-- This site is optimized with the Yoast SEO plugin v27.4 - https:\/\/yoast.com\/product\/yoast-seo-wordpress\/ -->\n<title>Sticky Note Prayers - Prayer Spaces in Schools International<\/title>\n<meta name=\"description\" content=\"Around the world prayer spaces are giving children and young people ways to reflect and explore prayer for themselves using simple activities.\" \/>\n<meta name=\"robots\" content=\"index, follow, max-snippet:-1, max-image-preview:large, max-video-preview:-1\" \/>\n<link rel=\"canonical\" href=\"http:\/\/prayerspacesinschools.com\/fr\/sticky-note-prayers\/\" \/>\n<meta property=\"og:locale\" content=\"fr_FR\" \/>\n<meta property=\"og:type\" content=\"article\" \/>\n<meta property=\"og:title\" content=\"Sticky Note Prayers - Prayer Spaces in Schools International\" \/>\n<meta property=\"og:description\" content=\"Around the world prayer spaces are giving children and young people ways to reflect and explore prayer for themselves using simple activities.\" \/>\n<meta property=\"og:url\" content=\"http:\/\/prayerspacesinschools.com\/fr\/sticky-note-prayers\/\" \/>\n<meta property=\"og:site_name\" content=\"Prayer Spaces in Schools International\" \/>\n<meta property=\"article:modified_time\" content=\"2025-10-22T08:30:28+00:00\" \/>\n<meta property=\"og:image\" content=\"http:\/\/prayerspacesinschools.com\/wp-content\/uploads\/2025\/06\/Sticky-Note-Prayers.jpg\" \/>\n\t<meta property=\"og:image:width\" content=\"1004\" \/>\n\t<meta property=\"og:image:height\" content=\"669\" \/>\n\t<meta property=\"og:image:type\" content=\"image\/jpeg\" \/>\n<meta name=\"twitter:card\" content=\"summary_large_image\" \/>\n<meta name=\"twitter:label1\" content=\"Est. reading time\" \/>\n\t<meta name=\"twitter:data1\" content=\"2 minutes\" \/>\n<script type=\"application\/ld+json\" class=\"yoast-schema-graph\">{\"@context\":\"https:\\\/\\\/schema.org\",\"@graph\":[{\"@type\":\"WebPage\",\"@id\":\"http:\\\/\\\/prayerspacesinschools.com\\\/fr\\\/sticky-note-prayers\\\/\",\"url\":\"http:\\\/\\\/prayerspacesinschools.com\\\/fr\\\/sticky-note-prayers\\\/\",\"name\":\"Sticky Note Prayers - Prayer Spaces in Schools International\",\"isPartOf\":{\"@id\":\"https:\\\/\\\/prayerspacesinschools.com\\\/#website\"},\"primaryImageOfPage\":{\"@id\":\"http:\\\/\\\/prayerspacesinschools.com\\\/fr\\\/sticky-note-prayers\\\/#primaryimage\"},\"image\":{\"@id\":\"http:\\\/\\\/prayerspacesinschools.com\\\/fr\\\/sticky-note-prayers\\\/#primaryimage\"},\"thumbnailUrl\":\"https:\\\/\\\/prayerspacesinschools.com\\\/wp-content\\\/uploads\\\/2025\\\/06\\\/Sticky-Note-Prayers.jpg\",\"datePublished\":\"2025-08-27T14:25:16+00:00\",\"dateModified\":\"2025-10-22T08:30:28+00:00\",\"description\":\"Around the world prayer spaces are giving children and young people ways to reflect and explore prayer for themselves using simple activities.\",\"breadcrumb\":{\"@id\":\"http:\\\/\\\/prayerspacesinschools.com\\\/fr\\\/sticky-note-prayers\\\/#breadcrumb\"},\"inLanguage\":\"fr-FR\",\"potentialAction\":[{\"@type\":\"ReadAction\",\"target\":[\"http:\\\/\\\/prayerspacesinschools.com\\\/fr\\\/sticky-note-prayers\\\/\"]}]},{\"@type\":\"ImageObject\",\"inLanguage\":\"fr-FR\",\"@id\":\"http:\\\/\\\/prayerspacesinschools.com\\\/fr\\\/sticky-note-prayers\\\/#primaryimage\",\"url\":\"https:\\\/\\\/prayerspacesinschools.com\\\/wp-content\\\/uploads\\\/2025\\\/06\\\/Sticky-Note-Prayers.jpg\",\"contentUrl\":\"https:\\\/\\\/prayerspacesinschools.com\\\/wp-content\\\/uploads\\\/2025\\\/06\\\/Sticky-Note-Prayers.jpg\",\"width\":1004,\"height\":669},{\"@type\":\"BreadcrumbList\",\"@id\":\"http:\\\/\\\/prayerspacesinschools.com\\\/fr\\\/sticky-note-prayers\\\/#breadcrumb\",\"itemListElement\":[{\"@type\":\"ListItem\",\"position\":1,\"name\":\"Home\",\"item\":\"http:\\\/\\\/prayerspacesinschools.com\\\/fr\\\/\"},{\"@type\":\"ListItem\",\"position\":2,\"name\":\"Sticky Note Prayers\"}]},{\"@type\":\"WebSite\",\"@id\":\"https:\\\/\\\/prayerspacesinschools.com\\\/#website\",\"url\":\"https:\\\/\\\/prayerspacesinschools.com\\\/\",\"name\":\"Prayer Spaces in Schools\",\"description\":\"Creating space in schools where pupils can pause to reflect or pray\",\"publisher\":{\"@id\":\"https:\\\/\\\/prayerspacesinschools.com\\\/#organization\"},\"potentialAction\":[{\"@type\":\"SearchAction\",\"target\":{\"@type\":\"EntryPoint\",\"urlTemplate\":\"https:\\\/\\\/prayerspacesinschools.com\\\/?s={search_term_string}\"},\"query-input\":{\"@type\":\"PropertyValueSpecification\",\"valueRequired\":true,\"valueName\":\"search_term_string\"}}],\"inLanguage\":\"fr-FR\"},{\"@type\":\"Organization\",\"@id\":\"https:\\\/\\\/prayerspacesinschools.com\\\/#organization\",\"name\":\"Prayer Spaces in Schools\",\"url\":\"https:\\\/\\\/prayerspacesinschools.com\\\/\",\"logo\":{\"@type\":\"ImageObject\",\"inLanguage\":\"fr-FR\",\"@id\":\"https:\\\/\\\/prayerspacesinschools.com\\\/#\\\/schema\\\/logo\\\/image\\\/\",\"url\":\"http:\\\/\\\/prayerspacesinschools.com\\\/wp-content\\\/uploads\\\/2025\\\/07\\\/logo.svg\",\"contentUrl\":\"http:\\\/\\\/prayerspacesinschools.com\\\/wp-content\\\/uploads\\\/2025\\\/07\\\/logo.svg\",\"width\":125,\"height\":93,\"caption\":\"Prayer Spaces in Schools\"},\"image\":{\"@id\":\"https:\\\/\\\/prayerspacesinschools.com\\\/#\\\/schema\\\/logo\\\/image\\\/\"}}]}<\/script>\n<!-- \/ Yoast SEO plugin. -->","yoast_head_json":{"title":"Sticky Note Prayers - Prayer Spaces in Schools International","description":"Around the world prayer spaces are giving children and young people ways to reflect and explore prayer for themselves using simple activities.","robots":{"index":"index","follow":"follow","max-snippet":"max-snippet:-1","max-image-preview":"max-image-preview:large","max-video-preview":"max-video-preview:-1"},"canonical":"http:\/\/prayerspacesinschools.com\/fr\/sticky-note-prayers\/","og_locale":"fr_FR","og_type":"article","og_title":"Sticky Note Prayers - Prayer Spaces in Schools International","og_description":"Around the world prayer spaces are giving children and young people ways to reflect and explore prayer for themselves using simple activities.","og_url":"http:\/\/prayerspacesinschools.com\/fr\/sticky-note-prayers\/","og_site_name":"Prayer Spaces in Schools International","article_modified_time":"2025-10-22T08:30:28+00:00","og_image":[{"width":1004,"height":669,"url":"http:\/\/prayerspacesinschools.com\/wp-content\/uploads\/2025\/06\/Sticky-Note-Prayers.jpg","type":"image\/jpeg"}],"twitter_card":"summary_large_image","twitter_misc":{"Est. reading time":"2 minutes"},"schema":{"@context":"https:\/\/schema.org","@graph":[{"@type":"WebPage","@id":"http:\/\/prayerspacesinschools.com\/fr\/sticky-note-prayers\/","url":"http:\/\/prayerspacesinschools.com\/fr\/sticky-note-prayers\/","name":"Sticky Note Prayers - Prayer Spaces in Schools International","isPartOf":{"@id":"https:\/\/prayerspacesinschools.com\/#website"},"primaryImageOfPage":{"@id":"http:\/\/prayerspacesinschools.com\/fr\/sticky-note-prayers\/#primaryimage"},"image":{"@id":"http:\/\/prayerspacesinschools.com\/fr\/sticky-note-prayers\/#primaryimage"},"thumbnailUrl":"https:\/\/prayerspacesinschools.com\/wp-content\/uploads\/2025\/06\/Sticky-Note-Prayers.jpg","datePublished":"2025-08-27T14:25:16+00:00","dateModified":"2025-10-22T08:30:28+00:00","description":"Around the world prayer spaces are giving children and young people ways to reflect and explore prayer for themselves using simple activities.","breadcrumb":{"@id":"http:\/\/prayerspacesinschools.com\/fr\/sticky-note-prayers\/#breadcrumb"},"inLanguage":"fr-FR","potentialAction":[{"@type":"ReadAction","target":["http:\/\/prayerspacesinschools.com\/fr\/sticky-note-prayers\/"]}]},{"@type":"ImageObject","inLanguage":"fr-FR","@id":"http:\/\/prayerspacesinschools.com\/fr\/sticky-note-prayers\/#primaryimage","url":"https:\/\/prayerspacesinschools.com\/wp-content\/uploads\/2025\/06\/Sticky-Note-Prayers.jpg","contentUrl":"https:\/\/prayerspacesinschools.com\/wp-content\/uploads\/2025\/06\/Sticky-Note-Prayers.jpg","width":1004,"height":669},{"@type":"BreadcrumbList","@id":"http:\/\/prayerspacesinschools.com\/fr\/sticky-note-prayers\/#breadcrumb","itemListElement":[{"@type":"ListItem","position":1,"name":"Home","item":"http:\/\/prayerspacesinschools.com\/fr\/"},{"@type":"ListItem","position":2,"name":"Sticky Note Prayers"}]},{"@type":"WebSite","@id":"https:\/\/prayerspacesinschools.com\/#website","url":"https:\/\/prayerspacesinschools.com\/","name":"Prayer Spaces in Schools","description":"Creating space in schools where pupils can pause to reflect or pray","publisher":{"@id":"https:\/\/prayerspacesinschools.com\/#organization"},"potentialAction":[{"@type":"SearchAction","target":{"@type":"EntryPoint","urlTemplate":"https:\/\/prayerspacesinschools.com\/?s={search_term_string}"},"query-input":{"@type":"PropertyValueSpecification","valueRequired":true,"valueName":"search_term_string"}}],"inLanguage":"fr-FR"},{"@type":"Organization","@id":"https:\/\/prayerspacesinschools.com\/#organization","name":"Prayer Spaces in Schools","url":"https:\/\/prayerspacesinschools.com\/","logo":{"@type":"ImageObject","inLanguage":"fr-FR","@id":"https:\/\/prayerspacesinschools.com\/#\/schema\/logo\/image\/","url":"http:\/\/prayerspacesinschools.com\/wp-content\/uploads\/2025\/07\/logo.svg","contentUrl":"http:\/\/prayerspacesinschools.com\/wp-content\/uploads\/2025\/07\/logo.svg","width":125,"height":93,"caption":"Prayer Spaces in Schools"},"image":{"@id":"https:\/\/prayerspacesinschools.com\/#\/schema\/logo\/image\/"}}]}},"_links":{"self":[{"href":"https:\/\/prayerspacesinschools.com\/fr\/wp-json\/wp\/v2\/pages\/2099","targetHints":{"allow":["GET"]}}],"collection":[{"href":"https:\/\/prayerspacesinschools.com\/fr\/wp-json\/wp\/v2\/pages"}],"about":[{"href":"https:\/\/prayerspacesinschools.com\/fr\/wp-json\/wp\/v2\/types\/page"}],"author":[{"embeddable":true,"href":"https:\/\/prayerspacesinschools.com\/fr\/wp-json\/wp\/v2\/users\/4"}],"replies":[{"embeddable":true,"href":"https:\/\/prayerspacesinschools.com\/fr\/wp-json\/wp\/v2\/comments?post=2099"}],"version-history":[{"count":3,"href":"https:\/\/prayerspacesinschools.com\/fr\/wp-json\/wp\/v2\/pages\/2099\/revisions"}],"predecessor-version":[{"id":2138,"href":"https:\/\/prayerspacesinschools.com\/fr\/wp-json\/wp\/v2\/pages\/2099\/revisions\/2138"}],"wp:featuredmedia":[{"embeddable":true,"href":"https:\/\/prayerspacesinschools.com\/fr\/wp-json\/wp\/v2\/media\/1003"}],"wp:attachment":[{"href":"https:\/\/prayerspacesinschools.com\/fr\/wp-json\/wp\/v2\/media?parent=2099"}],"curies":[{"name":"wp","href":"https:\/\/api.w.org\/{rel}","templated":true}]}}