{"id":2036,"date":"2025-05-07T15:49:12","date_gmt":"2025-05-07T14:49:12","guid":{"rendered":"https:\/\/prayerspacesinschools.com\/privacy-policy\/"},"modified":"2025-09-04T09:33:40","modified_gmt":"2025-09-04T08:33:40","slug":"privacy-policy","status":"publish","type":"page","link":"https:\/\/prayerspacesinschools.com\/fr\/privacy-policy\/","title":{"rendered":"Prayer Spaces in Schools Politiques"},"content":{"rendered":"\n<h3 class=\"wp-block-heading\">G\u00e9n\u00e9ral<\/h3>\n\n\n\n<p>Prayer Spaces in Schools fait partie de 24-7 Prayer International, une organisation caritative enregistr\u00e9e au Royaume-Uni. \u00c0 ce titre, nos politiques refl\u00e8tent la l\u00e9gislation en vigueur dans ce pays.<\/p>\n\n\n\n<p>Ce bouton vous m\u00e8nera \u00e0 la page Web consacr\u00e9e aux politiques de l&#8217;organisation 24-7 Prayer, qui comprend notre politique de confidentialit\u00e9, notre politique de d\u00e9nonciation, notre politique de protection et bien plus encore.<\/p>\n\n\n\n<div class=\"wp-block-buttons is-layout-flex wp-block-buttons-is-layout-flex\">\n<div class=\"wp-block-button\"><a class=\"wp-block-button__link wp-element-button\" href=\"https:\/\/www.24-7prayer.com\/24-7-prayer-policies\/\">Politiques g\u00e9n\u00e9rales<\/a><\/div>\n<\/div>\n\n\n\n<h3 class=\"wp-block-heading\">Droits d&#8217;auteur<\/h3>\n\n\n\n<p>La plupart de nos ressources sont libres d&#8217;utilisation sous r\u00e9serve des conditions de licence et de droits d&#8217;auteur.<\/p>\n\n\n\n<div class=\"wp-block-buttons is-layout-flex wp-block-buttons-is-layout-flex\">\n<div class=\"wp-block-button\"><a class=\"wp-block-button__link wp-element-button\" href=\"https:\/\/prayerspacesinschools.com\/copyright-policy\/\">Politique en mati\u00e8re de droits d&#8217;auteur<\/a><\/div>\n<\/div>\n\n\n\n<h3 class=\"wp-block-heading\">Politique en mati\u00e8re de photographie<\/h3>\n\n\n\n<p>Ce document pr\u00e9sente les meilleures pratiques \u00e0 suivre pour prendre des photos dans les lieux de pri\u00e8re, ainsi que les conditions importantes \u00e0 conna\u00eetre avant de soumettre ou d&#8217;utiliser des photos ou des images.<\/p>\n\n\n\n<div class=\"wp-block-buttons is-layout-flex wp-block-buttons-is-layout-flex\">\n<div class=\"wp-block-button\"><a class=\"wp-block-button__link wp-element-button\" href=\"https:\/\/prayerspacesinschools.com\/photography-policy\/\">Politique en mati\u00e8re de photographie<\/a><\/div>\n<\/div>\n\n\n\n<p>Si vous ne trouvez pas les informations que vous recherchez, n&#8217;h\u00e9sitez pas \u00e0 nous contacter.<\/p>\n\n\n\n<div class=\"wp-block-buttons is-layout-flex wp-block-buttons-is-layout-flex\">\n<div class=\"wp-block-button\"><a class=\"wp-block-button__link wp-element-button\" href=\"https:\/\/prayerspacesinschools.com\/fr\/contact-us\/\">Contactez-nous<\/a><\/div>\n<\/div>\n\n\n\n<p><\/p>\n","protected":false},"excerpt":{"rendered":"<p>G\u00e9n\u00e9ral Prayer Spaces in Schools fait partie de 24-7 Prayer International, une organisation caritative enregistr\u00e9e au Royaume-Uni. \u00c0 ce titre, nos politiques refl\u00e8tent la l\u00e9gislation en vigueur dans ce pays. Ce bouton vous m\u00e8nera \u00e0 la page Web consacr\u00e9e aux politiques de l&#8217;organisation 24-7 Prayer, qui comprend notre politique de confidentialit\u00e9, notre politique de d\u00e9nonciation, [&hellip;]<\/p>\n","protected":false},"author":1,"featured_media":0,"parent":0,"menu_order":0,"comment_status":"closed","ping_status":"open","template":"","meta":{"_acf_changed":false,"inline_featured_image":false,"footnotes":""},"class_list":["post-2036","page","type-page","status-publish","hentry"],"acf":[],"yoast_head":"<!-- This site is optimized with the Yoast SEO plugin v27.4 - https:\/\/yoast.com\/product\/yoast-seo-wordpress\/ -->\n<title>Prayer Spaces in Schools Politiques - Prayer Spaces in Schools International<\/title>\n<meta name=\"description\" content=\"Around the world prayer spaces are giving children and young people ways to reflect and explore prayer for themselves using simple activities.\" \/>\n<meta name=\"robots\" content=\"index, follow, max-snippet:-1, max-image-preview:large, max-video-preview:-1\" \/>\n<link rel=\"canonical\" href=\"http:\/\/prayerspacesinschools.com\/fr\/privacy-policy\/\" \/>\n<meta property=\"og:locale\" content=\"fr_FR\" \/>\n<meta property=\"og:type\" content=\"article\" \/>\n<meta property=\"og:title\" content=\"Prayer Spaces in Schools Politiques - Prayer Spaces in Schools International\" \/>\n<meta property=\"og:description\" content=\"Around the world prayer spaces are giving children and young people ways to reflect and explore prayer for themselves using simple activities.\" \/>\n<meta property=\"og:url\" content=\"http:\/\/prayerspacesinschools.com\/fr\/privacy-policy\/\" \/>\n<meta property=\"og:site_name\" content=\"Prayer Spaces in Schools International\" \/>\n<meta property=\"article:modified_time\" content=\"2025-09-04T08:33:40+00:00\" \/>\n<meta name=\"twitter:card\" content=\"summary_large_image\" \/>\n<meta name=\"twitter:label1\" content=\"Est. reading time\" \/>\n\t<meta name=\"twitter:data1\" content=\"1 minute\" \/>\n<script type=\"application\/ld+json\" class=\"yoast-schema-graph\">{\"@context\":\"https:\\\/\\\/schema.org\",\"@graph\":[{\"@type\":\"WebPage\",\"@id\":\"http:\\\/\\\/prayerspacesinschools.com\\\/fr\\\/privacy-policy\\\/\",\"url\":\"http:\\\/\\\/prayerspacesinschools.com\\\/fr\\\/privacy-policy\\\/\",\"name\":\"Prayer Spaces in Schools Politiques - Prayer Spaces in Schools International\",\"isPartOf\":{\"@id\":\"https:\\\/\\\/prayerspacesinschools.com\\\/#website\"},\"datePublished\":\"2025-05-07T14:49:12+00:00\",\"dateModified\":\"2025-09-04T08:33:40+00:00\",\"description\":\"Around the world prayer spaces are giving children and young people ways to reflect and explore prayer for themselves using simple activities.\",\"breadcrumb\":{\"@id\":\"http:\\\/\\\/prayerspacesinschools.com\\\/fr\\\/privacy-policy\\\/#breadcrumb\"},\"inLanguage\":\"fr-FR\",\"potentialAction\":[{\"@type\":\"ReadAction\",\"target\":[\"http:\\\/\\\/prayerspacesinschools.com\\\/fr\\\/privacy-policy\\\/\"]}]},{\"@type\":\"BreadcrumbList\",\"@id\":\"http:\\\/\\\/prayerspacesinschools.com\\\/fr\\\/privacy-policy\\\/#breadcrumb\",\"itemListElement\":[{\"@type\":\"ListItem\",\"position\":1,\"name\":\"Home\",\"item\":\"http:\\\/\\\/prayerspacesinschools.com\\\/fr\\\/\"},{\"@type\":\"ListItem\",\"position\":2,\"name\":\"Prayer Spaces in Schools Politiques\"}]},{\"@type\":\"WebSite\",\"@id\":\"https:\\\/\\\/prayerspacesinschools.com\\\/#website\",\"url\":\"https:\\\/\\\/prayerspacesinschools.com\\\/\",\"name\":\"Prayer Spaces in Schools\",\"description\":\"Creating space in schools where pupils can pause to reflect or pray\",\"publisher\":{\"@id\":\"https:\\\/\\\/prayerspacesinschools.com\\\/#organization\"},\"potentialAction\":[{\"@type\":\"SearchAction\",\"target\":{\"@type\":\"EntryPoint\",\"urlTemplate\":\"https:\\\/\\\/prayerspacesinschools.com\\\/?s={search_term_string}\"},\"query-input\":{\"@type\":\"PropertyValueSpecification\",\"valueRequired\":true,\"valueName\":\"search_term_string\"}}],\"inLanguage\":\"fr-FR\"},{\"@type\":\"Organization\",\"@id\":\"https:\\\/\\\/prayerspacesinschools.com\\\/#organization\",\"name\":\"Prayer Spaces in Schools\",\"url\":\"https:\\\/\\\/prayerspacesinschools.com\\\/\",\"logo\":{\"@type\":\"ImageObject\",\"inLanguage\":\"fr-FR\",\"@id\":\"https:\\\/\\\/prayerspacesinschools.com\\\/#\\\/schema\\\/logo\\\/image\\\/\",\"url\":\"http:\\\/\\\/prayerspacesinschools.com\\\/wp-content\\\/uploads\\\/2025\\\/07\\\/logo.svg\",\"contentUrl\":\"http:\\\/\\\/prayerspacesinschools.com\\\/wp-content\\\/uploads\\\/2025\\\/07\\\/logo.svg\",\"width\":125,\"height\":93,\"caption\":\"Prayer Spaces in Schools\"},\"image\":{\"@id\":\"https:\\\/\\\/prayerspacesinschools.com\\\/#\\\/schema\\\/logo\\\/image\\\/\"}}]}<\/script>\n<!-- \/ Yoast SEO plugin. -->","yoast_head_json":{"title":"Prayer Spaces in Schools Politiques - Prayer Spaces in Schools International","description":"Around the world prayer spaces are giving children and young people ways to reflect and explore prayer for themselves using simple activities.","robots":{"index":"index","follow":"follow","max-snippet":"max-snippet:-1","max-image-preview":"max-image-preview:large","max-video-preview":"max-video-preview:-1"},"canonical":"http:\/\/prayerspacesinschools.com\/fr\/privacy-policy\/","og_locale":"fr_FR","og_type":"article","og_title":"Prayer Spaces in Schools Politiques - Prayer Spaces in Schools International","og_description":"Around the world prayer spaces are giving children and young people ways to reflect and explore prayer for themselves using simple activities.","og_url":"http:\/\/prayerspacesinschools.com\/fr\/privacy-policy\/","og_site_name":"Prayer Spaces in Schools International","article_modified_time":"2025-09-04T08:33:40+00:00","twitter_card":"summary_large_image","twitter_misc":{"Est. reading time":"1 minute"},"schema":{"@context":"https:\/\/schema.org","@graph":[{"@type":"WebPage","@id":"http:\/\/prayerspacesinschools.com\/fr\/privacy-policy\/","url":"http:\/\/prayerspacesinschools.com\/fr\/privacy-policy\/","name":"Prayer Spaces in Schools Politiques - Prayer Spaces in Schools International","isPartOf":{"@id":"https:\/\/prayerspacesinschools.com\/#website"},"datePublished":"2025-05-07T14:49:12+00:00","dateModified":"2025-09-04T08:33:40+00:00","description":"Around the world prayer spaces are giving children and young people ways to reflect and explore prayer for themselves using simple activities.","breadcrumb":{"@id":"http:\/\/prayerspacesinschools.com\/fr\/privacy-policy\/#breadcrumb"},"inLanguage":"fr-FR","potentialAction":[{"@type":"ReadAction","target":["http:\/\/prayerspacesinschools.com\/fr\/privacy-policy\/"]}]},{"@type":"BreadcrumbList","@id":"http:\/\/prayerspacesinschools.com\/fr\/privacy-policy\/#breadcrumb","itemListElement":[{"@type":"ListItem","position":1,"name":"Home","item":"http:\/\/prayerspacesinschools.com\/fr\/"},{"@type":"ListItem","position":2,"name":"Prayer Spaces in Schools Politiques"}]},{"@type":"WebSite","@id":"https:\/\/prayerspacesinschools.com\/#website","url":"https:\/\/prayerspacesinschools.com\/","name":"Prayer Spaces in Schools","description":"Creating space in schools where pupils can pause to reflect or pray","publisher":{"@id":"https:\/\/prayerspacesinschools.com\/#organization"},"potentialAction":[{"@type":"SearchAction","target":{"@type":"EntryPoint","urlTemplate":"https:\/\/prayerspacesinschools.com\/?s={search_term_string}"},"query-input":{"@type":"PropertyValueSpecification","valueRequired":true,"valueName":"search_term_string"}}],"inLanguage":"fr-FR"},{"@type":"Organization","@id":"https:\/\/prayerspacesinschools.com\/#organization","name":"Prayer Spaces in Schools","url":"https:\/\/prayerspacesinschools.com\/","logo":{"@type":"ImageObject","inLanguage":"fr-FR","@id":"https:\/\/prayerspacesinschools.com\/#\/schema\/logo\/image\/","url":"http:\/\/prayerspacesinschools.com\/wp-content\/uploads\/2025\/07\/logo.svg","contentUrl":"http:\/\/prayerspacesinschools.com\/wp-content\/uploads\/2025\/07\/logo.svg","width":125,"height":93,"caption":"Prayer Spaces in Schools"},"image":{"@id":"https:\/\/prayerspacesinschools.com\/#\/schema\/logo\/image\/"}}]}},"_links":{"self":[{"href":"https:\/\/prayerspacesinschools.com\/fr\/wp-json\/wp\/v2\/pages\/2036","targetHints":{"allow":["GET"]}}],"collection":[{"href":"https:\/\/prayerspacesinschools.com\/fr\/wp-json\/wp\/v2\/pages"}],"about":[{"href":"https:\/\/prayerspacesinschools.com\/fr\/wp-json\/wp\/v2\/types\/page"}],"author":[{"embeddable":true,"href":"https:\/\/prayerspacesinschools.com\/fr\/wp-json\/wp\/v2\/users\/1"}],"replies":[{"embeddable":true,"href":"https:\/\/prayerspacesinschools.com\/fr\/wp-json\/wp\/v2\/comments?post=2036"}],"version-history":[{"count":1,"href":"https:\/\/prayerspacesinschools.com\/fr\/wp-json\/wp\/v2\/pages\/2036\/revisions"}],"predecessor-version":[{"id":2038,"href":"https:\/\/prayerspacesinschools.com\/fr\/wp-json\/wp\/v2\/pages\/2036\/revisions\/2038"}],"wp:attachment":[{"href":"https:\/\/prayerspacesinschools.com\/fr\/wp-json\/wp\/v2\/media?parent=2036"}],"curies":[{"name":"wp","href":"https:\/\/api.w.org\/{rel}","templated":true}]}}