{"id":1838,"date":"2025-06-11T09:18:38","date_gmt":"2025-06-11T08:18:38","guid":{"rendered":"https:\/\/prayerspacesinschools.com\/example-prayer-activities\/response-styles\/"},"modified":"2025-10-19T16:07:25","modified_gmt":"2025-10-19T15:07:25","slug":"response-styles","status":"publish","type":"page","link":"https:\/\/prayerspacesinschools.com\/fr\/example-prayer-activities\/response-styles\/","title":{"rendered":"Styles de r\u00e9ponse"},"content":{"rendered":"\n<p><strong>Toutes les r\u00e9ponses ne doivent pas n\u00e9cessairement \u00eatre \u00e9crites, il est donc important de proposer diff\u00e9rents styles qui permettent aux \u00e9l\u00e8ves de s&#8217;exprimer de diff\u00e9rentes mani\u00e8res.<\/strong><\/p>\n\n\n\n<div style=\"height:40px\" aria-hidden=\"true\" class=\"wp-block-spacer\"><\/div>\n\n\n\n<div class=\"wp-block-group is-nowrap is-layout-flex wp-container-core-group-is-layout-ad2f72ca wp-block-group-is-layout-flex\">\n<figure class=\"wp-block-image size-large is-resized\"><img decoding=\"async\" src=\"http:\/\/prayerspacesinschools.com\/wp-content\/uploads\/2025\/06\/write-draw-1.svg\" alt=\"\" class=\"wp-image-264\" style=\"width:65px\"\/><\/figure>\n\n\n\n<div class=\"wp-block-group\"><div class=\"wp-block-group__inner-container is-layout-constrained wp-block-group-is-layout-constrained\">\n<h4 class=\"wp-block-heading\"><strong>\u00c9crire ou dessiner<\/strong><\/h4>\n\n\n\n<p>L&#8217;\u00e9criture peut \u00eatre un moyen puissant d&#8217;exprimer ses pens\u00e9es, ses \u00e9motions ou ses pri\u00e8res, m\u00eame si certains \u00e9l\u00e8ves pr\u00e9f\u00e8rent le dessin comme forme de r\u00e9flexion.<\/p>\n<\/div><\/div>\n<\/div>\n\n\n\n<div style=\"height:40px\" aria-hidden=\"true\" class=\"wp-block-spacer\"><\/div>\n\n\n\n<div class=\"wp-block-group is-nowrap is-layout-flex wp-container-core-group-is-layout-ad2f72ca wp-block-group-is-layout-flex\">\n<figure class=\"wp-block-image size-large is-resized\"><img decoding=\"async\" src=\"http:\/\/prayerspacesinschools.com\/wp-content\/uploads\/2025\/06\/action-1.svg\" alt=\"\" class=\"wp-image-267\" style=\"width:65px\"\/><\/figure>\n\n\n\n<div class=\"wp-block-group\"><div class=\"wp-block-group__inner-container is-layout-constrained wp-block-group-is-layout-constrained\">\n<h4 class=\"wp-block-heading\"><strong>Bas\u00e9 sur l&#8217;action<\/strong><\/h4>\n\n\n\n<p>Des activit\u00e9s simples et concr\u00e8tes, comme tenir une pierre, modeler de la p\u00e2te \u00e0 modeler ou d\u00e9chirer du papier, peuvent aider les \u00e9l\u00e8ves \u00e0 exprimer des \u00e9motions ou des id\u00e9es profondes de mani\u00e8re tangible.<\/p>\n<\/div><\/div>\n<\/div>\n\n\n\n<div style=\"height:40px\" aria-hidden=\"true\" class=\"wp-block-spacer\"><\/div>\n\n\n\n<div class=\"wp-block-group is-nowrap is-layout-flex wp-container-core-group-is-layout-ad2f72ca wp-block-group-is-layout-flex\">\n<figure class=\"wp-block-image size-large is-resized\"><img decoding=\"async\" src=\"http:\/\/prayerspacesinschools.com\/wp-content\/uploads\/2025\/06\/contemplative-1.svg\" alt=\"\" class=\"wp-image-270\" style=\"width:65px\"\/><\/figure>\n\n\n\n<div class=\"wp-block-group\"><div class=\"wp-block-group__inner-container is-layout-constrained wp-block-group-is-layout-constrained\">\n<h4 class=\"wp-block-heading\"><strong>Contemplation<\/strong><\/h4>\n\n\n\n<p>Offrir un espace propice \u00e0 la r\u00e9flexion silencieuse ou au calme est souvent \u00e9tonnamment populaire et tr\u00e8s appr\u00e9ci\u00e9 des \u00e9l\u00e8ves.<\/p>\n<\/div><\/div>\n<\/div>\n\n\n\n<div style=\"height:40px\" aria-hidden=\"true\" class=\"wp-block-spacer\"><\/div>\n\n\n\n<div class=\"wp-block-buttons is-layout-flex wp-block-buttons-is-layout-flex\">\n<div class=\"wp-block-button\"><a class=\"wp-block-button__link wp-element-button\" href=\"http:\/\/prayerspacesinschools.com\/prayer-activities\/\">Voir les ressources<\/a><\/div>\n<\/div>\n","protected":false},"excerpt":{"rendered":"<p>Toutes les r\u00e9ponses ne doivent pas n\u00e9cessairement \u00eatre \u00e9crites, il est donc important de proposer diff\u00e9rents styles qui permettent aux \u00e9l\u00e8ves de s&#8217;exprimer de diff\u00e9rentes mani\u00e8res. \u00c9crire ou dessiner L&#8217;\u00e9criture peut \u00eatre un moyen puissant d&#8217;exprimer ses pens\u00e9es, ses \u00e9motions ou ses pri\u00e8res, m\u00eame si certains \u00e9l\u00e8ves pr\u00e9f\u00e8rent le dessin comme forme de r\u00e9flexion. Bas\u00e9 [&hellip;]<\/p>\n","protected":false},"author":1,"featured_media":0,"parent":1834,"menu_order":0,"comment_status":"closed","ping_status":"closed","template":"","meta":{"_acf_changed":false,"inline_featured_image":false,"footnotes":""},"class_list":["post-1838","page","type-page","status-publish","hentry"],"acf":[],"yoast_head":"<!-- This site is optimized with the Yoast SEO plugin v27.4 - https:\/\/yoast.com\/product\/yoast-seo-wordpress\/ -->\n<title>Styles de r\u00e9ponse - Prayer Spaces in Schools International<\/title>\n<meta name=\"description\" content=\"Not every response needs to be written, so it\u2019s important to offer a variety of styles that engage pupils in different ways.\" \/>\n<meta name=\"robots\" content=\"index, follow, max-snippet:-1, max-image-preview:large, max-video-preview:-1\" \/>\n<link rel=\"canonical\" href=\"http:\/\/prayerspacesinschools.com\/fr\/example-prayer-activities\/response-styles\/\" \/>\n<meta property=\"og:locale\" content=\"fr_FR\" \/>\n<meta property=\"og:type\" content=\"article\" \/>\n<meta property=\"og:title\" content=\"Styles de r\u00e9ponse - Prayer Spaces in Schools International\" \/>\n<meta property=\"og:description\" content=\"Not every response needs to be written, so it\u2019s important to offer a variety of styles that engage pupils in different ways.\" \/>\n<meta property=\"og:url\" content=\"http:\/\/prayerspacesinschools.com\/fr\/example-prayer-activities\/response-styles\/\" \/>\n<meta property=\"og:site_name\" content=\"Prayer Spaces in Schools International\" \/>\n<meta property=\"article:modified_time\" content=\"2025-10-19T15:07:25+00:00\" \/>\n<meta property=\"og:image\" content=\"http:\/\/prayerspacesinschools.com\/wp-content\/uploads\/2025\/06\/write-draw-1.svg\" \/>\n<meta name=\"twitter:card\" content=\"summary_large_image\" \/>\n<meta name=\"twitter:label1\" content=\"Est. reading time\" \/>\n\t<meta name=\"twitter:data1\" content=\"2 minutes\" \/>\n<script type=\"application\/ld+json\" class=\"yoast-schema-graph\">{\"@context\":\"https:\\\/\\\/schema.org\",\"@graph\":[{\"@type\":\"WebPage\",\"@id\":\"http:\\\/\\\/prayerspacesinschools.com\\\/fr\\\/example-prayer-activities\\\/response-styles\\\/\",\"url\":\"http:\\\/\\\/prayerspacesinschools.com\\\/fr\\\/example-prayer-activities\\\/response-styles\\\/\",\"name\":\"Styles de r\u00e9ponse - Prayer Spaces in Schools International\",\"isPartOf\":{\"@id\":\"https:\\\/\\\/prayerspacesinschools.com\\\/#website\"},\"primaryImageOfPage\":{\"@id\":\"http:\\\/\\\/prayerspacesinschools.com\\\/fr\\\/example-prayer-activities\\\/response-styles\\\/#primaryimage\"},\"image\":{\"@id\":\"http:\\\/\\\/prayerspacesinschools.com\\\/fr\\\/example-prayer-activities\\\/response-styles\\\/#primaryimage\"},\"thumbnailUrl\":\"http:\\\/\\\/prayerspacesinschools.com\\\/wp-content\\\/uploads\\\/2025\\\/06\\\/write-draw-1.svg\",\"datePublished\":\"2025-06-11T08:18:38+00:00\",\"dateModified\":\"2025-10-19T15:07:25+00:00\",\"description\":\"Not every response needs to be written, so it\u2019s important to offer a variety of styles that engage pupils in different ways.\",\"breadcrumb\":{\"@id\":\"http:\\\/\\\/prayerspacesinschools.com\\\/fr\\\/example-prayer-activities\\\/response-styles\\\/#breadcrumb\"},\"inLanguage\":\"fr-FR\",\"potentialAction\":[{\"@type\":\"ReadAction\",\"target\":[\"http:\\\/\\\/prayerspacesinschools.com\\\/fr\\\/example-prayer-activities\\\/response-styles\\\/\"]}]},{\"@type\":\"ImageObject\",\"inLanguage\":\"fr-FR\",\"@id\":\"http:\\\/\\\/prayerspacesinschools.com\\\/fr\\\/example-prayer-activities\\\/response-styles\\\/#primaryimage\",\"url\":\"http:\\\/\\\/prayerspacesinschools.com\\\/wp-content\\\/uploads\\\/2025\\\/06\\\/write-draw-1.svg\",\"contentUrl\":\"http:\\\/\\\/prayerspacesinschools.com\\\/wp-content\\\/uploads\\\/2025\\\/06\\\/write-draw-1.svg\"},{\"@type\":\"BreadcrumbList\",\"@id\":\"http:\\\/\\\/prayerspacesinschools.com\\\/fr\\\/example-prayer-activities\\\/response-styles\\\/#breadcrumb\",\"itemListElement\":[{\"@type\":\"ListItem\",\"position\":1,\"name\":\"Home\",\"item\":\"http:\\\/\\\/prayerspacesinschools.com\\\/fr\\\/\"},{\"@type\":\"ListItem\",\"position\":2,\"name\":\"Activit\u00e9s de pri\u00e8re\",\"item\":\"https:\\\/\\\/prayerspacesinschools.com\\\/fr\\\/example-prayer-activities\\\/\"},{\"@type\":\"ListItem\",\"position\":3,\"name\":\"Styles de r\u00e9ponse\"}]},{\"@type\":\"WebSite\",\"@id\":\"https:\\\/\\\/prayerspacesinschools.com\\\/#website\",\"url\":\"https:\\\/\\\/prayerspacesinschools.com\\\/\",\"name\":\"Prayer Spaces in Schools\",\"description\":\"Creating space in schools where pupils can pause to reflect or pray\",\"publisher\":{\"@id\":\"https:\\\/\\\/prayerspacesinschools.com\\\/#organization\"},\"potentialAction\":[{\"@type\":\"SearchAction\",\"target\":{\"@type\":\"EntryPoint\",\"urlTemplate\":\"https:\\\/\\\/prayerspacesinschools.com\\\/?s={search_term_string}\"},\"query-input\":{\"@type\":\"PropertyValueSpecification\",\"valueRequired\":true,\"valueName\":\"search_term_string\"}}],\"inLanguage\":\"fr-FR\"},{\"@type\":\"Organization\",\"@id\":\"https:\\\/\\\/prayerspacesinschools.com\\\/#organization\",\"name\":\"Prayer Spaces in Schools\",\"url\":\"https:\\\/\\\/prayerspacesinschools.com\\\/\",\"logo\":{\"@type\":\"ImageObject\",\"inLanguage\":\"fr-FR\",\"@id\":\"https:\\\/\\\/prayerspacesinschools.com\\\/#\\\/schema\\\/logo\\\/image\\\/\",\"url\":\"http:\\\/\\\/prayerspacesinschools.com\\\/wp-content\\\/uploads\\\/2025\\\/07\\\/logo.svg\",\"contentUrl\":\"http:\\\/\\\/prayerspacesinschools.com\\\/wp-content\\\/uploads\\\/2025\\\/07\\\/logo.svg\",\"width\":125,\"height\":93,\"caption\":\"Prayer Spaces in Schools\"},\"image\":{\"@id\":\"https:\\\/\\\/prayerspacesinschools.com\\\/#\\\/schema\\\/logo\\\/image\\\/\"}}]}<\/script>\n<!-- \/ Yoast SEO plugin. -->","yoast_head_json":{"title":"Styles de r\u00e9ponse - Prayer Spaces in Schools International","description":"Not every response needs to be written, so it\u2019s important to offer a variety of styles that engage pupils in different ways.","robots":{"index":"index","follow":"follow","max-snippet":"max-snippet:-1","max-image-preview":"max-image-preview:large","max-video-preview":"max-video-preview:-1"},"canonical":"http:\/\/prayerspacesinschools.com\/fr\/example-prayer-activities\/response-styles\/","og_locale":"fr_FR","og_type":"article","og_title":"Styles de r\u00e9ponse - Prayer Spaces in Schools International","og_description":"Not every response needs to be written, so it\u2019s important to offer a variety of styles that engage pupils in different ways.","og_url":"http:\/\/prayerspacesinschools.com\/fr\/example-prayer-activities\/response-styles\/","og_site_name":"Prayer Spaces in Schools International","article_modified_time":"2025-10-19T15:07:25+00:00","og_image":[{"url":"http:\/\/prayerspacesinschools.com\/wp-content\/uploads\/2025\/06\/write-draw-1.svg","type":"","width":"","height":""}],"twitter_card":"summary_large_image","twitter_misc":{"Est. reading time":"2 minutes"},"schema":{"@context":"https:\/\/schema.org","@graph":[{"@type":"WebPage","@id":"http:\/\/prayerspacesinschools.com\/fr\/example-prayer-activities\/response-styles\/","url":"http:\/\/prayerspacesinschools.com\/fr\/example-prayer-activities\/response-styles\/","name":"Styles de r\u00e9ponse - Prayer Spaces in Schools International","isPartOf":{"@id":"https:\/\/prayerspacesinschools.com\/#website"},"primaryImageOfPage":{"@id":"http:\/\/prayerspacesinschools.com\/fr\/example-prayer-activities\/response-styles\/#primaryimage"},"image":{"@id":"http:\/\/prayerspacesinschools.com\/fr\/example-prayer-activities\/response-styles\/#primaryimage"},"thumbnailUrl":"http:\/\/prayerspacesinschools.com\/wp-content\/uploads\/2025\/06\/write-draw-1.svg","datePublished":"2025-06-11T08:18:38+00:00","dateModified":"2025-10-19T15:07:25+00:00","description":"Not every response needs to be written, so it\u2019s important to offer a variety of styles that engage pupils in different ways.","breadcrumb":{"@id":"http:\/\/prayerspacesinschools.com\/fr\/example-prayer-activities\/response-styles\/#breadcrumb"},"inLanguage":"fr-FR","potentialAction":[{"@type":"ReadAction","target":["http:\/\/prayerspacesinschools.com\/fr\/example-prayer-activities\/response-styles\/"]}]},{"@type":"ImageObject","inLanguage":"fr-FR","@id":"http:\/\/prayerspacesinschools.com\/fr\/example-prayer-activities\/response-styles\/#primaryimage","url":"http:\/\/prayerspacesinschools.com\/wp-content\/uploads\/2025\/06\/write-draw-1.svg","contentUrl":"http:\/\/prayerspacesinschools.com\/wp-content\/uploads\/2025\/06\/write-draw-1.svg"},{"@type":"BreadcrumbList","@id":"http:\/\/prayerspacesinschools.com\/fr\/example-prayer-activities\/response-styles\/#breadcrumb","itemListElement":[{"@type":"ListItem","position":1,"name":"Home","item":"http:\/\/prayerspacesinschools.com\/fr\/"},{"@type":"ListItem","position":2,"name":"Activit\u00e9s de pri\u00e8re","item":"https:\/\/prayerspacesinschools.com\/fr\/example-prayer-activities\/"},{"@type":"ListItem","position":3,"name":"Styles de r\u00e9ponse"}]},{"@type":"WebSite","@id":"https:\/\/prayerspacesinschools.com\/#website","url":"https:\/\/prayerspacesinschools.com\/","name":"Prayer Spaces in Schools","description":"Creating space in schools where pupils can pause to reflect or pray","publisher":{"@id":"https:\/\/prayerspacesinschools.com\/#organization"},"potentialAction":[{"@type":"SearchAction","target":{"@type":"EntryPoint","urlTemplate":"https:\/\/prayerspacesinschools.com\/?s={search_term_string}"},"query-input":{"@type":"PropertyValueSpecification","valueRequired":true,"valueName":"search_term_string"}}],"inLanguage":"fr-FR"},{"@type":"Organization","@id":"https:\/\/prayerspacesinschools.com\/#organization","name":"Prayer Spaces in Schools","url":"https:\/\/prayerspacesinschools.com\/","logo":{"@type":"ImageObject","inLanguage":"fr-FR","@id":"https:\/\/prayerspacesinschools.com\/#\/schema\/logo\/image\/","url":"http:\/\/prayerspacesinschools.com\/wp-content\/uploads\/2025\/07\/logo.svg","contentUrl":"http:\/\/prayerspacesinschools.com\/wp-content\/uploads\/2025\/07\/logo.svg","width":125,"height":93,"caption":"Prayer Spaces in Schools"},"image":{"@id":"https:\/\/prayerspacesinschools.com\/#\/schema\/logo\/image\/"}}]}},"_links":{"self":[{"href":"https:\/\/prayerspacesinschools.com\/fr\/wp-json\/wp\/v2\/pages\/1838","targetHints":{"allow":["GET"]}}],"collection":[{"href":"https:\/\/prayerspacesinschools.com\/fr\/wp-json\/wp\/v2\/pages"}],"about":[{"href":"https:\/\/prayerspacesinschools.com\/fr\/wp-json\/wp\/v2\/types\/page"}],"author":[{"embeddable":true,"href":"https:\/\/prayerspacesinschools.com\/fr\/wp-json\/wp\/v2\/users\/1"}],"replies":[{"embeddable":true,"href":"https:\/\/prayerspacesinschools.com\/fr\/wp-json\/wp\/v2\/comments?post=1838"}],"version-history":[{"count":5,"href":"https:\/\/prayerspacesinschools.com\/fr\/wp-json\/wp\/v2\/pages\/1838\/revisions"}],"predecessor-version":[{"id":2132,"href":"https:\/\/prayerspacesinschools.com\/fr\/wp-json\/wp\/v2\/pages\/1838\/revisions\/2132"}],"up":[{"embeddable":true,"href":"https:\/\/prayerspacesinschools.com\/fr\/wp-json\/wp\/v2\/pages\/1834"}],"wp:attachment":[{"href":"https:\/\/prayerspacesinschools.com\/fr\/wp-json\/wp\/v2\/media?parent=1838"}],"curies":[{"name":"wp","href":"https:\/\/api.w.org\/{rel}","templated":true}]}}