{"id":1834,"date":"2025-05-08T10:44:51","date_gmt":"2025-05-08T09:44:51","guid":{"rendered":"https:\/\/prayerspacesinschools.com\/example-prayer-activities\/"},"modified":"2025-10-19T16:00:41","modified_gmt":"2025-10-19T15:00:41","slug":"example-prayer-activities","status":"publish","type":"page","link":"https:\/\/prayerspacesinschools.com\/fr\/example-prayer-activities\/","title":{"rendered":"Activit\u00e9s de pri\u00e8re"},"content":{"rendered":"\n<p class=\"has-text-align-center\">Voici neuf exemples d&#8217;activit\u00e9s de pri\u00e8re avec des instructions t\u00e9l\u00e9chargeables. Nos \u00e9quipes nationales en ont beaucoup d&#8217;autres, y compris d&#8217;autres ressources telles que des plans de cours et des guides de formation pour vous aider \u00e0 animer un espace de pri\u00e8re.<\/p>\n","protected":false},"excerpt":{"rendered":"<p>Voici neuf exemples d&#8217;activit\u00e9s de pri\u00e8re avec des instructions t\u00e9l\u00e9chargeables. Nos \u00e9quipes nationales en ont beaucoup d&#8217;autres, y compris d&#8217;autres ressources telles que des plans de cours et des guides de formation pour vous aider \u00e0 animer un espace de pri\u00e8re.<\/p>\n","protected":false},"author":1,"featured_media":0,"parent":0,"menu_order":0,"comment_status":"closed","ping_status":"closed","template":"page-templates\/prayer-activities.php","meta":{"_acf_changed":false,"inline_featured_image":false,"footnotes":""},"class_list":["post-1834","page","type-page","status-publish","hentry"],"acf":[],"yoast_head":"<!-- This site is optimized with the Yoast SEO plugin v27.4 - https:\/\/yoast.com\/product\/yoast-seo-wordpress\/ -->\n<title>Activit\u00e9s de pri\u00e8re - Prayer Spaces in Schools International<\/title>\n<meta name=\"description\" content=\"Here are nine examples of prayer activities with downloadable instructions. Our national teams have many more, including other resources...\" \/>\n<meta name=\"robots\" content=\"index, follow, max-snippet:-1, max-image-preview:large, max-video-preview:-1\" \/>\n<link rel=\"canonical\" href=\"https:\/\/prayerspacesinschools.com\/fr\/example-prayer-activities\/\" \/>\n<meta property=\"og:locale\" content=\"fr_FR\" \/>\n<meta property=\"og:type\" content=\"article\" \/>\n<meta property=\"og:title\" content=\"Activit\u00e9s de pri\u00e8re - Prayer Spaces in Schools International\" \/>\n<meta property=\"og:description\" content=\"Here are nine examples of prayer activities with downloadable instructions. Our national teams have many more, including other resources...\" \/>\n<meta property=\"og:url\" content=\"https:\/\/prayerspacesinschools.com\/fr\/example-prayer-activities\/\" \/>\n<meta property=\"og:site_name\" content=\"Prayer Spaces in Schools International\" \/>\n<meta property=\"article:modified_time\" content=\"2025-10-19T15:00:41+00:00\" \/>\n<meta name=\"twitter:card\" content=\"summary_large_image\" \/>\n<meta name=\"twitter:label1\" content=\"Est. reading time\" \/>\n\t<meta name=\"twitter:data1\" content=\"1 minute\" \/>\n<script type=\"application\/ld+json\" class=\"yoast-schema-graph\">{\"@context\":\"https:\\\/\\\/schema.org\",\"@graph\":[{\"@type\":\"WebPage\",\"@id\":\"https:\\\/\\\/prayerspacesinschools.com\\\/fr\\\/example-prayer-activities\\\/\",\"url\":\"https:\\\/\\\/prayerspacesinschools.com\\\/fr\\\/example-prayer-activities\\\/\",\"name\":\"Activit\u00e9s de pri\u00e8re - Prayer Spaces in Schools International\",\"isPartOf\":{\"@id\":\"https:\\\/\\\/prayerspacesinschools.com\\\/#website\"},\"datePublished\":\"2025-05-08T09:44:51+00:00\",\"dateModified\":\"2025-10-19T15:00:41+00:00\",\"description\":\"Here are nine examples of prayer activities with downloadable instructions. Our national teams have many more, including other resources...\",\"breadcrumb\":{\"@id\":\"https:\\\/\\\/prayerspacesinschools.com\\\/fr\\\/example-prayer-activities\\\/#breadcrumb\"},\"inLanguage\":\"fr-FR\",\"potentialAction\":[{\"@type\":\"ReadAction\",\"target\":[\"https:\\\/\\\/prayerspacesinschools.com\\\/fr\\\/example-prayer-activities\\\/\"]}]},{\"@type\":\"BreadcrumbList\",\"@id\":\"https:\\\/\\\/prayerspacesinschools.com\\\/fr\\\/example-prayer-activities\\\/#breadcrumb\",\"itemListElement\":[{\"@type\":\"ListItem\",\"position\":1,\"name\":\"Home\",\"item\":\"http:\\\/\\\/prayerspacesinschools.com\\\/fr\\\/\"},{\"@type\":\"ListItem\",\"position\":2,\"name\":\"Activit\u00e9s de pri\u00e8re\"}]},{\"@type\":\"WebSite\",\"@id\":\"https:\\\/\\\/prayerspacesinschools.com\\\/#website\",\"url\":\"https:\\\/\\\/prayerspacesinschools.com\\\/\",\"name\":\"Prayer Spaces in Schools\",\"description\":\"Creating space in schools where pupils can pause to reflect or pray\",\"publisher\":{\"@id\":\"https:\\\/\\\/prayerspacesinschools.com\\\/#organization\"},\"potentialAction\":[{\"@type\":\"SearchAction\",\"target\":{\"@type\":\"EntryPoint\",\"urlTemplate\":\"https:\\\/\\\/prayerspacesinschools.com\\\/?s={search_term_string}\"},\"query-input\":{\"@type\":\"PropertyValueSpecification\",\"valueRequired\":true,\"valueName\":\"search_term_string\"}}],\"inLanguage\":\"fr-FR\"},{\"@type\":\"Organization\",\"@id\":\"https:\\\/\\\/prayerspacesinschools.com\\\/#organization\",\"name\":\"Prayer Spaces in Schools\",\"url\":\"https:\\\/\\\/prayerspacesinschools.com\\\/\",\"logo\":{\"@type\":\"ImageObject\",\"inLanguage\":\"fr-FR\",\"@id\":\"https:\\\/\\\/prayerspacesinschools.com\\\/#\\\/schema\\\/logo\\\/image\\\/\",\"url\":\"http:\\\/\\\/prayerspacesinschools.com\\\/wp-content\\\/uploads\\\/2025\\\/07\\\/logo.svg\",\"contentUrl\":\"http:\\\/\\\/prayerspacesinschools.com\\\/wp-content\\\/uploads\\\/2025\\\/07\\\/logo.svg\",\"width\":125,\"height\":93,\"caption\":\"Prayer Spaces in Schools\"},\"image\":{\"@id\":\"https:\\\/\\\/prayerspacesinschools.com\\\/#\\\/schema\\\/logo\\\/image\\\/\"}}]}<\/script>\n<!-- \/ Yoast SEO plugin. -->","yoast_head_json":{"title":"Activit\u00e9s de pri\u00e8re - Prayer Spaces in Schools International","description":"Here are nine examples of prayer activities with downloadable instructions. Our national teams have many more, including other resources...","robots":{"index":"index","follow":"follow","max-snippet":"max-snippet:-1","max-image-preview":"max-image-preview:large","max-video-preview":"max-video-preview:-1"},"canonical":"https:\/\/prayerspacesinschools.com\/fr\/example-prayer-activities\/","og_locale":"fr_FR","og_type":"article","og_title":"Activit\u00e9s de pri\u00e8re - Prayer Spaces in Schools International","og_description":"Here are nine examples of prayer activities with downloadable instructions. Our national teams have many more, including other resources...","og_url":"https:\/\/prayerspacesinschools.com\/fr\/example-prayer-activities\/","og_site_name":"Prayer Spaces in Schools International","article_modified_time":"2025-10-19T15:00:41+00:00","twitter_card":"summary_large_image","twitter_misc":{"Est. reading time":"1 minute"},"schema":{"@context":"https:\/\/schema.org","@graph":[{"@type":"WebPage","@id":"https:\/\/prayerspacesinschools.com\/fr\/example-prayer-activities\/","url":"https:\/\/prayerspacesinschools.com\/fr\/example-prayer-activities\/","name":"Activit\u00e9s de pri\u00e8re - Prayer Spaces in Schools International","isPartOf":{"@id":"https:\/\/prayerspacesinschools.com\/#website"},"datePublished":"2025-05-08T09:44:51+00:00","dateModified":"2025-10-19T15:00:41+00:00","description":"Here are nine examples of prayer activities with downloadable instructions. Our national teams have many more, including other resources...","breadcrumb":{"@id":"https:\/\/prayerspacesinschools.com\/fr\/example-prayer-activities\/#breadcrumb"},"inLanguage":"fr-FR","potentialAction":[{"@type":"ReadAction","target":["https:\/\/prayerspacesinschools.com\/fr\/example-prayer-activities\/"]}]},{"@type":"BreadcrumbList","@id":"https:\/\/prayerspacesinschools.com\/fr\/example-prayer-activities\/#breadcrumb","itemListElement":[{"@type":"ListItem","position":1,"name":"Home","item":"http:\/\/prayerspacesinschools.com\/fr\/"},{"@type":"ListItem","position":2,"name":"Activit\u00e9s de pri\u00e8re"}]},{"@type":"WebSite","@id":"https:\/\/prayerspacesinschools.com\/#website","url":"https:\/\/prayerspacesinschools.com\/","name":"Prayer Spaces in Schools","description":"Creating space in schools where pupils can pause to reflect or pray","publisher":{"@id":"https:\/\/prayerspacesinschools.com\/#organization"},"potentialAction":[{"@type":"SearchAction","target":{"@type":"EntryPoint","urlTemplate":"https:\/\/prayerspacesinschools.com\/?s={search_term_string}"},"query-input":{"@type":"PropertyValueSpecification","valueRequired":true,"valueName":"search_term_string"}}],"inLanguage":"fr-FR"},{"@type":"Organization","@id":"https:\/\/prayerspacesinschools.com\/#organization","name":"Prayer Spaces in Schools","url":"https:\/\/prayerspacesinschools.com\/","logo":{"@type":"ImageObject","inLanguage":"fr-FR","@id":"https:\/\/prayerspacesinschools.com\/#\/schema\/logo\/image\/","url":"http:\/\/prayerspacesinschools.com\/wp-content\/uploads\/2025\/07\/logo.svg","contentUrl":"http:\/\/prayerspacesinschools.com\/wp-content\/uploads\/2025\/07\/logo.svg","width":125,"height":93,"caption":"Prayer Spaces in Schools"},"image":{"@id":"https:\/\/prayerspacesinschools.com\/#\/schema\/logo\/image\/"}}]}},"_links":{"self":[{"href":"https:\/\/prayerspacesinschools.com\/fr\/wp-json\/wp\/v2\/pages\/1834","targetHints":{"allow":["GET"]}}],"collection":[{"href":"https:\/\/prayerspacesinschools.com\/fr\/wp-json\/wp\/v2\/pages"}],"about":[{"href":"https:\/\/prayerspacesinschools.com\/fr\/wp-json\/wp\/v2\/types\/page"}],"author":[{"embeddable":true,"href":"https:\/\/prayerspacesinschools.com\/fr\/wp-json\/wp\/v2\/users\/1"}],"replies":[{"embeddable":true,"href":"https:\/\/prayerspacesinschools.com\/fr\/wp-json\/wp\/v2\/comments?post=1834"}],"version-history":[{"count":3,"href":"https:\/\/prayerspacesinschools.com\/fr\/wp-json\/wp\/v2\/pages\/1834\/revisions"}],"predecessor-version":[{"id":2089,"href":"https:\/\/prayerspacesinschools.com\/fr\/wp-json\/wp\/v2\/pages\/1834\/revisions\/2089"}],"wp:attachment":[{"href":"https:\/\/prayerspacesinschools.com\/fr\/wp-json\/wp\/v2\/media?parent=1834"}],"curies":[{"name":"wp","href":"https:\/\/api.w.org\/{rel}","templated":true}]}}