{"id":1808,"date":"2025-05-08T10:43:50","date_gmt":"2025-05-08T09:43:50","guid":{"rendered":"https:\/\/prayerspacesinschools.com\/get-involved\/"},"modified":"2025-10-20T16:09:57","modified_gmt":"2025-10-20T15:09:57","slug":"get-involved","status":"publish","type":"page","link":"https:\/\/prayerspacesinschools.com\/fr\/get-involved\/","title":{"rendered":"Impliquez-vous l\u00e0 o\u00f9 vous \u00eates"},"content":{"rendered":"\n<h5 class=\"wp-block-heading\">Prayer Spaces in Schools est en train de devenir un mouvement mondial, \u00e0 mesure que des chr\u00e9tiens de diff\u00e9rents pays s&#8217;approprient et adaptent ce mod\u00e8le pour servir leurs communaut\u00e9s scolaires et leurs syst\u00e8mes \u00e9ducatifs.<\/h5>\n","protected":false},"excerpt":{"rendered":"<p>Prayer Spaces in Schools est en train de devenir un mouvement mondial, \u00e0 mesure que des chr\u00e9tiens de diff\u00e9rents pays s&#8217;approprient et adaptent ce mod\u00e8le pour servir leurs communaut\u00e9s scolaires et leurs syst\u00e8mes \u00e9ducatifs.<\/p>\n","protected":false},"author":1,"featured_media":899,"parent":0,"menu_order":0,"comment_status":"closed","ping_status":"closed","template":"page-templates\/nations.php","meta":{"_acf_changed":false,"inline_featured_image":false,"footnotes":""},"class_list":["post-1808","page","type-page","status-publish","has-post-thumbnail","hentry"],"acf":[],"yoast_head":"<!-- This site is optimized with the Yoast SEO plugin v25.5 - https:\/\/yoast.com\/wordpress\/plugins\/seo\/ -->\n<title>Impliquez-vous l\u00e0 o\u00f9 vous \u00eates - Prayer Spaces in Schools International<\/title>\n<meta name=\"description\" content=\"Prayer Spaces in Schools is becoming a global movement as Christians in different nations adopt and adapt the model to serve their school...\" \/>\n<meta name=\"robots\" content=\"index, follow, max-snippet:-1, max-image-preview:large, max-video-preview:-1\" \/>\n<link rel=\"canonical\" href=\"http:\/\/prayerspacesinschools.com\/fr\/get-involved\/\" \/>\n<meta property=\"og:locale\" content=\"fr_FR\" \/>\n<meta property=\"og:type\" content=\"article\" \/>\n<meta property=\"og:title\" content=\"Impliquez-vous l\u00e0 o\u00f9 vous \u00eates - Prayer Spaces in Schools International\" \/>\n<meta property=\"og:description\" content=\"Prayer Spaces in Schools is becoming a global movement as Christians in different nations adopt and adapt the model to serve their school...\" \/>\n<meta property=\"og:url\" content=\"http:\/\/prayerspacesinschools.com\/fr\/get-involved\/\" \/>\n<meta property=\"og:site_name\" content=\"Prayer Spaces in Schools International\" \/>\n<meta property=\"article:modified_time\" content=\"2025-10-20T15:09:57+00:00\" \/>\n<meta property=\"og:image\" content=\"http:\/\/prayerspacesinschools.com\/wp-content\/uploads\/2025\/07\/get-involved.jpg\" \/>\n\t<meta property=\"og:image:width\" content=\"2560\" \/>\n\t<meta property=\"og:image:height\" content=\"898\" \/>\n\t<meta property=\"og:image:type\" content=\"image\/jpeg\" \/>\n<meta name=\"twitter:card\" content=\"summary_large_image\" \/>\n<meta name=\"twitter:label1\" content=\"Est. reading time\" \/>\n\t<meta name=\"twitter:data1\" content=\"1 minute\" \/>\n<script type=\"application\/ld+json\" class=\"yoast-schema-graph\">{\"@context\":\"https:\/\/schema.org\",\"@graph\":[{\"@type\":\"WebPage\",\"@id\":\"http:\/\/prayerspacesinschools.com\/fr\/get-involved\/\",\"url\":\"http:\/\/prayerspacesinschools.com\/fr\/get-involved\/\",\"name\":\"Impliquez-vous l\u00e0 o\u00f9 vous \u00eates - Prayer Spaces in Schools International\",\"isPartOf\":{\"@id\":\"http:\/\/prayerspacesinschools.com\/#website\"},\"primaryImageOfPage\":{\"@id\":\"http:\/\/prayerspacesinschools.com\/fr\/get-involved\/#primaryimage\"},\"image\":{\"@id\":\"http:\/\/prayerspacesinschools.com\/fr\/get-involved\/#primaryimage\"},\"thumbnailUrl\":\"https:\/\/prayerspacesinschools.com\/wp-content\/uploads\/2025\/07\/get-involved.jpg\",\"datePublished\":\"2025-05-08T09:43:50+00:00\",\"dateModified\":\"2025-10-20T15:09:57+00:00\",\"description\":\"Prayer Spaces in Schools is becoming a global movement as Christians in different nations adopt and adapt the model to serve their school...\",\"breadcrumb\":{\"@id\":\"http:\/\/prayerspacesinschools.com\/fr\/get-involved\/#breadcrumb\"},\"inLanguage\":\"fr-FR\",\"potentialAction\":[{\"@type\":\"ReadAction\",\"target\":[\"http:\/\/prayerspacesinschools.com\/fr\/get-involved\/\"]}]},{\"@type\":\"ImageObject\",\"inLanguage\":\"fr-FR\",\"@id\":\"http:\/\/prayerspacesinschools.com\/fr\/get-involved\/#primaryimage\",\"url\":\"https:\/\/prayerspacesinschools.com\/wp-content\/uploads\/2025\/07\/get-involved.jpg\",\"contentUrl\":\"https:\/\/prayerspacesinschools.com\/wp-content\/uploads\/2025\/07\/get-involved.jpg\",\"width\":2560,\"height\":898},{\"@type\":\"BreadcrumbList\",\"@id\":\"http:\/\/prayerspacesinschools.com\/fr\/get-involved\/#breadcrumb\",\"itemListElement\":[{\"@type\":\"ListItem\",\"position\":1,\"name\":\"Home\",\"item\":\"https:\/\/prayerspacesinschools.com\/fr\/\"},{\"@type\":\"ListItem\",\"position\":2,\"name\":\"Impliquez-vous l\u00e0 o\u00f9 vous \u00eates\"}]},{\"@type\":\"WebSite\",\"@id\":\"http:\/\/prayerspacesinschools.com\/#website\",\"url\":\"http:\/\/prayerspacesinschools.com\/\",\"name\":\"Prayer Spaces in Schools\",\"description\":\"Creating space in schools where pupils can pause to reflect or pray\",\"publisher\":{\"@id\":\"http:\/\/prayerspacesinschools.com\/#organization\"},\"potentialAction\":[{\"@type\":\"SearchAction\",\"target\":{\"@type\":\"EntryPoint\",\"urlTemplate\":\"http:\/\/prayerspacesinschools.com\/?s={search_term_string}\"},\"query-input\":{\"@type\":\"PropertyValueSpecification\",\"valueRequired\":true,\"valueName\":\"search_term_string\"}}],\"inLanguage\":\"fr-FR\"},{\"@type\":\"Organization\",\"@id\":\"http:\/\/prayerspacesinschools.com\/#organization\",\"name\":\"Prayer Spaces in Schools\",\"url\":\"http:\/\/prayerspacesinschools.com\/\",\"logo\":{\"@type\":\"ImageObject\",\"inLanguage\":\"fr-FR\",\"@id\":\"http:\/\/prayerspacesinschools.com\/#\/schema\/logo\/image\/\",\"url\":\"http:\/\/prayerspacesinschools.com\/wp-content\/uploads\/2025\/07\/logo.svg\",\"contentUrl\":\"http:\/\/prayerspacesinschools.com\/wp-content\/uploads\/2025\/07\/logo.svg\",\"width\":125,\"height\":93,\"caption\":\"Prayer Spaces in Schools\"},\"image\":{\"@id\":\"http:\/\/prayerspacesinschools.com\/#\/schema\/logo\/image\/\"}}]}<\/script>\n<!-- \/ Yoast SEO plugin. -->","yoast_head_json":{"title":"Impliquez-vous l\u00e0 o\u00f9 vous \u00eates - Prayer Spaces in Schools International","description":"Prayer Spaces in Schools is becoming a global movement as Christians in different nations adopt and adapt the model to serve their school...","robots":{"index":"index","follow":"follow","max-snippet":"max-snippet:-1","max-image-preview":"max-image-preview:large","max-video-preview":"max-video-preview:-1"},"canonical":"http:\/\/prayerspacesinschools.com\/fr\/get-involved\/","og_locale":"fr_FR","og_type":"article","og_title":"Impliquez-vous l\u00e0 o\u00f9 vous \u00eates - Prayer Spaces in Schools International","og_description":"Prayer Spaces in Schools is becoming a global movement as Christians in different nations adopt and adapt the model to serve their school...","og_url":"http:\/\/prayerspacesinschools.com\/fr\/get-involved\/","og_site_name":"Prayer Spaces in Schools International","article_modified_time":"2025-10-20T15:09:57+00:00","og_image":[{"width":2560,"height":898,"url":"http:\/\/prayerspacesinschools.com\/wp-content\/uploads\/2025\/07\/get-involved.jpg","type":"image\/jpeg"}],"twitter_card":"summary_large_image","twitter_misc":{"Est. reading time":"1 minute"},"schema":{"@context":"https:\/\/schema.org","@graph":[{"@type":"WebPage","@id":"http:\/\/prayerspacesinschools.com\/fr\/get-involved\/","url":"http:\/\/prayerspacesinschools.com\/fr\/get-involved\/","name":"Impliquez-vous l\u00e0 o\u00f9 vous \u00eates - Prayer Spaces in Schools International","isPartOf":{"@id":"http:\/\/prayerspacesinschools.com\/#website"},"primaryImageOfPage":{"@id":"http:\/\/prayerspacesinschools.com\/fr\/get-involved\/#primaryimage"},"image":{"@id":"http:\/\/prayerspacesinschools.com\/fr\/get-involved\/#primaryimage"},"thumbnailUrl":"https:\/\/prayerspacesinschools.com\/wp-content\/uploads\/2025\/07\/get-involved.jpg","datePublished":"2025-05-08T09:43:50+00:00","dateModified":"2025-10-20T15:09:57+00:00","description":"Prayer Spaces in Schools is becoming a global movement as Christians in different nations adopt and adapt the model to serve their school...","breadcrumb":{"@id":"http:\/\/prayerspacesinschools.com\/fr\/get-involved\/#breadcrumb"},"inLanguage":"fr-FR","potentialAction":[{"@type":"ReadAction","target":["http:\/\/prayerspacesinschools.com\/fr\/get-involved\/"]}]},{"@type":"ImageObject","inLanguage":"fr-FR","@id":"http:\/\/prayerspacesinschools.com\/fr\/get-involved\/#primaryimage","url":"https:\/\/prayerspacesinschools.com\/wp-content\/uploads\/2025\/07\/get-involved.jpg","contentUrl":"https:\/\/prayerspacesinschools.com\/wp-content\/uploads\/2025\/07\/get-involved.jpg","width":2560,"height":898},{"@type":"BreadcrumbList","@id":"http:\/\/prayerspacesinschools.com\/fr\/get-involved\/#breadcrumb","itemListElement":[{"@type":"ListItem","position":1,"name":"Home","item":"https:\/\/prayerspacesinschools.com\/fr\/"},{"@type":"ListItem","position":2,"name":"Impliquez-vous l\u00e0 o\u00f9 vous \u00eates"}]},{"@type":"WebSite","@id":"http:\/\/prayerspacesinschools.com\/#website","url":"http:\/\/prayerspacesinschools.com\/","name":"Prayer Spaces in Schools","description":"Creating space in schools where pupils can pause to reflect or pray","publisher":{"@id":"http:\/\/prayerspacesinschools.com\/#organization"},"potentialAction":[{"@type":"SearchAction","target":{"@type":"EntryPoint","urlTemplate":"http:\/\/prayerspacesinschools.com\/?s={search_term_string}"},"query-input":{"@type":"PropertyValueSpecification","valueRequired":true,"valueName":"search_term_string"}}],"inLanguage":"fr-FR"},{"@type":"Organization","@id":"http:\/\/prayerspacesinschools.com\/#organization","name":"Prayer Spaces in Schools","url":"http:\/\/prayerspacesinschools.com\/","logo":{"@type":"ImageObject","inLanguage":"fr-FR","@id":"http:\/\/prayerspacesinschools.com\/#\/schema\/logo\/image\/","url":"http:\/\/prayerspacesinschools.com\/wp-content\/uploads\/2025\/07\/logo.svg","contentUrl":"http:\/\/prayerspacesinschools.com\/wp-content\/uploads\/2025\/07\/logo.svg","width":125,"height":93,"caption":"Prayer Spaces in Schools"},"image":{"@id":"http:\/\/prayerspacesinschools.com\/#\/schema\/logo\/image\/"}}]}},"_links":{"self":[{"href":"https:\/\/prayerspacesinschools.com\/fr\/wp-json\/wp\/v2\/pages\/1808","targetHints":{"allow":["GET"]}}],"collection":[{"href":"https:\/\/prayerspacesinschools.com\/fr\/wp-json\/wp\/v2\/pages"}],"about":[{"href":"https:\/\/prayerspacesinschools.com\/fr\/wp-json\/wp\/v2\/types\/page"}],"author":[{"embeddable":true,"href":"https:\/\/prayerspacesinschools.com\/fr\/wp-json\/wp\/v2\/users\/1"}],"replies":[{"embeddable":true,"href":"https:\/\/prayerspacesinschools.com\/fr\/wp-json\/wp\/v2\/comments?post=1808"}],"version-history":[{"count":7,"href":"https:\/\/prayerspacesinschools.com\/fr\/wp-json\/wp\/v2\/pages\/1808\/revisions"}],"predecessor-version":[{"id":2133,"href":"https:\/\/prayerspacesinschools.com\/fr\/wp-json\/wp\/v2\/pages\/1808\/revisions\/2133"}],"wp:featuredmedia":[{"embeddable":true,"href":"https:\/\/prayerspacesinschools.com\/fr\/wp-json\/wp\/v2\/media\/899"}],"wp:attachment":[{"href":"https:\/\/prayerspacesinschools.com\/fr\/wp-json\/wp\/v2\/media?parent=1808"}],"curies":[{"name":"wp","href":"https:\/\/api.w.org\/{rel}","templated":true}]}}