{"id":1380,"date":"2025-05-07T15:49:12","date_gmt":"2025-05-07T14:49:12","guid":{"rendered":"http:\/\/prayerspacesinschools.com\/privacy-policy\/"},"modified":"2025-07-16T01:34:44","modified_gmt":"2025-07-16T00:34:44","slug":"privacy-policy","status":"publish","type":"page","link":"https:\/\/prayerspacesinschools.com\/es\/privacy-policy\/","title":{"rendered":"Pol\u00edticas de Espacios de Oraci\u00f3n en las Escuelas"},"content":{"rendered":"\n<h3 class=\"wp-block-heading\">Privacidad<\/h3>\n\n\n\n<p>Prayer Spaces in Schools forma parte de 24-7 Prayer, por lo que este bot\u00f3n te llevar\u00e1 a la Pol\u00edtica de Privacidad de toda nuestra organizaci\u00f3n.<\/p>\n\n\n\n<div class=\"wp-block-buttons is-layout-flex wp-block-buttons-is-layout-flex\">\n<div class=\"wp-block-button\"><a class=\"wp-block-button__link wp-element-button\" href=\"https:\/\/www.24-7prayer.com\/privacy-policy\/\">Pol\u00edtica de privacidad<\/a><\/div>\n<\/div>\n\n\n\n<h3 class=\"wp-block-heading\">Copyright<\/h3>\n\n\n\n<p>La mayor\u00eda de nuestros recursos son de uso gratuito, sujetos a estas condiciones de licencia y derechos de autor.<\/p>\n\n\n\n<div class=\"wp-block-buttons is-layout-flex wp-block-buttons-is-layout-flex\">\n<div class=\"wp-block-button\"><a class=\"wp-block-button__link wp-element-button\" href=\"https:\/\/prayerspacesinschools.com\/copyright-policy\/\">Pol\u00edtica de Copyright <\/a><\/div>\n<\/div>\n\n\n\n<h3 class=\"wp-block-heading\">Pol\u00edtica de fotograf\u00eda<\/h3>\n\n\n\n<p>Esto incluye pautas de buenas pr\u00e1cticas para fotografiar los espacios de oraci\u00f3n, as\u00ed como condiciones importantes que debes tener en cuenta al enviar o utilizar fotos o im\u00e1genes.<\/p>\n\n\n\n<div class=\"wp-block-buttons is-layout-flex wp-block-buttons-is-layout-flex\">\n<div class=\"wp-block-button\"><a class=\"wp-block-button__link wp-element-button\" href=\"https:\/\/prayerspacesinschools.com\/photography-policy\/\">Pol\u00edtica de fotograf\u00eda<\/a><\/div>\n<\/div>\n\n\n\n<p>Si la informaci\u00f3n que buscas no se encuentra aqu\u00ed, por favor cont\u00e1ctanos.<\/p>\n\n\n\n<div class=\"wp-block-buttons is-layout-flex wp-block-buttons-is-layout-flex\">\n<div class=\"wp-block-button\"><a class=\"wp-block-button__link wp-element-button\" href=\"http:\/\/prayerspacesinschools.com\/es\/contact-us\/\">Cont\u00e1ctanos<\/a><\/div>\n<\/div>\n\n\n\n<p><\/p>\n","protected":false},"excerpt":{"rendered":"<p>Privacidad Prayer Spaces in Schools forma parte de 24-7 Prayer, por lo que este bot\u00f3n te llevar\u00e1 a la Pol\u00edtica de Privacidad de toda nuestra organizaci\u00f3n. Copyright La mayor\u00eda de nuestros recursos son de uso gratuito, sujetos a estas condiciones de licencia y derechos de autor. Pol\u00edtica de fotograf\u00eda Esto incluye pautas de buenas pr\u00e1cticas [&hellip;]<\/p>\n","protected":false},"author":1,"featured_media":0,"parent":0,"menu_order":0,"comment_status":"closed","ping_status":"open","template":"","meta":{"_acf_changed":false,"inline_featured_image":false,"footnotes":""},"class_list":["post-1380","page","type-page","status-publish","hentry"],"acf":[],"yoast_head":"<!-- This site is optimized with the Yoast SEO plugin v27.4 - https:\/\/yoast.com\/product\/yoast-seo-wordpress\/ -->\n<title>Pol\u00edticas de Espacios de Oraci\u00f3n en las Escuelas - Prayer Spaces in Schools International<\/title>\n<meta name=\"description\" content=\"Around the world prayer spaces are giving children and young people ways to reflect and explore prayer for themselves using simple activities.\" \/>\n<meta name=\"robots\" content=\"index, follow, max-snippet:-1, max-image-preview:large, max-video-preview:-1\" \/>\n<link rel=\"canonical\" href=\"https:\/\/prayerspacesinschools.com\/es\/privacy-policy\/\" \/>\n<meta property=\"og:locale\" content=\"es_ES\" \/>\n<meta property=\"og:type\" content=\"article\" \/>\n<meta property=\"og:title\" content=\"Pol\u00edticas de Espacios de Oraci\u00f3n en las Escuelas - Prayer Spaces in Schools International\" \/>\n<meta property=\"og:description\" content=\"Around the world prayer spaces are giving children and young people ways to reflect and explore prayer for themselves using simple activities.\" \/>\n<meta property=\"og:url\" content=\"https:\/\/prayerspacesinschools.com\/es\/privacy-policy\/\" \/>\n<meta property=\"og:site_name\" content=\"Prayer Spaces in Schools International\" \/>\n<meta property=\"article:modified_time\" content=\"2025-07-16T00:34:44+00:00\" \/>\n<meta name=\"twitter:card\" content=\"summary_large_image\" \/>\n<meta name=\"twitter:label1\" content=\"Est. reading time\" \/>\n\t<meta name=\"twitter:data1\" content=\"1 minute\" \/>\n<script type=\"application\/ld+json\" class=\"yoast-schema-graph\">{\"@context\":\"https:\\\/\\\/schema.org\",\"@graph\":[{\"@type\":\"WebPage\",\"@id\":\"https:\\\/\\\/prayerspacesinschools.com\\\/es\\\/privacy-policy\\\/\",\"url\":\"https:\\\/\\\/prayerspacesinschools.com\\\/es\\\/privacy-policy\\\/\",\"name\":\"Pol\u00edticas de Espacios de Oraci\u00f3n en las Escuelas - Prayer Spaces in Schools International\",\"isPartOf\":{\"@id\":\"https:\\\/\\\/prayerspacesinschools.com\\\/#website\"},\"datePublished\":\"2025-05-07T14:49:12+00:00\",\"dateModified\":\"2025-07-16T00:34:44+00:00\",\"description\":\"Around the world prayer spaces are giving children and young people ways to reflect and explore prayer for themselves using simple activities.\",\"breadcrumb\":{\"@id\":\"https:\\\/\\\/prayerspacesinschools.com\\\/es\\\/privacy-policy\\\/#breadcrumb\"},\"inLanguage\":\"es-ES\",\"potentialAction\":[{\"@type\":\"ReadAction\",\"target\":[\"https:\\\/\\\/prayerspacesinschools.com\\\/es\\\/privacy-policy\\\/\"]}]},{\"@type\":\"BreadcrumbList\",\"@id\":\"https:\\\/\\\/prayerspacesinschools.com\\\/es\\\/privacy-policy\\\/#breadcrumb\",\"itemListElement\":[{\"@type\":\"ListItem\",\"position\":1,\"name\":\"Home\",\"item\":\"http:\\\/\\\/prayerspacesinschools.com\\\/es\\\/\"},{\"@type\":\"ListItem\",\"position\":2,\"name\":\"Pol\u00edticas de Espacios de Oraci\u00f3n en las Escuelas\"}]},{\"@type\":\"WebSite\",\"@id\":\"https:\\\/\\\/prayerspacesinschools.com\\\/#website\",\"url\":\"https:\\\/\\\/prayerspacesinschools.com\\\/\",\"name\":\"Prayer Spaces in Schools\",\"description\":\"Creating space in schools where pupils can pause to reflect or pray\",\"publisher\":{\"@id\":\"https:\\\/\\\/prayerspacesinschools.com\\\/#organization\"},\"potentialAction\":[{\"@type\":\"SearchAction\",\"target\":{\"@type\":\"EntryPoint\",\"urlTemplate\":\"https:\\\/\\\/prayerspacesinschools.com\\\/?s={search_term_string}\"},\"query-input\":{\"@type\":\"PropertyValueSpecification\",\"valueRequired\":true,\"valueName\":\"search_term_string\"}}],\"inLanguage\":\"es-ES\"},{\"@type\":\"Organization\",\"@id\":\"https:\\\/\\\/prayerspacesinschools.com\\\/#organization\",\"name\":\"Prayer Spaces in Schools\",\"url\":\"https:\\\/\\\/prayerspacesinschools.com\\\/\",\"logo\":{\"@type\":\"ImageObject\",\"inLanguage\":\"es-ES\",\"@id\":\"https:\\\/\\\/prayerspacesinschools.com\\\/#\\\/schema\\\/logo\\\/image\\\/\",\"url\":\"http:\\\/\\\/prayerspacesinschools.com\\\/wp-content\\\/uploads\\\/2025\\\/07\\\/logo.svg\",\"contentUrl\":\"http:\\\/\\\/prayerspacesinschools.com\\\/wp-content\\\/uploads\\\/2025\\\/07\\\/logo.svg\",\"width\":125,\"height\":93,\"caption\":\"Prayer Spaces in Schools\"},\"image\":{\"@id\":\"https:\\\/\\\/prayerspacesinschools.com\\\/#\\\/schema\\\/logo\\\/image\\\/\"}}]}<\/script>\n<!-- \/ Yoast SEO plugin. -->","yoast_head_json":{"title":"Pol\u00edticas de Espacios de Oraci\u00f3n en las Escuelas - Prayer Spaces in Schools International","description":"Around the world prayer spaces are giving children and young people ways to reflect and explore prayer for themselves using simple activities.","robots":{"index":"index","follow":"follow","max-snippet":"max-snippet:-1","max-image-preview":"max-image-preview:large","max-video-preview":"max-video-preview:-1"},"canonical":"https:\/\/prayerspacesinschools.com\/es\/privacy-policy\/","og_locale":"es_ES","og_type":"article","og_title":"Pol\u00edticas de Espacios de Oraci\u00f3n en las Escuelas - Prayer Spaces in Schools International","og_description":"Around the world prayer spaces are giving children and young people ways to reflect and explore prayer for themselves using simple activities.","og_url":"https:\/\/prayerspacesinschools.com\/es\/privacy-policy\/","og_site_name":"Prayer Spaces in Schools International","article_modified_time":"2025-07-16T00:34:44+00:00","twitter_card":"summary_large_image","twitter_misc":{"Est. reading time":"1 minute"},"schema":{"@context":"https:\/\/schema.org","@graph":[{"@type":"WebPage","@id":"https:\/\/prayerspacesinschools.com\/es\/privacy-policy\/","url":"https:\/\/prayerspacesinschools.com\/es\/privacy-policy\/","name":"Pol\u00edticas de Espacios de Oraci\u00f3n en las Escuelas - Prayer Spaces in Schools International","isPartOf":{"@id":"https:\/\/prayerspacesinschools.com\/#website"},"datePublished":"2025-05-07T14:49:12+00:00","dateModified":"2025-07-16T00:34:44+00:00","description":"Around the world prayer spaces are giving children and young people ways to reflect and explore prayer for themselves using simple activities.","breadcrumb":{"@id":"https:\/\/prayerspacesinschools.com\/es\/privacy-policy\/#breadcrumb"},"inLanguage":"es-ES","potentialAction":[{"@type":"ReadAction","target":["https:\/\/prayerspacesinschools.com\/es\/privacy-policy\/"]}]},{"@type":"BreadcrumbList","@id":"https:\/\/prayerspacesinschools.com\/es\/privacy-policy\/#breadcrumb","itemListElement":[{"@type":"ListItem","position":1,"name":"Home","item":"http:\/\/prayerspacesinschools.com\/es\/"},{"@type":"ListItem","position":2,"name":"Pol\u00edticas de Espacios de Oraci\u00f3n en las Escuelas"}]},{"@type":"WebSite","@id":"https:\/\/prayerspacesinschools.com\/#website","url":"https:\/\/prayerspacesinschools.com\/","name":"Prayer Spaces in Schools","description":"Creating space in schools where pupils can pause to reflect or pray","publisher":{"@id":"https:\/\/prayerspacesinschools.com\/#organization"},"potentialAction":[{"@type":"SearchAction","target":{"@type":"EntryPoint","urlTemplate":"https:\/\/prayerspacesinschools.com\/?s={search_term_string}"},"query-input":{"@type":"PropertyValueSpecification","valueRequired":true,"valueName":"search_term_string"}}],"inLanguage":"es-ES"},{"@type":"Organization","@id":"https:\/\/prayerspacesinschools.com\/#organization","name":"Prayer Spaces in Schools","url":"https:\/\/prayerspacesinschools.com\/","logo":{"@type":"ImageObject","inLanguage":"es-ES","@id":"https:\/\/prayerspacesinschools.com\/#\/schema\/logo\/image\/","url":"http:\/\/prayerspacesinschools.com\/wp-content\/uploads\/2025\/07\/logo.svg","contentUrl":"http:\/\/prayerspacesinschools.com\/wp-content\/uploads\/2025\/07\/logo.svg","width":125,"height":93,"caption":"Prayer Spaces in Schools"},"image":{"@id":"https:\/\/prayerspacesinschools.com\/#\/schema\/logo\/image\/"}}]}},"_links":{"self":[{"href":"https:\/\/prayerspacesinschools.com\/es\/wp-json\/wp\/v2\/pages\/1380","targetHints":{"allow":["GET"]}}],"collection":[{"href":"https:\/\/prayerspacesinschools.com\/es\/wp-json\/wp\/v2\/pages"}],"about":[{"href":"https:\/\/prayerspacesinschools.com\/es\/wp-json\/wp\/v2\/types\/page"}],"author":[{"embeddable":true,"href":"https:\/\/prayerspacesinschools.com\/es\/wp-json\/wp\/v2\/users\/1"}],"replies":[{"embeddable":true,"href":"https:\/\/prayerspacesinschools.com\/es\/wp-json\/wp\/v2\/comments?post=1380"}],"version-history":[{"count":2,"href":"https:\/\/prayerspacesinschools.com\/es\/wp-json\/wp\/v2\/pages\/1380\/revisions"}],"predecessor-version":[{"id":1383,"href":"https:\/\/prayerspacesinschools.com\/es\/wp-json\/wp\/v2\/pages\/1380\/revisions\/1383"}],"wp:attachment":[{"href":"https:\/\/prayerspacesinschools.com\/es\/wp-json\/wp\/v2\/media?parent=1380"}],"curies":[{"name":"wp","href":"https:\/\/api.w.org\/{rel}","templated":true}]}}