{"id":1279,"date":"2025-05-08T10:42:50","date_gmt":"2025-05-08T09:42:50","guid":{"rendered":"http:\/\/prayerspacesinschools.com\/contact-us\/"},"modified":"2025-07-16T12:02:00","modified_gmt":"2025-07-16T11:02:00","slug":"contact-us","status":"publish","type":"page","link":"https:\/\/prayerspacesinschools.com\/es\/contact-us\/","title":{"rendered":"Cont\u00e1ctanos"},"content":{"rendered":"\n<p>Si tienes alguna pregunta o comentario sobre los espacios de oraci\u00f3n, env\u00edanos un mensaje utilizando el siguiente formulario o env\u00edanos un correo electr\u00f3nico a<br><a href=\"mailto:nations@prayerspacesinschools.com\">nations@prayerspacesinschools.com<\/a><\/p>\n\n\n\n<p><\/p>\n","protected":false},"excerpt":{"rendered":"<p>Si tienes alguna pregunta o comentario sobre los espacios de oraci\u00f3n, env\u00edanos un mensaje utilizando el siguiente formulario o env\u00edanos un correo electr\u00f3nico anations@prayerspacesinschools.com<\/p>\n","protected":false},"author":1,"featured_media":0,"parent":0,"menu_order":0,"comment_status":"closed","ping_status":"closed","template":"page-templates\/contact.php","meta":{"_acf_changed":false,"inline_featured_image":false,"footnotes":""},"class_list":["post-1279","page","type-page","status-publish","hentry"],"acf":[],"yoast_head":"<!-- This site is optimized with the Yoast SEO plugin v25.5 - https:\/\/yoast.com\/wordpress\/plugins\/seo\/ -->\n<title>Cont\u00e1ctanos - Prayer Spaces in Schools International<\/title>\n<meta name=\"description\" content=\"Around the world prayer spaces are giving children and young people ways to reflect and explore prayer for themselves using simple activities.\" \/>\n<meta name=\"robots\" content=\"index, follow, max-snippet:-1, max-image-preview:large, max-video-preview:-1\" \/>\n<link rel=\"canonical\" href=\"https:\/\/prayerspacesinschools.com\/es\/contact-us\/\" \/>\n<meta property=\"og:locale\" content=\"es_ES\" \/>\n<meta property=\"og:type\" content=\"article\" \/>\n<meta property=\"og:title\" content=\"Cont\u00e1ctanos - Prayer Spaces in Schools International\" \/>\n<meta property=\"og:description\" content=\"Around the world prayer spaces are giving children and young people ways to reflect and explore prayer for themselves using simple activities.\" \/>\n<meta property=\"og:url\" content=\"https:\/\/prayerspacesinschools.com\/es\/contact-us\/\" \/>\n<meta property=\"og:site_name\" content=\"Prayer Spaces in Schools International\" \/>\n<meta property=\"article:modified_time\" content=\"2025-07-16T11:02:00+00:00\" \/>\n<meta name=\"twitter:card\" content=\"summary_large_image\" \/>\n<script type=\"application\/ld+json\" class=\"yoast-schema-graph\">{\"@context\":\"https:\/\/schema.org\",\"@graph\":[{\"@type\":\"WebPage\",\"@id\":\"https:\/\/prayerspacesinschools.com\/es\/contact-us\/\",\"url\":\"https:\/\/prayerspacesinschools.com\/es\/contact-us\/\",\"name\":\"Cont\u00e1ctanos - Prayer Spaces in Schools International\",\"isPartOf\":{\"@id\":\"http:\/\/prayerspacesinschools.com\/#website\"},\"datePublished\":\"2025-05-08T09:42:50+00:00\",\"dateModified\":\"2025-07-16T11:02:00+00:00\",\"description\":\"Around the world prayer spaces are giving children and young people ways to reflect and explore prayer for themselves using simple activities.\",\"breadcrumb\":{\"@id\":\"https:\/\/prayerspacesinschools.com\/es\/contact-us\/#breadcrumb\"},\"inLanguage\":\"es-ES\",\"potentialAction\":[{\"@type\":\"ReadAction\",\"target\":[\"https:\/\/prayerspacesinschools.com\/es\/contact-us\/\"]}]},{\"@type\":\"BreadcrumbList\",\"@id\":\"https:\/\/prayerspacesinschools.com\/es\/contact-us\/#breadcrumb\",\"itemListElement\":[{\"@type\":\"ListItem\",\"position\":1,\"name\":\"Home\",\"item\":\"http:\/\/prayerspacesinschools.com\/es\/\"},{\"@type\":\"ListItem\",\"position\":2,\"name\":\"Cont\u00e1ctanos\"}]},{\"@type\":\"WebSite\",\"@id\":\"http:\/\/prayerspacesinschools.com\/#website\",\"url\":\"http:\/\/prayerspacesinschools.com\/\",\"name\":\"Prayer Spaces in Schools\",\"description\":\"Creating space in schools where pupils can pause to reflect or pray\",\"publisher\":{\"@id\":\"http:\/\/prayerspacesinschools.com\/#organization\"},\"potentialAction\":[{\"@type\":\"SearchAction\",\"target\":{\"@type\":\"EntryPoint\",\"urlTemplate\":\"http:\/\/prayerspacesinschools.com\/?s={search_term_string}\"},\"query-input\":{\"@type\":\"PropertyValueSpecification\",\"valueRequired\":true,\"valueName\":\"search_term_string\"}}],\"inLanguage\":\"es-ES\"},{\"@type\":\"Organization\",\"@id\":\"http:\/\/prayerspacesinschools.com\/#organization\",\"name\":\"Prayer Spaces in Schools\",\"url\":\"http:\/\/prayerspacesinschools.com\/\",\"logo\":{\"@type\":\"ImageObject\",\"inLanguage\":\"es-ES\",\"@id\":\"http:\/\/prayerspacesinschools.com\/#\/schema\/logo\/image\/\",\"url\":\"http:\/\/prayerspacesinschools.com\/wp-content\/uploads\/2025\/07\/logo.svg\",\"contentUrl\":\"http:\/\/prayerspacesinschools.com\/wp-content\/uploads\/2025\/07\/logo.svg\",\"width\":125,\"height\":93,\"caption\":\"Prayer Spaces in Schools\"},\"image\":{\"@id\":\"http:\/\/prayerspacesinschools.com\/#\/schema\/logo\/image\/\"}}]}<\/script>\n<!-- \/ Yoast SEO plugin. -->","yoast_head_json":{"title":"Cont\u00e1ctanos - Prayer Spaces in Schools International","description":"Around the world prayer spaces are giving children and young people ways to reflect and explore prayer for themselves using simple activities.","robots":{"index":"index","follow":"follow","max-snippet":"max-snippet:-1","max-image-preview":"max-image-preview:large","max-video-preview":"max-video-preview:-1"},"canonical":"https:\/\/prayerspacesinschools.com\/es\/contact-us\/","og_locale":"es_ES","og_type":"article","og_title":"Cont\u00e1ctanos - Prayer Spaces in Schools International","og_description":"Around the world prayer spaces are giving children and young people ways to reflect and explore prayer for themselves using simple activities.","og_url":"https:\/\/prayerspacesinschools.com\/es\/contact-us\/","og_site_name":"Prayer Spaces in Schools International","article_modified_time":"2025-07-16T11:02:00+00:00","twitter_card":"summary_large_image","schema":{"@context":"https:\/\/schema.org","@graph":[{"@type":"WebPage","@id":"https:\/\/prayerspacesinschools.com\/es\/contact-us\/","url":"https:\/\/prayerspacesinschools.com\/es\/contact-us\/","name":"Cont\u00e1ctanos - Prayer Spaces in Schools International","isPartOf":{"@id":"http:\/\/prayerspacesinschools.com\/#website"},"datePublished":"2025-05-08T09:42:50+00:00","dateModified":"2025-07-16T11:02:00+00:00","description":"Around the world prayer spaces are giving children and young people ways to reflect and explore prayer for themselves using simple activities.","breadcrumb":{"@id":"https:\/\/prayerspacesinschools.com\/es\/contact-us\/#breadcrumb"},"inLanguage":"es-ES","potentialAction":[{"@type":"ReadAction","target":["https:\/\/prayerspacesinschools.com\/es\/contact-us\/"]}]},{"@type":"BreadcrumbList","@id":"https:\/\/prayerspacesinschools.com\/es\/contact-us\/#breadcrumb","itemListElement":[{"@type":"ListItem","position":1,"name":"Home","item":"http:\/\/prayerspacesinschools.com\/es\/"},{"@type":"ListItem","position":2,"name":"Cont\u00e1ctanos"}]},{"@type":"WebSite","@id":"http:\/\/prayerspacesinschools.com\/#website","url":"http:\/\/prayerspacesinschools.com\/","name":"Prayer Spaces in Schools","description":"Creating space in schools where pupils can pause to reflect or pray","publisher":{"@id":"http:\/\/prayerspacesinschools.com\/#organization"},"potentialAction":[{"@type":"SearchAction","target":{"@type":"EntryPoint","urlTemplate":"http:\/\/prayerspacesinschools.com\/?s={search_term_string}"},"query-input":{"@type":"PropertyValueSpecification","valueRequired":true,"valueName":"search_term_string"}}],"inLanguage":"es-ES"},{"@type":"Organization","@id":"http:\/\/prayerspacesinschools.com\/#organization","name":"Prayer Spaces in Schools","url":"http:\/\/prayerspacesinschools.com\/","logo":{"@type":"ImageObject","inLanguage":"es-ES","@id":"http:\/\/prayerspacesinschools.com\/#\/schema\/logo\/image\/","url":"http:\/\/prayerspacesinschools.com\/wp-content\/uploads\/2025\/07\/logo.svg","contentUrl":"http:\/\/prayerspacesinschools.com\/wp-content\/uploads\/2025\/07\/logo.svg","width":125,"height":93,"caption":"Prayer Spaces in Schools"},"image":{"@id":"http:\/\/prayerspacesinschools.com\/#\/schema\/logo\/image\/"}}]}},"_links":{"self":[{"href":"https:\/\/prayerspacesinschools.com\/es\/wp-json\/wp\/v2\/pages\/1279","targetHints":{"allow":["GET"]}}],"collection":[{"href":"https:\/\/prayerspacesinschools.com\/es\/wp-json\/wp\/v2\/pages"}],"about":[{"href":"https:\/\/prayerspacesinschools.com\/es\/wp-json\/wp\/v2\/types\/page"}],"author":[{"embeddable":true,"href":"https:\/\/prayerspacesinschools.com\/es\/wp-json\/wp\/v2\/users\/1"}],"replies":[{"embeddable":true,"href":"https:\/\/prayerspacesinschools.com\/es\/wp-json\/wp\/v2\/comments?post=1279"}],"version-history":[{"count":2,"href":"https:\/\/prayerspacesinschools.com\/es\/wp-json\/wp\/v2\/pages\/1279\/revisions"}],"predecessor-version":[{"id":1553,"href":"https:\/\/prayerspacesinschools.com\/es\/wp-json\/wp\/v2\/pages\/1279\/revisions\/1553"}],"wp:attachment":[{"href":"https:\/\/prayerspacesinschools.com\/es\/wp-json\/wp\/v2\/media?parent=1279"}],"curies":[{"name":"wp","href":"https:\/\/api.w.org\/{rel}","templated":true}]}}