{"id":868,"date":"2025-05-08T10:44:35","date_gmt":"2025-05-08T09:44:35","guid":{"rendered":"http:\/\/prayerspacesinschools.com\/prayer-spaces\/"},"modified":"2025-09-04T09:21:54","modified_gmt":"2025-09-04T08:21:54","slug":"prayer-spaces","status":"publish","type":"page","link":"https:\/\/prayerspacesinschools.com\/de\/prayer-spaces\/","title":{"rendered":"Prayerspaces"},"content":{"rendered":"\n<h5 class=\"wp-block-heading\">Prayerspaces in Schulen bef\u00e4higen Kinder und Jugendliche aller Glaubensrichtungen, religi\u00f6ser und kultureller Hintergr\u00fcnde dazu, die eigene Spiritualit\u00e4t, Lebensfragen sowie Glauben zu entdecken. Das alles geschieht in einem sicheren Rahmen und auf eine kreative, interaktive Art und Weise.\u00a0<\/h5>\n\n\n\n<p><\/p>\n","protected":false},"excerpt":{"rendered":"<p>Prayerspaces in Schulen bef\u00e4higen Kinder und Jugendliche aller Glaubensrichtungen, religi\u00f6ser und kultureller Hintergr\u00fcnde dazu, die eigene Spiritualit\u00e4t, Lebensfragen sowie Glauben zu entdecken. Das alles geschieht in einem sicheren Rahmen und auf eine kreative, interaktive Art und Weise.\u00a0<\/p>\n","protected":false},"author":1,"featured_media":679,"parent":0,"menu_order":0,"comment_status":"closed","ping_status":"closed","template":"page-templates\/prayer-spaces.php","meta":{"_acf_changed":false,"inline_featured_image":false,"footnotes":""},"class_list":["post-868","page","type-page","status-publish","has-post-thumbnail","hentry"],"acf":[],"yoast_head":"<!-- This site is optimized with the Yoast SEO plugin v25.5 - https:\/\/yoast.com\/wordpress\/plugins\/seo\/ -->\n<title>Prayerspaces - Prayer Spaces in Schools International<\/title>\n<meta name=\"description\" content=\"Around the world prayer spaces are giving children and young people ways to reflect and explore prayer for themselves using simple activities.\" \/>\n<meta name=\"robots\" content=\"index, follow, max-snippet:-1, max-image-preview:large, max-video-preview:-1\" \/>\n<link rel=\"canonical\" href=\"https:\/\/prayerspacesinschools.com\/de\/prayer-spaces\/\" \/>\n<meta property=\"og:locale\" content=\"de_DE\" \/>\n<meta property=\"og:type\" content=\"article\" \/>\n<meta property=\"og:title\" content=\"Prayerspaces - Prayer Spaces in Schools International\" \/>\n<meta property=\"og:description\" content=\"Around the world prayer spaces are giving children and young people ways to reflect and explore prayer for themselves using simple activities.\" \/>\n<meta property=\"og:url\" content=\"https:\/\/prayerspacesinschools.com\/de\/prayer-spaces\/\" \/>\n<meta property=\"og:site_name\" content=\"Prayer Spaces in Schools International\" \/>\n<meta property=\"article:modified_time\" content=\"2025-09-04T08:21:54+00:00\" \/>\n<meta property=\"og:image\" content=\"https:\/\/prayerspacesinschools.com\/wp-content\/uploads\/2025\/06\/pic7.jpg\" \/>\n\t<meta property=\"og:image:width\" content=\"2560\" \/>\n\t<meta property=\"og:image:height\" content=\"898\" \/>\n\t<meta property=\"og:image:type\" content=\"image\/jpeg\" \/>\n<meta name=\"twitter:card\" content=\"summary_large_image\" \/>\n<meta name=\"twitter:label1\" content=\"Est. reading time\" \/>\n\t<meta name=\"twitter:data1\" content=\"1 minute\" \/>\n<script type=\"application\/ld+json\" class=\"yoast-schema-graph\">{\"@context\":\"https:\/\/schema.org\",\"@graph\":[{\"@type\":\"WebPage\",\"@id\":\"https:\/\/prayerspacesinschools.com\/de\/prayer-spaces\/\",\"url\":\"https:\/\/prayerspacesinschools.com\/de\/prayer-spaces\/\",\"name\":\"Prayerspaces - Prayer Spaces in Schools International\",\"isPartOf\":{\"@id\":\"http:\/\/prayerspacesinschools.com\/#website\"},\"primaryImageOfPage\":{\"@id\":\"https:\/\/prayerspacesinschools.com\/de\/prayer-spaces\/#primaryimage\"},\"image\":{\"@id\":\"https:\/\/prayerspacesinschools.com\/de\/prayer-spaces\/#primaryimage\"},\"thumbnailUrl\":\"https:\/\/prayerspacesinschools.com\/wp-content\/uploads\/2025\/06\/pic7.jpg\",\"datePublished\":\"2025-05-08T09:44:35+00:00\",\"dateModified\":\"2025-09-04T08:21:54+00:00\",\"description\":\"Around the world prayer spaces are giving children and young people ways to reflect and explore prayer for themselves using simple activities.\",\"breadcrumb\":{\"@id\":\"https:\/\/prayerspacesinschools.com\/de\/prayer-spaces\/#breadcrumb\"},\"inLanguage\":\"de-DE\",\"potentialAction\":[{\"@type\":\"ReadAction\",\"target\":[\"https:\/\/prayerspacesinschools.com\/de\/prayer-spaces\/\"]}]},{\"@type\":\"ImageObject\",\"inLanguage\":\"de-DE\",\"@id\":\"https:\/\/prayerspacesinschools.com\/de\/prayer-spaces\/#primaryimage\",\"url\":\"https:\/\/prayerspacesinschools.com\/wp-content\/uploads\/2025\/06\/pic7.jpg\",\"contentUrl\":\"https:\/\/prayerspacesinschools.com\/wp-content\/uploads\/2025\/06\/pic7.jpg\",\"width\":2560,\"height\":898},{\"@type\":\"BreadcrumbList\",\"@id\":\"https:\/\/prayerspacesinschools.com\/de\/prayer-spaces\/#breadcrumb\",\"itemListElement\":[{\"@type\":\"ListItem\",\"position\":1,\"name\":\"Home\",\"item\":\"https:\/\/prayerspacesinschools.com\/de\/\"},{\"@type\":\"ListItem\",\"position\":2,\"name\":\"Prayerspaces\"}]},{\"@type\":\"WebSite\",\"@id\":\"http:\/\/prayerspacesinschools.com\/#website\",\"url\":\"http:\/\/prayerspacesinschools.com\/\",\"name\":\"Prayer Spaces in Schools\",\"description\":\"Creating space in schools where pupils can pause to reflect or pray\",\"publisher\":{\"@id\":\"http:\/\/prayerspacesinschools.com\/#organization\"},\"potentialAction\":[{\"@type\":\"SearchAction\",\"target\":{\"@type\":\"EntryPoint\",\"urlTemplate\":\"http:\/\/prayerspacesinschools.com\/?s={search_term_string}\"},\"query-input\":{\"@type\":\"PropertyValueSpecification\",\"valueRequired\":true,\"valueName\":\"search_term_string\"}}],\"inLanguage\":\"de-DE\"},{\"@type\":\"Organization\",\"@id\":\"http:\/\/prayerspacesinschools.com\/#organization\",\"name\":\"Prayer Spaces in Schools\",\"url\":\"http:\/\/prayerspacesinschools.com\/\",\"logo\":{\"@type\":\"ImageObject\",\"inLanguage\":\"de-DE\",\"@id\":\"http:\/\/prayerspacesinschools.com\/#\/schema\/logo\/image\/\",\"url\":\"http:\/\/prayerspacesinschools.com\/wp-content\/uploads\/2025\/07\/logo.svg\",\"contentUrl\":\"http:\/\/prayerspacesinschools.com\/wp-content\/uploads\/2025\/07\/logo.svg\",\"width\":125,\"height\":93,\"caption\":\"Prayer Spaces in Schools\"},\"image\":{\"@id\":\"http:\/\/prayerspacesinschools.com\/#\/schema\/logo\/image\/\"}}]}<\/script>\n<!-- \/ Yoast SEO plugin. -->","yoast_head_json":{"title":"Prayerspaces - Prayer Spaces in Schools International","description":"Around the world prayer spaces are giving children and young people ways to reflect and explore prayer for themselves using simple activities.","robots":{"index":"index","follow":"follow","max-snippet":"max-snippet:-1","max-image-preview":"max-image-preview:large","max-video-preview":"max-video-preview:-1"},"canonical":"https:\/\/prayerspacesinschools.com\/de\/prayer-spaces\/","og_locale":"de_DE","og_type":"article","og_title":"Prayerspaces - Prayer Spaces in Schools International","og_description":"Around the world prayer spaces are giving children and young people ways to reflect and explore prayer for themselves using simple activities.","og_url":"https:\/\/prayerspacesinschools.com\/de\/prayer-spaces\/","og_site_name":"Prayer Spaces in Schools International","article_modified_time":"2025-09-04T08:21:54+00:00","og_image":[{"width":2560,"height":898,"url":"https:\/\/prayerspacesinschools.com\/wp-content\/uploads\/2025\/06\/pic7.jpg","type":"image\/jpeg"}],"twitter_card":"summary_large_image","twitter_misc":{"Est. reading time":"1 minute"},"schema":{"@context":"https:\/\/schema.org","@graph":[{"@type":"WebPage","@id":"https:\/\/prayerspacesinschools.com\/de\/prayer-spaces\/","url":"https:\/\/prayerspacesinschools.com\/de\/prayer-spaces\/","name":"Prayerspaces - Prayer Spaces in Schools International","isPartOf":{"@id":"http:\/\/prayerspacesinschools.com\/#website"},"primaryImageOfPage":{"@id":"https:\/\/prayerspacesinschools.com\/de\/prayer-spaces\/#primaryimage"},"image":{"@id":"https:\/\/prayerspacesinschools.com\/de\/prayer-spaces\/#primaryimage"},"thumbnailUrl":"https:\/\/prayerspacesinschools.com\/wp-content\/uploads\/2025\/06\/pic7.jpg","datePublished":"2025-05-08T09:44:35+00:00","dateModified":"2025-09-04T08:21:54+00:00","description":"Around the world prayer spaces are giving children and young people ways to reflect and explore prayer for themselves using simple activities.","breadcrumb":{"@id":"https:\/\/prayerspacesinschools.com\/de\/prayer-spaces\/#breadcrumb"},"inLanguage":"de-DE","potentialAction":[{"@type":"ReadAction","target":["https:\/\/prayerspacesinschools.com\/de\/prayer-spaces\/"]}]},{"@type":"ImageObject","inLanguage":"de-DE","@id":"https:\/\/prayerspacesinschools.com\/de\/prayer-spaces\/#primaryimage","url":"https:\/\/prayerspacesinschools.com\/wp-content\/uploads\/2025\/06\/pic7.jpg","contentUrl":"https:\/\/prayerspacesinschools.com\/wp-content\/uploads\/2025\/06\/pic7.jpg","width":2560,"height":898},{"@type":"BreadcrumbList","@id":"https:\/\/prayerspacesinschools.com\/de\/prayer-spaces\/#breadcrumb","itemListElement":[{"@type":"ListItem","position":1,"name":"Home","item":"https:\/\/prayerspacesinschools.com\/de\/"},{"@type":"ListItem","position":2,"name":"Prayerspaces"}]},{"@type":"WebSite","@id":"http:\/\/prayerspacesinschools.com\/#website","url":"http:\/\/prayerspacesinschools.com\/","name":"Prayer Spaces in Schools","description":"Creating space in schools where pupils can pause to reflect or pray","publisher":{"@id":"http:\/\/prayerspacesinschools.com\/#organization"},"potentialAction":[{"@type":"SearchAction","target":{"@type":"EntryPoint","urlTemplate":"http:\/\/prayerspacesinschools.com\/?s={search_term_string}"},"query-input":{"@type":"PropertyValueSpecification","valueRequired":true,"valueName":"search_term_string"}}],"inLanguage":"de-DE"},{"@type":"Organization","@id":"http:\/\/prayerspacesinschools.com\/#organization","name":"Prayer Spaces in Schools","url":"http:\/\/prayerspacesinschools.com\/","logo":{"@type":"ImageObject","inLanguage":"de-DE","@id":"http:\/\/prayerspacesinschools.com\/#\/schema\/logo\/image\/","url":"http:\/\/prayerspacesinschools.com\/wp-content\/uploads\/2025\/07\/logo.svg","contentUrl":"http:\/\/prayerspacesinschools.com\/wp-content\/uploads\/2025\/07\/logo.svg","width":125,"height":93,"caption":"Prayer Spaces in Schools"},"image":{"@id":"http:\/\/prayerspacesinschools.com\/#\/schema\/logo\/image\/"}}]}},"_links":{"self":[{"href":"https:\/\/prayerspacesinschools.com\/de\/wp-json\/wp\/v2\/pages\/868","targetHints":{"allow":["GET"]}}],"collection":[{"href":"https:\/\/prayerspacesinschools.com\/de\/wp-json\/wp\/v2\/pages"}],"about":[{"href":"https:\/\/prayerspacesinschools.com\/de\/wp-json\/wp\/v2\/types\/page"}],"author":[{"embeddable":true,"href":"https:\/\/prayerspacesinschools.com\/de\/wp-json\/wp\/v2\/users\/1"}],"replies":[{"embeddable":true,"href":"https:\/\/prayerspacesinschools.com\/de\/wp-json\/wp\/v2\/comments?post=868"}],"version-history":[{"count":7,"href":"https:\/\/prayerspacesinschools.com\/de\/wp-json\/wp\/v2\/pages\/868\/revisions"}],"predecessor-version":[{"id":2031,"href":"https:\/\/prayerspacesinschools.com\/de\/wp-json\/wp\/v2\/pages\/868\/revisions\/2031"}],"wp:featuredmedia":[{"embeddable":true,"href":"https:\/\/prayerspacesinschools.com\/de\/wp-json\/wp\/v2\/media\/679"}],"wp:attachment":[{"href":"https:\/\/prayerspacesinschools.com\/de\/wp-json\/wp\/v2\/media?parent=868"}],"curies":[{"name":"wp","href":"https:\/\/api.w.org\/{rel}","templated":true}]}}