{"id":861,"date":"2025-06-11T09:18:38","date_gmt":"2025-06-11T08:18:38","guid":{"rendered":"http:\/\/prayerspacesinschools.com\/prayer-activities\/response-styles\/"},"modified":"2025-07-15T18:51:28","modified_gmt":"2025-07-15T17:51:28","slug":"response-styles","status":"publish","type":"page","link":"https:\/\/prayerspacesinschools.com\/de\/prayer-activities\/response-styles\/","title":{"rendered":"Reaktionen"},"content":{"rendered":"\n<p><strong>Nicht jede Reaktion muss schriftlich erfolgen, daher ist es wichtig, eine Vielzahl von Antwortstilen einzubeziehen.<\/strong><\/p>\n\n\n\n<div style=\"height:40px\" aria-hidden=\"true\" class=\"wp-block-spacer\"><\/div>\n\n\n\n<div class=\"wp-block-group is-nowrap is-layout-flex wp-container-core-group-is-layout-ad2f72ca wp-block-group-is-layout-flex\">\n<figure class=\"wp-block-image size-large is-resized\"><img decoding=\"async\" src=\"http:\/\/prayerspacesinschools.com\/wp-content\/uploads\/2025\/06\/write-draw-1.svg\" alt=\"\" class=\"wp-image-264\" style=\"width:65px\"\/><\/figure>\n\n\n\n<div class=\"wp-block-group\"><div class=\"wp-block-group__inner-container is-layout-constrained wp-block-group-is-layout-constrained\">\n<h3 class=\"wp-block-heading\">Schreiben\/Malen<\/h3>\n\n\n\n<p>Schreiben kann eine kraftvolle M\u00f6glichkeit sein, die eigene Antwort auszudr\u00fccken, obwohl einige Sch\u00fclerinnen und Sch\u00fcler es bevorzugen k\u00f6nnten, die Antwort aufzumalen.<\/p>\n<\/div><\/div>\n<\/div>\n\n\n\n<div style=\"height:40px\" aria-hidden=\"true\" class=\"wp-block-spacer\"><\/div>\n\n\n\n<div class=\"wp-block-group is-nowrap is-layout-flex wp-container-core-group-is-layout-ad2f72ca wp-block-group-is-layout-flex\">\n<figure class=\"wp-block-image size-large is-resized\"><img decoding=\"async\" src=\"http:\/\/prayerspacesinschools.com\/wp-content\/uploads\/2025\/06\/action-1.svg\" alt=\"\" class=\"wp-image-267\" style=\"width:65px\"\/><\/figure>\n\n\n\n<div class=\"wp-block-group\"><div class=\"wp-block-group__inner-container is-layout-constrained wp-block-group-is-layout-constrained\">\n<h3 class=\"wp-block-heading\">Aktion<\/h3>\n\n\n\n<p>Einfache kin\u00e4sthetische Reaktionen k\u00f6nnen tiefgehende Bedeutungen ausdr\u00fccken; einen Stein halten, mit Knete kreativ werden oder Papier zerrei\u00dfen.<\/p>\n<\/div><\/div>\n<\/div>\n\n\n\n<div style=\"height:40px\" aria-hidden=\"true\" class=\"wp-block-spacer\"><\/div>\n\n\n\n<div class=\"wp-block-group is-nowrap is-layout-flex wp-container-core-group-is-layout-ad2f72ca wp-block-group-is-layout-flex\">\n<figure class=\"wp-block-image size-large is-resized\"><img decoding=\"async\" src=\"http:\/\/prayerspacesinschools.com\/wp-content\/uploads\/2025\/06\/contemplative-1.svg\" alt=\"\" class=\"wp-image-270\" style=\"width:65px\"\/><\/figure>\n\n\n\n<div class=\"wp-block-group\"><div class=\"wp-block-group__inner-container is-layout-constrained wp-block-group-is-layout-constrained\">\n<h3 class=\"wp-block-heading\">Kontemplativ<\/h3>\n\n\n\n<p>Es ist \u00fcberraschend beliebt und wird oft sehr gesch\u00e4tzt, den Sch\u00fclerinnen und Sch\u00fclern Raum zum Innehalten und Nachdenken zu geben.<\/p>\n<\/div><\/div>\n<\/div>\n\n\n\n<div style=\"height:40px\" aria-hidden=\"true\" class=\"wp-block-spacer\"><\/div>\n\n\n\n<div class=\"wp-block-buttons is-layout-flex wp-block-buttons-is-layout-flex\">\n<div class=\"wp-block-button\"><a class=\"wp-block-button__link wp-element-button\" href=\"http:\/\/prayerspacesinschools.com\/de\/prayer-activities\/\">Gebetsstationen anschauen <\/a><\/div>\n<\/div>\n","protected":false},"excerpt":{"rendered":"<p>Nicht jede Reaktion muss schriftlich erfolgen, daher ist es wichtig, eine Vielzahl von Antwortstilen einzubeziehen. Schreiben\/Malen Schreiben kann eine kraftvolle M\u00f6glichkeit sein, die eigene Antwort auszudr\u00fccken, obwohl einige Sch\u00fclerinnen und Sch\u00fcler es bevorzugen k\u00f6nnten, die Antwort aufzumalen. Aktion Einfache kin\u00e4sthetische Reaktionen k\u00f6nnen tiefgehende Bedeutungen ausdr\u00fccken; einen Stein halten, mit Knete kreativ werden oder Papier zerrei\u00dfen. [&hellip;]<\/p>\n","protected":false},"author":1,"featured_media":0,"parent":855,"menu_order":0,"comment_status":"closed","ping_status":"closed","template":"","meta":{"_acf_changed":false,"inline_featured_image":false,"footnotes":""},"class_list":["post-861","page","type-page","status-publish","hentry"],"acf":[],"yoast_head":"<!-- This site is optimized with the Yoast SEO plugin v27.4 - https:\/\/yoast.com\/product\/yoast-seo-wordpress\/ -->\n<title>Reaktionen - Prayer Spaces in Schools International<\/title>\n<meta name=\"description\" content=\"Around the world prayer spaces are giving children and young people ways to reflect and explore prayer for themselves using simple activities.\" \/>\n<meta name=\"robots\" content=\"index, follow, max-snippet:-1, max-image-preview:large, max-video-preview:-1\" \/>\n<link rel=\"canonical\" href=\"https:\/\/prayerspacesinschools.com\/de\/prayer-activities\/response-styles\/\" \/>\n<meta property=\"og:locale\" content=\"de_DE\" \/>\n<meta property=\"og:type\" content=\"article\" \/>\n<meta property=\"og:title\" content=\"Reaktionen - Prayer Spaces in Schools International\" \/>\n<meta property=\"og:description\" content=\"Around the world prayer spaces are giving children and young people ways to reflect and explore prayer for themselves using simple activities.\" \/>\n<meta property=\"og:url\" content=\"https:\/\/prayerspacesinschools.com\/de\/prayer-activities\/response-styles\/\" \/>\n<meta property=\"og:site_name\" content=\"Prayer Spaces in Schools International\" \/>\n<meta property=\"article:modified_time\" content=\"2025-07-15T17:51:28+00:00\" \/>\n<meta property=\"og:image\" content=\"http:\/\/prayerspacesinschools.com\/wp-content\/uploads\/2025\/06\/write-draw-1.svg\" \/>\n<meta name=\"twitter:card\" content=\"summary_large_image\" \/>\n<script type=\"application\/ld+json\" class=\"yoast-schema-graph\">{\"@context\":\"https:\\\/\\\/schema.org\",\"@graph\":[{\"@type\":\"WebPage\",\"@id\":\"https:\\\/\\\/prayerspacesinschools.com\\\/de\\\/prayer-activities\\\/response-styles\\\/\",\"url\":\"https:\\\/\\\/prayerspacesinschools.com\\\/de\\\/prayer-activities\\\/response-styles\\\/\",\"name\":\"Reaktionen - Prayer Spaces in Schools International\",\"isPartOf\":{\"@id\":\"https:\\\/\\\/prayerspacesinschools.com\\\/#website\"},\"primaryImageOfPage\":{\"@id\":\"https:\\\/\\\/prayerspacesinschools.com\\\/de\\\/prayer-activities\\\/response-styles\\\/#primaryimage\"},\"image\":{\"@id\":\"https:\\\/\\\/prayerspacesinschools.com\\\/de\\\/prayer-activities\\\/response-styles\\\/#primaryimage\"},\"thumbnailUrl\":\"http:\\\/\\\/prayerspacesinschools.com\\\/wp-content\\\/uploads\\\/2025\\\/06\\\/write-draw-1.svg\",\"datePublished\":\"2025-06-11T08:18:38+00:00\",\"dateModified\":\"2025-07-15T17:51:28+00:00\",\"description\":\"Around the world prayer spaces are giving children and young people ways to reflect and explore prayer for themselves using simple activities.\",\"breadcrumb\":{\"@id\":\"https:\\\/\\\/prayerspacesinschools.com\\\/de\\\/prayer-activities\\\/response-styles\\\/#breadcrumb\"},\"inLanguage\":\"de-DE\",\"potentialAction\":[{\"@type\":\"ReadAction\",\"target\":[\"https:\\\/\\\/prayerspacesinschools.com\\\/de\\\/prayer-activities\\\/response-styles\\\/\"]}]},{\"@type\":\"ImageObject\",\"inLanguage\":\"de-DE\",\"@id\":\"https:\\\/\\\/prayerspacesinschools.com\\\/de\\\/prayer-activities\\\/response-styles\\\/#primaryimage\",\"url\":\"http:\\\/\\\/prayerspacesinschools.com\\\/wp-content\\\/uploads\\\/2025\\\/06\\\/write-draw-1.svg\",\"contentUrl\":\"http:\\\/\\\/prayerspacesinschools.com\\\/wp-content\\\/uploads\\\/2025\\\/06\\\/write-draw-1.svg\"},{\"@type\":\"BreadcrumbList\",\"@id\":\"https:\\\/\\\/prayerspacesinschools.com\\\/de\\\/prayer-activities\\\/response-styles\\\/#breadcrumb\",\"itemListElement\":[{\"@type\":\"ListItem\",\"position\":1,\"name\":\"Home\",\"item\":\"http:\\\/\\\/prayerspacesinschools.com\\\/de\\\/\"},{\"@type\":\"ListItem\",\"position\":2,\"name\":\"Gebetsstationen\",\"item\":\"https:\\\/\\\/prayerspacesinschools.com\\\/de\\\/prayer-activities\\\/\"},{\"@type\":\"ListItem\",\"position\":3,\"name\":\"Reaktionen\"}]},{\"@type\":\"WebSite\",\"@id\":\"https:\\\/\\\/prayerspacesinschools.com\\\/#website\",\"url\":\"https:\\\/\\\/prayerspacesinschools.com\\\/\",\"name\":\"Prayer Spaces in Schools\",\"description\":\"Creating space in schools where pupils can pause to reflect or pray\",\"publisher\":{\"@id\":\"https:\\\/\\\/prayerspacesinschools.com\\\/#organization\"},\"potentialAction\":[{\"@type\":\"SearchAction\",\"target\":{\"@type\":\"EntryPoint\",\"urlTemplate\":\"https:\\\/\\\/prayerspacesinschools.com\\\/?s={search_term_string}\"},\"query-input\":{\"@type\":\"PropertyValueSpecification\",\"valueRequired\":true,\"valueName\":\"search_term_string\"}}],\"inLanguage\":\"de-DE\"},{\"@type\":\"Organization\",\"@id\":\"https:\\\/\\\/prayerspacesinschools.com\\\/#organization\",\"name\":\"Prayer Spaces in Schools\",\"url\":\"https:\\\/\\\/prayerspacesinschools.com\\\/\",\"logo\":{\"@type\":\"ImageObject\",\"inLanguage\":\"de-DE\",\"@id\":\"https:\\\/\\\/prayerspacesinschools.com\\\/#\\\/schema\\\/logo\\\/image\\\/\",\"url\":\"http:\\\/\\\/prayerspacesinschools.com\\\/wp-content\\\/uploads\\\/2025\\\/07\\\/logo.svg\",\"contentUrl\":\"http:\\\/\\\/prayerspacesinschools.com\\\/wp-content\\\/uploads\\\/2025\\\/07\\\/logo.svg\",\"width\":125,\"height\":93,\"caption\":\"Prayer Spaces in Schools\"},\"image\":{\"@id\":\"https:\\\/\\\/prayerspacesinschools.com\\\/#\\\/schema\\\/logo\\\/image\\\/\"}}]}<\/script>\n<!-- \/ Yoast SEO plugin. -->","yoast_head_json":{"title":"Reaktionen - Prayer Spaces in Schools International","description":"Around the world prayer spaces are giving children and young people ways to reflect and explore prayer for themselves using simple activities.","robots":{"index":"index","follow":"follow","max-snippet":"max-snippet:-1","max-image-preview":"max-image-preview:large","max-video-preview":"max-video-preview:-1"},"canonical":"https:\/\/prayerspacesinschools.com\/de\/prayer-activities\/response-styles\/","og_locale":"de_DE","og_type":"article","og_title":"Reaktionen - Prayer Spaces in Schools International","og_description":"Around the world prayer spaces are giving children and young people ways to reflect and explore prayer for themselves using simple activities.","og_url":"https:\/\/prayerspacesinschools.com\/de\/prayer-activities\/response-styles\/","og_site_name":"Prayer Spaces in Schools International","article_modified_time":"2025-07-15T17:51:28+00:00","og_image":[{"url":"http:\/\/prayerspacesinschools.com\/wp-content\/uploads\/2025\/06\/write-draw-1.svg","type":"","width":"","height":""}],"twitter_card":"summary_large_image","schema":{"@context":"https:\/\/schema.org","@graph":[{"@type":"WebPage","@id":"https:\/\/prayerspacesinschools.com\/de\/prayer-activities\/response-styles\/","url":"https:\/\/prayerspacesinschools.com\/de\/prayer-activities\/response-styles\/","name":"Reaktionen - Prayer Spaces in Schools International","isPartOf":{"@id":"https:\/\/prayerspacesinschools.com\/#website"},"primaryImageOfPage":{"@id":"https:\/\/prayerspacesinschools.com\/de\/prayer-activities\/response-styles\/#primaryimage"},"image":{"@id":"https:\/\/prayerspacesinschools.com\/de\/prayer-activities\/response-styles\/#primaryimage"},"thumbnailUrl":"http:\/\/prayerspacesinschools.com\/wp-content\/uploads\/2025\/06\/write-draw-1.svg","datePublished":"2025-06-11T08:18:38+00:00","dateModified":"2025-07-15T17:51:28+00:00","description":"Around the world prayer spaces are giving children and young people ways to reflect and explore prayer for themselves using simple activities.","breadcrumb":{"@id":"https:\/\/prayerspacesinschools.com\/de\/prayer-activities\/response-styles\/#breadcrumb"},"inLanguage":"de-DE","potentialAction":[{"@type":"ReadAction","target":["https:\/\/prayerspacesinschools.com\/de\/prayer-activities\/response-styles\/"]}]},{"@type":"ImageObject","inLanguage":"de-DE","@id":"https:\/\/prayerspacesinschools.com\/de\/prayer-activities\/response-styles\/#primaryimage","url":"http:\/\/prayerspacesinschools.com\/wp-content\/uploads\/2025\/06\/write-draw-1.svg","contentUrl":"http:\/\/prayerspacesinschools.com\/wp-content\/uploads\/2025\/06\/write-draw-1.svg"},{"@type":"BreadcrumbList","@id":"https:\/\/prayerspacesinschools.com\/de\/prayer-activities\/response-styles\/#breadcrumb","itemListElement":[{"@type":"ListItem","position":1,"name":"Home","item":"http:\/\/prayerspacesinschools.com\/de\/"},{"@type":"ListItem","position":2,"name":"Gebetsstationen","item":"https:\/\/prayerspacesinschools.com\/de\/prayer-activities\/"},{"@type":"ListItem","position":3,"name":"Reaktionen"}]},{"@type":"WebSite","@id":"https:\/\/prayerspacesinschools.com\/#website","url":"https:\/\/prayerspacesinschools.com\/","name":"Prayer Spaces in Schools","description":"Creating space in schools where pupils can pause to reflect or pray","publisher":{"@id":"https:\/\/prayerspacesinschools.com\/#organization"},"potentialAction":[{"@type":"SearchAction","target":{"@type":"EntryPoint","urlTemplate":"https:\/\/prayerspacesinschools.com\/?s={search_term_string}"},"query-input":{"@type":"PropertyValueSpecification","valueRequired":true,"valueName":"search_term_string"}}],"inLanguage":"de-DE"},{"@type":"Organization","@id":"https:\/\/prayerspacesinschools.com\/#organization","name":"Prayer Spaces in Schools","url":"https:\/\/prayerspacesinschools.com\/","logo":{"@type":"ImageObject","inLanguage":"de-DE","@id":"https:\/\/prayerspacesinschools.com\/#\/schema\/logo\/image\/","url":"http:\/\/prayerspacesinschools.com\/wp-content\/uploads\/2025\/07\/logo.svg","contentUrl":"http:\/\/prayerspacesinschools.com\/wp-content\/uploads\/2025\/07\/logo.svg","width":125,"height":93,"caption":"Prayer Spaces in Schools"},"image":{"@id":"https:\/\/prayerspacesinschools.com\/#\/schema\/logo\/image\/"}}]}},"_links":{"self":[{"href":"https:\/\/prayerspacesinschools.com\/de\/wp-json\/wp\/v2\/pages\/861","targetHints":{"allow":["GET"]}}],"collection":[{"href":"https:\/\/prayerspacesinschools.com\/de\/wp-json\/wp\/v2\/pages"}],"about":[{"href":"https:\/\/prayerspacesinschools.com\/de\/wp-json\/wp\/v2\/types\/page"}],"author":[{"embeddable":true,"href":"https:\/\/prayerspacesinschools.com\/de\/wp-json\/wp\/v2\/users\/1"}],"replies":[{"embeddable":true,"href":"https:\/\/prayerspacesinschools.com\/de\/wp-json\/wp\/v2\/comments?post=861"}],"version-history":[{"count":7,"href":"https:\/\/prayerspacesinschools.com\/de\/wp-json\/wp\/v2\/pages\/861\/revisions"}],"predecessor-version":[{"id":1247,"href":"https:\/\/prayerspacesinschools.com\/de\/wp-json\/wp\/v2\/pages\/861\/revisions\/1247"}],"up":[{"embeddable":true,"href":"https:\/\/prayerspacesinschools.com\/de\/wp-json\/wp\/v2\/pages\/855"}],"wp:attachment":[{"href":"https:\/\/prayerspacesinschools.com\/de\/wp-json\/wp\/v2\/media?parent=861"}],"curies":[{"name":"wp","href":"https:\/\/api.w.org\/{rel}","templated":true}]}}