{"id":2103,"date":"2025-08-27T15:25:16","date_gmt":"2025-08-27T14:25:16","guid":{"rendered":"https:\/\/prayerspacesinschools.com\/?page_id=2103"},"modified":"2025-10-22T09:30:49","modified_gmt":"2025-10-22T08:30:49","slug":"sticky-note-prayers","status":"publish","type":"page","link":"https:\/\/prayerspacesinschools.com\/de\/sticky-note-prayers\/","title":{"rendered":"Sticky Note Prayers"},"content":{"rendered":"\n<p style=\"font-size:18px\">&#8211; <strong>Wie Prayerspaces in Schulen das Leben junger Menschen ver\u00e4ndern<\/strong><\/p>\n\n\n\n<div class=\"wp-block-buttons is-layout-flex wp-block-buttons-is-layout-flex\">\n<div class=\"wp-block-button\"><a class=\"wp-block-button__link wp-element-button\" href=\"https:\/\/standrewsbookshop.co.uk\/product\/sticky-note-prayers\/\" target=\"_blank\" rel=\"noreferrer noopener\">Hier kaufen (UK)<\/a><\/div>\n\n\n\n<div class=\"wp-block-button\"><a class=\"wp-block-button__link wp-element-button\" href=\"https:\/\/www.amazon.com\/Sticky-Note-Prayers-Schools-Changing\/dp\/1399825682\/\" target=\"_blank\" rel=\"noreferrer noopener\">Hier kaufen (US)<\/a><\/div>\n\n\n\n<div class=\"wp-block-button\"><a class=\"wp-block-button__link wp-element-button\" href=\"https:\/\/koorong.com\/product\/sticky-note-prayers-how-prayer-spaces-in-schools_9781399825689\" target=\"_blank\" rel=\"noreferrer noopener\">Hier kaufen (AU)<\/a><\/div>\n<\/div>\n\n\n\n<p><em>Sticky Note Prayers<\/em> ist mehr als nur ein Buch \u2013 es ist die Geschichte einer Bewegung, die mit einem einzigen sticky note an einer Klassenzimmerwand begann \u2026 und seitdem \u00fcber 1 Million Kinder und Jugendliche in mehr als 7.000 Prayerspaces in mindestens 35 L\u00e4ndern erreicht hat.<\/p>\n\n\n\n<p><strong><em>Sticky Note Prayers<\/em> erz\u00e4hlt die Geschichte (bis jetzt) davon, was Gott an diesen au\u00dfergew\u00f6hnlichen, gew\u00f6hnlichen Orten tut.<\/strong><\/p>\n\n\n\n<p>Dieses Buch wurde von Phil Sokell-Miles, dem internationalen Direktor von Prayer Spaces in Schools, geschrieben und verwebt Geschichten, Forschungsergebnisse und Reflexionen aus dem wirklichen Leben miteinander. Es bietet Hoffnung, Einblicke und praktische Hilfsmittel f\u00fcr alle, die f\u00fcr die n\u00e4chste Generation R\u00e4ume zum Beten und Nachdenken schaffen m\u00f6chten.<\/p>\n\n\n\n<blockquote class=\"wp-block-quote is-style-default is-layout-flow wp-block-quote-is-layout-flow\">\n<p><em>&#8220;Sticky Note Prayers ist eine brillante Geschichte, die man nicht aus der Hand legen kann. Ich habe dieses Buch mit einem L\u00e4cheln im Gesicht und einem wachsenden Feuer in meinem Herzen verschlungen. Phils Leidenschaft kommt in den Geschichten des Buches m\u00fchelos zum Ausdruck, und die vorgeschlagenen \u00dcbungen sind klar, praktisch und umsetzbar. Vor allem aber handelt es sich um eine verk\u00f6rperte Botschaft, und nichts spricht lauter als die Botschaft, die wir gelebt haben.&#8221;<\/em><br>Tyler Staton \u2013 Autor und leitender Pastor von Bridgetown Church, Portland OR, USA<\/p>\n<\/blockquote>\n\n\n\n<h3 class=\"wp-block-heading\"><em>Sticky Note Prayers<\/em> Trainingsreise<\/h3>\n\n\n\n<p><strong>Gro\u00dfbritannien \u2013 Oktober 2025 bis M\u00e4rz 2026<\/strong><\/p>\n\n\n\n<p>Nimm mit Phil und seinen Freunden an einer der abendlichen Schulungsveranstaltungen von <em>Sticky Note Prayers<\/em> teil. H\u00f6re dir die Geschichten an, lass dich von der Vision begeistern und mach dich bereit, einen Prayerspace an deiner Schule einzurichten.<\/p>\n\n\n\n<div class=\"wp-block-buttons is-layout-flex wp-block-buttons-is-layout-flex\">\n<div class=\"wp-block-button\"><a class=\"wp-block-button__link wp-element-button\" href=\"https:\/\/prayerspacesinschools.org\/get-involved\/events\/\">Events page (GB)<\/a><\/div>\n<\/div>\n\n\n\n<blockquote class=\"wp-block-quote is-style-default is-layout-flow wp-block-quote-is-layout-flow\">\n<p><em>\u201cF\u00fcr alle, die schon einmal in einem 24-7 Prayer Room gebetet und sich gefragt haben, was als N\u00e4chstes passieren k\u00f6nnte \u2026 dieses Buch k\u00f6nnte der n\u00e4chste Teil deines Abenteuers sein.\u201d<\/em><br>Pete Greig &#8211; Autor und Gr\u00fcnder von 24-7 Prayer, Guildford, UK<\/p>\n<\/blockquote>\n","protected":false},"excerpt":{"rendered":"<p>&#8211; Wie Prayerspaces in Schulen das Leben junger Menschen ver\u00e4ndern Sticky Note Prayers ist mehr als nur ein Buch \u2013 es ist die Geschichte einer Bewegung, die mit einem einzigen sticky note an einer Klassenzimmerwand begann \u2026 und seitdem \u00fcber 1 Million Kinder und Jugendliche in mehr als 7.000 Prayerspaces in mindestens 35 L\u00e4ndern erreicht [&hellip;]<\/p>\n","protected":false},"author":4,"featured_media":1004,"parent":0,"menu_order":0,"comment_status":"closed","ping_status":"closed","template":"","meta":{"_acf_changed":false,"inline_featured_image":false,"footnotes":""},"class_list":["post-2103","page","type-page","status-publish","has-post-thumbnail","hentry"],"acf":[],"yoast_head":"<!-- This site is optimized with the Yoast SEO plugin v25.5 - https:\/\/yoast.com\/wordpress\/plugins\/seo\/ -->\n<title>Sticky Note Prayers - Prayer Spaces in Schools International<\/title>\n<meta name=\"description\" content=\"Around the world prayer spaces are giving children and young people ways to reflect and explore prayer for themselves using simple activities.\" \/>\n<meta name=\"robots\" content=\"index, follow, max-snippet:-1, max-image-preview:large, max-video-preview:-1\" \/>\n<link rel=\"canonical\" href=\"https:\/\/prayerspacesinschools.com\/de\/sticky-note-prayers\/\" \/>\n<meta property=\"og:locale\" content=\"de_DE\" \/>\n<meta property=\"og:type\" content=\"article\" \/>\n<meta property=\"og:title\" content=\"Sticky Note Prayers - Prayer Spaces in Schools International\" \/>\n<meta property=\"og:description\" content=\"Around the world prayer spaces are giving children and young people ways to reflect and explore prayer for themselves using simple activities.\" \/>\n<meta property=\"og:url\" content=\"https:\/\/prayerspacesinschools.com\/de\/sticky-note-prayers\/\" \/>\n<meta property=\"og:site_name\" content=\"Prayer Spaces in Schools International\" \/>\n<meta property=\"article:modified_time\" content=\"2025-10-22T08:30:49+00:00\" \/>\n<meta property=\"og:image\" content=\"https:\/\/prayerspacesinschools.com\/wp-content\/uploads\/2025\/06\/Sticky-Note-Prayers.jpg\" \/>\n\t<meta property=\"og:image:width\" content=\"1004\" \/>\n\t<meta property=\"og:image:height\" content=\"669\" \/>\n\t<meta property=\"og:image:type\" content=\"image\/jpeg\" \/>\n<meta name=\"twitter:card\" content=\"summary_large_image\" \/>\n<meta name=\"twitter:label1\" content=\"Est. reading time\" \/>\n\t<meta name=\"twitter:data1\" content=\"1 minute\" \/>\n<script type=\"application\/ld+json\" class=\"yoast-schema-graph\">{\"@context\":\"https:\/\/schema.org\",\"@graph\":[{\"@type\":\"WebPage\",\"@id\":\"https:\/\/prayerspacesinschools.com\/de\/sticky-note-prayers\/\",\"url\":\"https:\/\/prayerspacesinschools.com\/de\/sticky-note-prayers\/\",\"name\":\"Sticky Note Prayers - Prayer Spaces in Schools International\",\"isPartOf\":{\"@id\":\"http:\/\/prayerspacesinschools.com\/#website\"},\"primaryImageOfPage\":{\"@id\":\"https:\/\/prayerspacesinschools.com\/de\/sticky-note-prayers\/#primaryimage\"},\"image\":{\"@id\":\"https:\/\/prayerspacesinschools.com\/de\/sticky-note-prayers\/#primaryimage\"},\"thumbnailUrl\":\"https:\/\/prayerspacesinschools.com\/wp-content\/uploads\/2025\/06\/Sticky-Note-Prayers.jpg\",\"datePublished\":\"2025-08-27T14:25:16+00:00\",\"dateModified\":\"2025-10-22T08:30:49+00:00\",\"description\":\"Around the world prayer spaces are giving children and young people ways to reflect and explore prayer for themselves using simple activities.\",\"breadcrumb\":{\"@id\":\"https:\/\/prayerspacesinschools.com\/de\/sticky-note-prayers\/#breadcrumb\"},\"inLanguage\":\"de-DE\",\"potentialAction\":[{\"@type\":\"ReadAction\",\"target\":[\"https:\/\/prayerspacesinschools.com\/de\/sticky-note-prayers\/\"]}]},{\"@type\":\"ImageObject\",\"inLanguage\":\"de-DE\",\"@id\":\"https:\/\/prayerspacesinschools.com\/de\/sticky-note-prayers\/#primaryimage\",\"url\":\"https:\/\/prayerspacesinschools.com\/wp-content\/uploads\/2025\/06\/Sticky-Note-Prayers.jpg\",\"contentUrl\":\"https:\/\/prayerspacesinschools.com\/wp-content\/uploads\/2025\/06\/Sticky-Note-Prayers.jpg\",\"width\":1004,\"height\":669},{\"@type\":\"BreadcrumbList\",\"@id\":\"https:\/\/prayerspacesinschools.com\/de\/sticky-note-prayers\/#breadcrumb\",\"itemListElement\":[{\"@type\":\"ListItem\",\"position\":1,\"name\":\"Home\",\"item\":\"https:\/\/prayerspacesinschools.com\/de\/\"},{\"@type\":\"ListItem\",\"position\":2,\"name\":\"Sticky Note Prayers\"}]},{\"@type\":\"WebSite\",\"@id\":\"http:\/\/prayerspacesinschools.com\/#website\",\"url\":\"http:\/\/prayerspacesinschools.com\/\",\"name\":\"Prayer Spaces in Schools\",\"description\":\"Creating space in schools where pupils can pause to reflect or pray\",\"publisher\":{\"@id\":\"http:\/\/prayerspacesinschools.com\/#organization\"},\"potentialAction\":[{\"@type\":\"SearchAction\",\"target\":{\"@type\":\"EntryPoint\",\"urlTemplate\":\"http:\/\/prayerspacesinschools.com\/?s={search_term_string}\"},\"query-input\":{\"@type\":\"PropertyValueSpecification\",\"valueRequired\":true,\"valueName\":\"search_term_string\"}}],\"inLanguage\":\"de-DE\"},{\"@type\":\"Organization\",\"@id\":\"http:\/\/prayerspacesinschools.com\/#organization\",\"name\":\"Prayer Spaces in Schools\",\"url\":\"http:\/\/prayerspacesinschools.com\/\",\"logo\":{\"@type\":\"ImageObject\",\"inLanguage\":\"de-DE\",\"@id\":\"http:\/\/prayerspacesinschools.com\/#\/schema\/logo\/image\/\",\"url\":\"http:\/\/prayerspacesinschools.com\/wp-content\/uploads\/2025\/07\/logo.svg\",\"contentUrl\":\"http:\/\/prayerspacesinschools.com\/wp-content\/uploads\/2025\/07\/logo.svg\",\"width\":125,\"height\":93,\"caption\":\"Prayer Spaces in Schools\"},\"image\":{\"@id\":\"http:\/\/prayerspacesinschools.com\/#\/schema\/logo\/image\/\"}}]}<\/script>\n<!-- \/ Yoast SEO plugin. -->","yoast_head_json":{"title":"Sticky Note Prayers - Prayer Spaces in Schools International","description":"Around the world prayer spaces are giving children and young people ways to reflect and explore prayer for themselves using simple activities.","robots":{"index":"index","follow":"follow","max-snippet":"max-snippet:-1","max-image-preview":"max-image-preview:large","max-video-preview":"max-video-preview:-1"},"canonical":"https:\/\/prayerspacesinschools.com\/de\/sticky-note-prayers\/","og_locale":"de_DE","og_type":"article","og_title":"Sticky Note Prayers - Prayer Spaces in Schools International","og_description":"Around the world prayer spaces are giving children and young people ways to reflect and explore prayer for themselves using simple activities.","og_url":"https:\/\/prayerspacesinschools.com\/de\/sticky-note-prayers\/","og_site_name":"Prayer Spaces in Schools International","article_modified_time":"2025-10-22T08:30:49+00:00","og_image":[{"width":1004,"height":669,"url":"https:\/\/prayerspacesinschools.com\/wp-content\/uploads\/2025\/06\/Sticky-Note-Prayers.jpg","type":"image\/jpeg"}],"twitter_card":"summary_large_image","twitter_misc":{"Est. reading time":"1 minute"},"schema":{"@context":"https:\/\/schema.org","@graph":[{"@type":"WebPage","@id":"https:\/\/prayerspacesinschools.com\/de\/sticky-note-prayers\/","url":"https:\/\/prayerspacesinschools.com\/de\/sticky-note-prayers\/","name":"Sticky Note Prayers - Prayer Spaces in Schools International","isPartOf":{"@id":"http:\/\/prayerspacesinschools.com\/#website"},"primaryImageOfPage":{"@id":"https:\/\/prayerspacesinschools.com\/de\/sticky-note-prayers\/#primaryimage"},"image":{"@id":"https:\/\/prayerspacesinschools.com\/de\/sticky-note-prayers\/#primaryimage"},"thumbnailUrl":"https:\/\/prayerspacesinschools.com\/wp-content\/uploads\/2025\/06\/Sticky-Note-Prayers.jpg","datePublished":"2025-08-27T14:25:16+00:00","dateModified":"2025-10-22T08:30:49+00:00","description":"Around the world prayer spaces are giving children and young people ways to reflect and explore prayer for themselves using simple activities.","breadcrumb":{"@id":"https:\/\/prayerspacesinschools.com\/de\/sticky-note-prayers\/#breadcrumb"},"inLanguage":"de-DE","potentialAction":[{"@type":"ReadAction","target":["https:\/\/prayerspacesinschools.com\/de\/sticky-note-prayers\/"]}]},{"@type":"ImageObject","inLanguage":"de-DE","@id":"https:\/\/prayerspacesinschools.com\/de\/sticky-note-prayers\/#primaryimage","url":"https:\/\/prayerspacesinschools.com\/wp-content\/uploads\/2025\/06\/Sticky-Note-Prayers.jpg","contentUrl":"https:\/\/prayerspacesinschools.com\/wp-content\/uploads\/2025\/06\/Sticky-Note-Prayers.jpg","width":1004,"height":669},{"@type":"BreadcrumbList","@id":"https:\/\/prayerspacesinschools.com\/de\/sticky-note-prayers\/#breadcrumb","itemListElement":[{"@type":"ListItem","position":1,"name":"Home","item":"https:\/\/prayerspacesinschools.com\/de\/"},{"@type":"ListItem","position":2,"name":"Sticky Note Prayers"}]},{"@type":"WebSite","@id":"http:\/\/prayerspacesinschools.com\/#website","url":"http:\/\/prayerspacesinschools.com\/","name":"Prayer Spaces in Schools","description":"Creating space in schools where pupils can pause to reflect or pray","publisher":{"@id":"http:\/\/prayerspacesinschools.com\/#organization"},"potentialAction":[{"@type":"SearchAction","target":{"@type":"EntryPoint","urlTemplate":"http:\/\/prayerspacesinschools.com\/?s={search_term_string}"},"query-input":{"@type":"PropertyValueSpecification","valueRequired":true,"valueName":"search_term_string"}}],"inLanguage":"de-DE"},{"@type":"Organization","@id":"http:\/\/prayerspacesinschools.com\/#organization","name":"Prayer Spaces in Schools","url":"http:\/\/prayerspacesinschools.com\/","logo":{"@type":"ImageObject","inLanguage":"de-DE","@id":"http:\/\/prayerspacesinschools.com\/#\/schema\/logo\/image\/","url":"http:\/\/prayerspacesinschools.com\/wp-content\/uploads\/2025\/07\/logo.svg","contentUrl":"http:\/\/prayerspacesinschools.com\/wp-content\/uploads\/2025\/07\/logo.svg","width":125,"height":93,"caption":"Prayer Spaces in Schools"},"image":{"@id":"http:\/\/prayerspacesinschools.com\/#\/schema\/logo\/image\/"}}]}},"_links":{"self":[{"href":"https:\/\/prayerspacesinschools.com\/de\/wp-json\/wp\/v2\/pages\/2103","targetHints":{"allow":["GET"]}}],"collection":[{"href":"https:\/\/prayerspacesinschools.com\/de\/wp-json\/wp\/v2\/pages"}],"about":[{"href":"https:\/\/prayerspacesinschools.com\/de\/wp-json\/wp\/v2\/types\/page"}],"author":[{"embeddable":true,"href":"https:\/\/prayerspacesinschools.com\/de\/wp-json\/wp\/v2\/users\/4"}],"replies":[{"embeddable":true,"href":"https:\/\/prayerspacesinschools.com\/de\/wp-json\/wp\/v2\/comments?post=2103"}],"version-history":[{"count":6,"href":"https:\/\/prayerspacesinschools.com\/de\/wp-json\/wp\/v2\/pages\/2103\/revisions"}],"predecessor-version":[{"id":2139,"href":"https:\/\/prayerspacesinschools.com\/de\/wp-json\/wp\/v2\/pages\/2103\/revisions\/2139"}],"wp:featuredmedia":[{"embeddable":true,"href":"https:\/\/prayerspacesinschools.com\/de\/wp-json\/wp\/v2\/media\/1004"}],"wp:attachment":[{"href":"https:\/\/prayerspacesinschools.com\/de\/wp-json\/wp\/v2\/media?parent=2103"}],"curies":[{"name":"wp","href":"https:\/\/api.w.org\/{rel}","templated":true}]}}