{"id":1770,"date":"2025-05-08T10:42:31","date_gmt":"2025-05-08T09:42:31","guid":{"rendered":"https:\/\/prayerspacesinschools.com\/about-us\/"},"modified":"2025-10-19T15:54:19","modified_gmt":"2025-10-19T14:54:19","slug":"about-us","status":"publish","type":"page","link":"http:\/\/prayerspacesinschools.com\/fr\/about-us\/","title":{"rendered":"\u00c0 propos"},"content":{"rendered":"\n<h5 class=\"wp-block-heading\">Notre objectif est de permettre aux enfants et aux jeunes, dans les \u00e9coles du monde entier, d&#8217;explorer les questions existentielles, la spiritualit\u00e9 et la foi de mani\u00e8re s\u00fbre, cr\u00e9ative et interactive.<\/h5>\n","protected":false},"excerpt":{"rendered":"<p>Notre objectif est de permettre aux enfants et aux jeunes, dans les \u00e9coles du monde entier, d&#8217;explorer les questions existentielles, la spiritualit\u00e9 et la foi de mani\u00e8re s\u00fbre, cr\u00e9ative et interactive.<\/p>\n","protected":false},"author":1,"featured_media":1772,"parent":0,"menu_order":0,"comment_status":"closed","ping_status":"closed","template":"page-templates\/about.php","meta":{"_acf_changed":false,"inline_featured_image":false,"footnotes":""},"class_list":["post-1770","page","type-page","status-publish","has-post-thumbnail","hentry"],"acf":[],"yoast_head":"<!-- This site is optimized with the Yoast SEO plugin v25.5 - https:\/\/yoast.com\/wordpress\/plugins\/seo\/ -->\n<title>\u00c0 propos - Prayer Spaces in Schools International<\/title>\n<meta name=\"description\" content=\"Our aim is to enable children and young people in schools across the world to explore life\u2019s questions, spirituality, and faith in a safe...\" \/>\n<meta name=\"robots\" content=\"index, follow, max-snippet:-1, max-image-preview:large, max-video-preview:-1\" \/>\n<link rel=\"canonical\" href=\"https:\/\/prayerspacesinschools.com\/fr\/about-us\/\" \/>\n<meta property=\"og:locale\" content=\"fr_FR\" \/>\n<meta property=\"og:type\" content=\"article\" \/>\n<meta property=\"og:title\" content=\"\u00c0 propos - Prayer Spaces in Schools International\" \/>\n<meta property=\"og:description\" content=\"Our aim is to enable children and young people in schools across the world to explore life\u2019s questions, spirituality, and faith in a safe...\" \/>\n<meta property=\"og:url\" content=\"https:\/\/prayerspacesinschools.com\/fr\/about-us\/\" \/>\n<meta property=\"og:site_name\" content=\"Prayer Spaces in Schools International\" \/>\n<meta property=\"article:modified_time\" content=\"2025-10-19T14:54:19+00:00\" \/>\n<meta property=\"og:image\" content=\"https:\/\/prayerspacesinschools.com\/wp-content\/uploads\/2025\/06\/pic17.jpg\" \/>\n\t<meta property=\"og:image:width\" content=\"2560\" \/>\n\t<meta property=\"og:image:height\" content=\"898\" \/>\n\t<meta property=\"og:image:type\" content=\"image\/jpeg\" \/>\n<meta name=\"twitter:card\" content=\"summary_large_image\" \/>\n<meta name=\"twitter:label1\" content=\"Est. reading time\" \/>\n\t<meta name=\"twitter:data1\" content=\"1 minute\" \/>\n<script type=\"application\/ld+json\" class=\"yoast-schema-graph\">{\"@context\":\"https:\/\/schema.org\",\"@graph\":[{\"@type\":\"WebPage\",\"@id\":\"https:\/\/prayerspacesinschools.com\/fr\/about-us\/\",\"url\":\"https:\/\/prayerspacesinschools.com\/fr\/about-us\/\",\"name\":\"\u00c0 propos - Prayer Spaces in Schools International\",\"isPartOf\":{\"@id\":\"http:\/\/prayerspacesinschools.com\/#website\"},\"primaryImageOfPage\":{\"@id\":\"https:\/\/prayerspacesinschools.com\/fr\/about-us\/#primaryimage\"},\"image\":{\"@id\":\"https:\/\/prayerspacesinschools.com\/fr\/about-us\/#primaryimage\"},\"thumbnailUrl\":\"http:\/\/prayerspacesinschools.com\/wp-content\/uploads\/2025\/06\/pic17.jpg\",\"datePublished\":\"2025-05-08T09:42:31+00:00\",\"dateModified\":\"2025-10-19T14:54:19+00:00\",\"description\":\"Our aim is to enable children and young people in schools across the world to explore life\u2019s questions, spirituality, and faith in a safe...\",\"breadcrumb\":{\"@id\":\"https:\/\/prayerspacesinschools.com\/fr\/about-us\/#breadcrumb\"},\"inLanguage\":\"fr-FR\",\"potentialAction\":[{\"@type\":\"ReadAction\",\"target\":[\"https:\/\/prayerspacesinschools.com\/fr\/about-us\/\"]}]},{\"@type\":\"ImageObject\",\"inLanguage\":\"fr-FR\",\"@id\":\"https:\/\/prayerspacesinschools.com\/fr\/about-us\/#primaryimage\",\"url\":\"http:\/\/prayerspacesinschools.com\/wp-content\/uploads\/2025\/06\/pic17.jpg\",\"contentUrl\":\"http:\/\/prayerspacesinschools.com\/wp-content\/uploads\/2025\/06\/pic17.jpg\",\"width\":2560,\"height\":898},{\"@type\":\"BreadcrumbList\",\"@id\":\"https:\/\/prayerspacesinschools.com\/fr\/about-us\/#breadcrumb\",\"itemListElement\":[{\"@type\":\"ListItem\",\"position\":1,\"name\":\"Home\",\"item\":\"https:\/\/prayerspacesinschools.com\/fr\/\"},{\"@type\":\"ListItem\",\"position\":2,\"name\":\"\u00c0 propos\"}]},{\"@type\":\"WebSite\",\"@id\":\"http:\/\/prayerspacesinschools.com\/#website\",\"url\":\"http:\/\/prayerspacesinschools.com\/\",\"name\":\"Prayer Spaces in Schools\",\"description\":\"Creating space in schools where pupils can pause to reflect or pray\",\"publisher\":{\"@id\":\"http:\/\/prayerspacesinschools.com\/#organization\"},\"potentialAction\":[{\"@type\":\"SearchAction\",\"target\":{\"@type\":\"EntryPoint\",\"urlTemplate\":\"http:\/\/prayerspacesinschools.com\/?s={search_term_string}\"},\"query-input\":{\"@type\":\"PropertyValueSpecification\",\"valueRequired\":true,\"valueName\":\"search_term_string\"}}],\"inLanguage\":\"fr-FR\"},{\"@type\":\"Organization\",\"@id\":\"http:\/\/prayerspacesinschools.com\/#organization\",\"name\":\"Prayer Spaces in Schools\",\"url\":\"http:\/\/prayerspacesinschools.com\/\",\"logo\":{\"@type\":\"ImageObject\",\"inLanguage\":\"fr-FR\",\"@id\":\"http:\/\/prayerspacesinschools.com\/#\/schema\/logo\/image\/\",\"url\":\"http:\/\/prayerspacesinschools.com\/wp-content\/uploads\/2025\/07\/logo.svg\",\"contentUrl\":\"http:\/\/prayerspacesinschools.com\/wp-content\/uploads\/2025\/07\/logo.svg\",\"width\":125,\"height\":93,\"caption\":\"Prayer Spaces in Schools\"},\"image\":{\"@id\":\"http:\/\/prayerspacesinschools.com\/#\/schema\/logo\/image\/\"}}]}<\/script>\n<!-- \/ Yoast SEO plugin. -->","yoast_head_json":{"title":"\u00c0 propos - Prayer Spaces in Schools International","description":"Our aim is to enable children and young people in schools across the world to explore life\u2019s questions, spirituality, and faith in a safe...","robots":{"index":"index","follow":"follow","max-snippet":"max-snippet:-1","max-image-preview":"max-image-preview:large","max-video-preview":"max-video-preview:-1"},"canonical":"https:\/\/prayerspacesinschools.com\/fr\/about-us\/","og_locale":"fr_FR","og_type":"article","og_title":"\u00c0 propos - Prayer Spaces in Schools International","og_description":"Our aim is to enable children and young people in schools across the world to explore life\u2019s questions, spirituality, and faith in a safe...","og_url":"https:\/\/prayerspacesinschools.com\/fr\/about-us\/","og_site_name":"Prayer Spaces in Schools International","article_modified_time":"2025-10-19T14:54:19+00:00","og_image":[{"width":2560,"height":898,"url":"https:\/\/prayerspacesinschools.com\/wp-content\/uploads\/2025\/06\/pic17.jpg","type":"image\/jpeg"}],"twitter_card":"summary_large_image","twitter_misc":{"Est. reading time":"1 minute"},"schema":{"@context":"https:\/\/schema.org","@graph":[{"@type":"WebPage","@id":"https:\/\/prayerspacesinschools.com\/fr\/about-us\/","url":"https:\/\/prayerspacesinschools.com\/fr\/about-us\/","name":"\u00c0 propos - Prayer Spaces in Schools International","isPartOf":{"@id":"http:\/\/prayerspacesinschools.com\/#website"},"primaryImageOfPage":{"@id":"https:\/\/prayerspacesinschools.com\/fr\/about-us\/#primaryimage"},"image":{"@id":"https:\/\/prayerspacesinschools.com\/fr\/about-us\/#primaryimage"},"thumbnailUrl":"http:\/\/prayerspacesinschools.com\/wp-content\/uploads\/2025\/06\/pic17.jpg","datePublished":"2025-05-08T09:42:31+00:00","dateModified":"2025-10-19T14:54:19+00:00","description":"Our aim is to enable children and young people in schools across the world to explore life\u2019s questions, spirituality, and faith in a safe...","breadcrumb":{"@id":"https:\/\/prayerspacesinschools.com\/fr\/about-us\/#breadcrumb"},"inLanguage":"fr-FR","potentialAction":[{"@type":"ReadAction","target":["https:\/\/prayerspacesinschools.com\/fr\/about-us\/"]}]},{"@type":"ImageObject","inLanguage":"fr-FR","@id":"https:\/\/prayerspacesinschools.com\/fr\/about-us\/#primaryimage","url":"http:\/\/prayerspacesinschools.com\/wp-content\/uploads\/2025\/06\/pic17.jpg","contentUrl":"http:\/\/prayerspacesinschools.com\/wp-content\/uploads\/2025\/06\/pic17.jpg","width":2560,"height":898},{"@type":"BreadcrumbList","@id":"https:\/\/prayerspacesinschools.com\/fr\/about-us\/#breadcrumb","itemListElement":[{"@type":"ListItem","position":1,"name":"Home","item":"https:\/\/prayerspacesinschools.com\/fr\/"},{"@type":"ListItem","position":2,"name":"\u00c0 propos"}]},{"@type":"WebSite","@id":"http:\/\/prayerspacesinschools.com\/#website","url":"http:\/\/prayerspacesinschools.com\/","name":"Prayer Spaces in Schools","description":"Creating space in schools where pupils can pause to reflect or pray","publisher":{"@id":"http:\/\/prayerspacesinschools.com\/#organization"},"potentialAction":[{"@type":"SearchAction","target":{"@type":"EntryPoint","urlTemplate":"http:\/\/prayerspacesinschools.com\/?s={search_term_string}"},"query-input":{"@type":"PropertyValueSpecification","valueRequired":true,"valueName":"search_term_string"}}],"inLanguage":"fr-FR"},{"@type":"Organization","@id":"http:\/\/prayerspacesinschools.com\/#organization","name":"Prayer Spaces in Schools","url":"http:\/\/prayerspacesinschools.com\/","logo":{"@type":"ImageObject","inLanguage":"fr-FR","@id":"http:\/\/prayerspacesinschools.com\/#\/schema\/logo\/image\/","url":"http:\/\/prayerspacesinschools.com\/wp-content\/uploads\/2025\/07\/logo.svg","contentUrl":"http:\/\/prayerspacesinschools.com\/wp-content\/uploads\/2025\/07\/logo.svg","width":125,"height":93,"caption":"Prayer Spaces in Schools"},"image":{"@id":"http:\/\/prayerspacesinschools.com\/#\/schema\/logo\/image\/"}}]}},"_links":{"self":[{"href":"http:\/\/prayerspacesinschools.com\/fr\/wp-json\/wp\/v2\/pages\/1770","targetHints":{"allow":["GET"]}}],"collection":[{"href":"http:\/\/prayerspacesinschools.com\/fr\/wp-json\/wp\/v2\/pages"}],"about":[{"href":"http:\/\/prayerspacesinschools.com\/fr\/wp-json\/wp\/v2\/types\/page"}],"author":[{"embeddable":true,"href":"http:\/\/prayerspacesinschools.com\/fr\/wp-json\/wp\/v2\/users\/1"}],"replies":[{"embeddable":true,"href":"http:\/\/prayerspacesinschools.com\/fr\/wp-json\/wp\/v2\/comments?post=1770"}],"version-history":[{"count":11,"href":"http:\/\/prayerspacesinschools.com\/fr\/wp-json\/wp\/v2\/pages\/1770\/revisions"}],"predecessor-version":[{"id":2127,"href":"http:\/\/prayerspacesinschools.com\/fr\/wp-json\/wp\/v2\/pages\/1770\/revisions\/2127"}],"wp:featuredmedia":[{"embeddable":true,"href":"http:\/\/prayerspacesinschools.com\/fr\/wp-json\/wp\/v2\/media\/1772"}],"wp:attachment":[{"href":"http:\/\/prayerspacesinschools.com\/fr\/wp-json\/wp\/v2\/media?parent=1770"}],"curies":[{"name":"wp","href":"https:\/\/api.w.org\/{rel}","templated":true}]}}