{"id":1747,"date":"2025-05-08T14:30:28","date_gmt":"2025-05-08T13:30:28","guid":{"rendered":"https:\/\/prayerspacesinschools.com\/creating-space-in-schools-where-pupils-can-pause-to-reflect-or-pray\/"},"modified":"2025-09-04T16:03:17","modified_gmt":"2025-09-04T15:03:17","slug":"creating-space-in-schools-where-pupils-can-pause-to-reflect-or-pray","status":"publish","type":"page","link":"http:\/\/prayerspacesinschools.com\/fr\/","title":{"rendered":"Cr\u00e9er des espaces dans les \u00e9coles o\u00f9 les \u00e9l\u00e8ves peuvent s&#8217;arr\u00eater pour r\u00e9fl\u00e9chir ou prier"},"content":{"rendered":"\n<h5 class=\"wp-block-heading has-text-align-center\">Partout dans le monde, les espaces de pri\u00e8re offrent aux enfants et aux jeunes des moyens de r\u00e9fl\u00e9chir et d&#8217;explorer la pri\u00e8re par eux-m\u00eames, \u00e0 travers des activit\u00e9s simples, cr\u00e9atives et interactives. Chaque espace de pri\u00e8re est enracin\u00e9 dans une compr\u00e9hension chr\u00e9tienne de la pri\u00e8re, tout en \u00e9tant accessible \u00e0 tous, quelle que soit leur foi ou syst\u00e8me de croyances.<\/h5>\n\n\n\n<div class=\"wp-block-buttons is-content-justification-center is-layout-flex wp-container-core-buttons-is-layout-16018d1d wp-block-buttons-is-layout-flex\">\n<div class=\"wp-block-button\"><a class=\"wp-block-button__link wp-element-button\" href=\"https:\/\/prayerspacesinschools.com\/fr\/prayer-spaces\/\">\u00c0 propos des espaces de pri\u00e8re<\/a><\/div>\n<\/div>\n","protected":false},"excerpt":{"rendered":"<p>Partout dans le monde, les espaces de pri\u00e8re offrent aux enfants et aux jeunes des moyens de r\u00e9fl\u00e9chir et d&#8217;explorer la pri\u00e8re par eux-m\u00eames, \u00e0 travers des activit\u00e9s simples, cr\u00e9atives et interactives. Chaque espace de pri\u00e8re est enracin\u00e9 dans une compr\u00e9hension chr\u00e9tienne de la pri\u00e8re, tout en \u00e9tant accessible \u00e0 tous, quelle que soit leur [&hellip;]<\/p>\n","protected":false},"author":1,"featured_media":0,"parent":0,"menu_order":0,"comment_status":"closed","ping_status":"closed","template":"","meta":{"_acf_changed":false,"inline_featured_image":false,"footnotes":""},"class_list":["post-1747","page","type-page","status-publish","hentry"],"acf":[],"yoast_head":"<!-- This site is optimized with the Yoast SEO plugin v25.5 - https:\/\/yoast.com\/wordpress\/plugins\/seo\/ -->\n<title>Cr\u00e9er des espaces dans les \u00e9coles o\u00f9 les \u00e9l\u00e8ves peuvent s&#039;arr\u00eater pour r\u00e9fl\u00e9chir ou prier - Prayer Spaces in Schools International<\/title>\n<meta name=\"description\" content=\"Around the world prayer spaces are giving children and young people ways to reflect and explore prayer for themselves using simple activities.\" \/>\n<meta name=\"robots\" content=\"index, follow, max-snippet:-1, max-image-preview:large, max-video-preview:-1\" \/>\n<link rel=\"canonical\" href=\"http:\/\/prayerspacesinschools.com\/fr\/\" \/>\n<meta property=\"og:locale\" content=\"fr_FR\" \/>\n<meta property=\"og:type\" content=\"article\" \/>\n<meta property=\"og:title\" content=\"Cr\u00e9er des espaces dans les \u00e9coles o\u00f9 les \u00e9l\u00e8ves peuvent s&#039;arr\u00eater pour r\u00e9fl\u00e9chir ou prier - Prayer Spaces in Schools International\" \/>\n<meta property=\"og:description\" content=\"Around the world prayer spaces are giving children and young people ways to reflect and explore prayer for themselves using simple activities.\" \/>\n<meta property=\"og:url\" content=\"http:\/\/prayerspacesinschools.com\/fr\/\" \/>\n<meta property=\"og:site_name\" content=\"Prayer Spaces in Schools International\" \/>\n<meta property=\"article:modified_time\" content=\"2025-09-04T15:03:17+00:00\" \/>\n<meta name=\"twitter:card\" content=\"summary_large_image\" \/>\n<meta name=\"twitter:label1\" content=\"Est. reading time\" \/>\n\t<meta name=\"twitter:data1\" content=\"1 minute\" \/>\n<script type=\"application\/ld+json\" class=\"yoast-schema-graph\">{\"@context\":\"https:\/\/schema.org\",\"@graph\":[{\"@type\":\"WebPage\",\"@id\":\"http:\/\/prayerspacesinschools.com\/fr\/\",\"url\":\"http:\/\/prayerspacesinschools.com\/fr\/\",\"name\":\"Cr\u00e9er des espaces dans les \u00e9coles o\u00f9 les \u00e9l\u00e8ves peuvent s'arr\u00eater pour r\u00e9fl\u00e9chir ou prier - Prayer Spaces in Schools International\",\"isPartOf\":{\"@id\":\"http:\/\/prayerspacesinschools.com\/#website\"},\"datePublished\":\"2025-05-08T13:30:28+00:00\",\"dateModified\":\"2025-09-04T15:03:17+00:00\",\"description\":\"Around the world prayer spaces are giving children and young people ways to reflect and explore prayer for themselves using simple activities.\",\"breadcrumb\":{\"@id\":\"http:\/\/prayerspacesinschools.com\/fr\/#breadcrumb\"},\"inLanguage\":\"fr-FR\",\"potentialAction\":[{\"@type\":\"ReadAction\",\"target\":[\"http:\/\/prayerspacesinschools.com\/fr\/\"]}]},{\"@type\":\"BreadcrumbList\",\"@id\":\"http:\/\/prayerspacesinschools.com\/fr\/#breadcrumb\",\"itemListElement\":[{\"@type\":\"ListItem\",\"position\":1,\"name\":\"Home\",\"item\":\"http:\/\/prayerspacesinschools.com\/fr\/\"},{\"@type\":\"ListItem\",\"position\":2,\"name\":\"Cr\u00e9er des espaces dans les \u00e9coles o\u00f9 les \u00e9l\u00e8ves peuvent s&#8217;arr\u00eater pour r\u00e9fl\u00e9chir ou prier\"}]},{\"@type\":\"WebSite\",\"@id\":\"http:\/\/prayerspacesinschools.com\/#website\",\"url\":\"http:\/\/prayerspacesinschools.com\/\",\"name\":\"Prayer Spaces in Schools\",\"description\":\"Creating space in schools where pupils can pause to reflect or pray\",\"publisher\":{\"@id\":\"http:\/\/prayerspacesinschools.com\/#organization\"},\"potentialAction\":[{\"@type\":\"SearchAction\",\"target\":{\"@type\":\"EntryPoint\",\"urlTemplate\":\"http:\/\/prayerspacesinschools.com\/?s={search_term_string}\"},\"query-input\":{\"@type\":\"PropertyValueSpecification\",\"valueRequired\":true,\"valueName\":\"search_term_string\"}}],\"inLanguage\":\"fr-FR\"},{\"@type\":\"Organization\",\"@id\":\"http:\/\/prayerspacesinschools.com\/#organization\",\"name\":\"Prayer Spaces in Schools\",\"url\":\"http:\/\/prayerspacesinschools.com\/\",\"logo\":{\"@type\":\"ImageObject\",\"inLanguage\":\"fr-FR\",\"@id\":\"http:\/\/prayerspacesinschools.com\/#\/schema\/logo\/image\/\",\"url\":\"http:\/\/prayerspacesinschools.com\/wp-content\/uploads\/2025\/07\/logo.svg\",\"contentUrl\":\"http:\/\/prayerspacesinschools.com\/wp-content\/uploads\/2025\/07\/logo.svg\",\"width\":125,\"height\":93,\"caption\":\"Prayer Spaces in Schools\"},\"image\":{\"@id\":\"http:\/\/prayerspacesinschools.com\/#\/schema\/logo\/image\/\"}}]}<\/script>\n<!-- \/ Yoast SEO plugin. -->","yoast_head_json":{"title":"Cr\u00e9er des espaces dans les \u00e9coles o\u00f9 les \u00e9l\u00e8ves peuvent s'arr\u00eater pour r\u00e9fl\u00e9chir ou prier - Prayer Spaces in Schools International","description":"Around the world prayer spaces are giving children and young people ways to reflect and explore prayer for themselves using simple activities.","robots":{"index":"index","follow":"follow","max-snippet":"max-snippet:-1","max-image-preview":"max-image-preview:large","max-video-preview":"max-video-preview:-1"},"canonical":"http:\/\/prayerspacesinschools.com\/fr\/","og_locale":"fr_FR","og_type":"article","og_title":"Cr\u00e9er des espaces dans les \u00e9coles o\u00f9 les \u00e9l\u00e8ves peuvent s'arr\u00eater pour r\u00e9fl\u00e9chir ou prier - Prayer Spaces in Schools International","og_description":"Around the world prayer spaces are giving children and young people ways to reflect and explore prayer for themselves using simple activities.","og_url":"http:\/\/prayerspacesinschools.com\/fr\/","og_site_name":"Prayer Spaces in Schools International","article_modified_time":"2025-09-04T15:03:17+00:00","twitter_card":"summary_large_image","twitter_misc":{"Est. reading time":"1 minute"},"schema":{"@context":"https:\/\/schema.org","@graph":[{"@type":"WebPage","@id":"http:\/\/prayerspacesinschools.com\/fr\/","url":"http:\/\/prayerspacesinschools.com\/fr\/","name":"Cr\u00e9er des espaces dans les \u00e9coles o\u00f9 les \u00e9l\u00e8ves peuvent s'arr\u00eater pour r\u00e9fl\u00e9chir ou prier - Prayer Spaces in Schools International","isPartOf":{"@id":"http:\/\/prayerspacesinschools.com\/#website"},"datePublished":"2025-05-08T13:30:28+00:00","dateModified":"2025-09-04T15:03:17+00:00","description":"Around the world prayer spaces are giving children and young people ways to reflect and explore prayer for themselves using simple activities.","breadcrumb":{"@id":"http:\/\/prayerspacesinschools.com\/fr\/#breadcrumb"},"inLanguage":"fr-FR","potentialAction":[{"@type":"ReadAction","target":["http:\/\/prayerspacesinschools.com\/fr\/"]}]},{"@type":"BreadcrumbList","@id":"http:\/\/prayerspacesinschools.com\/fr\/#breadcrumb","itemListElement":[{"@type":"ListItem","position":1,"name":"Home","item":"http:\/\/prayerspacesinschools.com\/fr\/"},{"@type":"ListItem","position":2,"name":"Cr\u00e9er des espaces dans les \u00e9coles o\u00f9 les \u00e9l\u00e8ves peuvent s&#8217;arr\u00eater pour r\u00e9fl\u00e9chir ou prier"}]},{"@type":"WebSite","@id":"http:\/\/prayerspacesinschools.com\/#website","url":"http:\/\/prayerspacesinschools.com\/","name":"Prayer Spaces in Schools","description":"Creating space in schools where pupils can pause to reflect or pray","publisher":{"@id":"http:\/\/prayerspacesinschools.com\/#organization"},"potentialAction":[{"@type":"SearchAction","target":{"@type":"EntryPoint","urlTemplate":"http:\/\/prayerspacesinschools.com\/?s={search_term_string}"},"query-input":{"@type":"PropertyValueSpecification","valueRequired":true,"valueName":"search_term_string"}}],"inLanguage":"fr-FR"},{"@type":"Organization","@id":"http:\/\/prayerspacesinschools.com\/#organization","name":"Prayer Spaces in Schools","url":"http:\/\/prayerspacesinschools.com\/","logo":{"@type":"ImageObject","inLanguage":"fr-FR","@id":"http:\/\/prayerspacesinschools.com\/#\/schema\/logo\/image\/","url":"http:\/\/prayerspacesinschools.com\/wp-content\/uploads\/2025\/07\/logo.svg","contentUrl":"http:\/\/prayerspacesinschools.com\/wp-content\/uploads\/2025\/07\/logo.svg","width":125,"height":93,"caption":"Prayer Spaces in Schools"},"image":{"@id":"http:\/\/prayerspacesinschools.com\/#\/schema\/logo\/image\/"}}]}},"_links":{"self":[{"href":"http:\/\/prayerspacesinschools.com\/fr\/wp-json\/wp\/v2\/pages\/1747","targetHints":{"allow":["GET"]}}],"collection":[{"href":"http:\/\/prayerspacesinschools.com\/fr\/wp-json\/wp\/v2\/pages"}],"about":[{"href":"http:\/\/prayerspacesinschools.com\/fr\/wp-json\/wp\/v2\/types\/page"}],"author":[{"embeddable":true,"href":"http:\/\/prayerspacesinschools.com\/fr\/wp-json\/wp\/v2\/users\/1"}],"replies":[{"embeddable":true,"href":"http:\/\/prayerspacesinschools.com\/fr\/wp-json\/wp\/v2\/comments?post=1747"}],"version-history":[{"count":12,"href":"http:\/\/prayerspacesinschools.com\/fr\/wp-json\/wp\/v2\/pages\/1747\/revisions"}],"predecessor-version":[{"id":2085,"href":"http:\/\/prayerspacesinschools.com\/fr\/wp-json\/wp\/v2\/pages\/1747\/revisions\/2085"}],"wp:attachment":[{"href":"http:\/\/prayerspacesinschools.com\/fr\/wp-json\/wp\/v2\/media?parent=1747"}],"curies":[{"name":"wp","href":"https:\/\/api.w.org\/{rel}","templated":true}]}}