{"id":2106,"date":"2025-08-27T15:25:16","date_gmt":"2025-08-27T14:25:16","guid":{"rendered":"https:\/\/prayerspacesinschools.com\/?page_id=2106"},"modified":"2025-10-22T09:31:31","modified_gmt":"2025-10-22T08:31:31","slug":"sticky-note-prayers","status":"publish","type":"page","link":"http:\/\/prayerspacesinschools.com\/es\/sticky-note-prayers\/","title":{"rendered":"Sticky Note Prayers"},"content":{"rendered":"\n<p style=\"font-size:18px\">&#8211; <strong>C\u00f3mo los Prayer Spaces in Schools est\u00e1n cambiando las vidas de los j\u00f3venes<\/strong><\/p>\n\n\n\n<div class=\"wp-block-buttons is-layout-flex wp-block-buttons-is-layout-flex\">\n<div class=\"wp-block-button\"><a class=\"wp-block-button__link wp-element-button\" href=\"https:\/\/standrewsbookshop.co.uk\/product\/sticky-note-prayers\/\" target=\"_blank\" rel=\"noreferrer noopener\">C\u00f3mpralo aqu\u00ed (UK)<\/a><\/div>\n\n\n\n<div class=\"wp-block-button\"><a class=\"wp-block-button__link wp-element-button\" href=\"https:\/\/www.amazon.com\/Sticky-Note-Prayers-Schools-Changing\/dp\/1399825682\/\" target=\"_blank\" rel=\"noreferrer noopener\">C\u00f3mpralo aqu\u00ed (US)<\/a><\/div>\n\n\n\n<div class=\"wp-block-button\"><a class=\"wp-block-button__link wp-element-button\" href=\"https:\/\/koorong.com\/product\/sticky-note-prayers-how-prayer-spaces-in-schools_9781399825689\" target=\"_blank\" rel=\"noreferrer noopener\">C\u00f3mpralo aqu\u00ed (AU)<\/a><\/div>\n<\/div>\n\n\n\n<p><em>Sticky Note Prayers<\/em> es m\u00e1s que un simple libro: es la historia de un movimiento que comenz\u00f3 con una nota adhesiva en la pared de un aula\u2026 y que desde entonces ha llegado a m\u00e1s de un mill\u00f3n de ni\u00f1os y j\u00f3venes en m\u00e1s de 7000 espacios de oraci\u00f3n en al menos 35 pa\u00edses.&nbsp;<\/p>\n\n\n\n<p><strong><em>Sticky Note Prayers<\/em> cuenta la historia (hasta ahora) de lo que Dios est\u00e1 haciendo en estos espacios extraordinarios y ordinarios.<\/strong><\/p>\n\n\n\n<p>Escrito por Phil Sokell-Miles, director internacional de Prayer Spaces in Schools (Espacios de oraci\u00f3n en las escuelas), este libro entrelaza historias, investigaciones y reflexiones de la vida real, ofreciendo esperanza, conocimientos y herramientas pr\u00e1cticas para cualquiera que desee crear espacios de oraci\u00f3n y reflexi\u00f3n para la pr\u00f3xima generaci\u00f3n.<\/p>\n\n\n\n<blockquote class=\"wp-block-quote is-style-default is-layout-flow wp-block-quote-is-layout-flow\">\n<p><em>\u00abSticky Note Prayers es una historia brillante y apasionante. Le\u00ed este libro con una sonrisa en los labios y un fuego creciente en mi coraz\u00f3n. La pasi\u00f3n de Phil se transmite con naturalidad en las historias del libro, y los ejercicios que sugiere son claros, pr\u00e1cticos y f\u00e1ciles de llevar a la pr\u00e1ctica. Lo m\u00e1s destacable es que se trata de un mensaje encarnado, y nada habla m\u00e1s alto que el mensaje que hemos vivido\u00bb.<\/em><br>Tyler Staton \u2013 Autor y pastor principal de Bridgetown Church, Portland OR, USA<\/p>\n<\/blockquote>\n\n\n\n<h3 class=\"wp-block-heading\">Gira de formaci\u00f3n \u00ab<em>Sticky Note Prayers<\/em>\u00bb<\/h3>\n\n\n\n<p><strong>Gran Breta\u00f1a \u2013 Octubre de 2025 a marzo de 2026<\/strong><\/p>\n\n\n\n<p>\u00danete a Phil y sus amigos en uno de los eventos de formaci\u00f3n nocturnos de Sticky Note Prayers. Escucha las historias, capta la visi\u00f3n y prep\u00e1rate para llevar un espacio de oraci\u00f3n a tu escuela.<\/p>\n\n\n\n<div class=\"wp-block-buttons wp-block-button is-layout-flex wp-block-buttons-is-layout-flex\">\n<div class=\"wp-block-button\"><a class=\"wp-block-button__link wp-element-button\" href=\"https:\/\/prayerspacesinschools.org\/get-involved\/events\/\">Events Page (GB)<\/a><\/div>\n<\/div>\n\n\n\n<blockquote class=\"wp-block-quote is-style-default is-layout-flow wp-block-quote-is-layout-flow\">\n<p><em>\u201cPara todos aquellos que han rezado en una 24-7 Prayer Room y se han preguntado qu\u00e9 podr\u00eda pasar despu\u00e9s\u2026 este libro podr\u00eda ser la siguiente parte de su aventura.\u201d<\/em><br>Pete Greig &#8211; Autor y fundador de 24-7 Prayer, Guildford, UK<\/p>\n<\/blockquote>\n","protected":false},"excerpt":{"rendered":"<p>&#8211; C\u00f3mo los Prayer Spaces in Schools est\u00e1n cambiando las vidas de los j\u00f3venes Sticky Note Prayers es m\u00e1s que un simple libro: es la historia de un movimiento que comenz\u00f3 con una nota adhesiva en la pared de un aula\u2026 y que desde entonces ha llegado a m\u00e1s de un mill\u00f3n de ni\u00f1os y [&hellip;]<\/p>\n","protected":false},"author":4,"featured_media":1005,"parent":0,"menu_order":0,"comment_status":"closed","ping_status":"closed","template":"","meta":{"_acf_changed":false,"inline_featured_image":false,"footnotes":""},"class_list":["post-2106","page","type-page","status-publish","has-post-thumbnail","hentry"],"acf":[],"yoast_head":"<!-- This site is optimized with the Yoast SEO plugin v27.4 - https:\/\/yoast.com\/product\/yoast-seo-wordpress\/ -->\n<title>Sticky Note Prayers - Prayer Spaces in Schools International<\/title>\n<meta name=\"description\" content=\"Around the world prayer spaces are giving children and young people ways to reflect and explore prayer for themselves using simple activities.\" \/>\n<meta name=\"robots\" content=\"index, follow, max-snippet:-1, max-image-preview:large, max-video-preview:-1\" \/>\n<link rel=\"canonical\" href=\"http:\/\/prayerspacesinschools.com\/es\/sticky-note-prayers\/\" \/>\n<meta property=\"og:locale\" content=\"es_ES\" \/>\n<meta property=\"og:type\" content=\"article\" \/>\n<meta property=\"og:title\" content=\"Sticky Note Prayers - Prayer Spaces in Schools International\" \/>\n<meta property=\"og:description\" content=\"Around the world prayer spaces are giving children and young people ways to reflect and explore prayer for themselves using simple activities.\" \/>\n<meta property=\"og:url\" content=\"http:\/\/prayerspacesinschools.com\/es\/sticky-note-prayers\/\" \/>\n<meta property=\"og:site_name\" content=\"Prayer Spaces in Schools International\" \/>\n<meta property=\"article:modified_time\" content=\"2025-10-22T08:31:31+00:00\" \/>\n<meta property=\"og:image\" content=\"http:\/\/prayerspacesinschools.com\/wp-content\/uploads\/2025\/06\/Sticky-Note-Prayers.jpg\" \/>\n\t<meta property=\"og:image:width\" content=\"1004\" \/>\n\t<meta property=\"og:image:height\" content=\"669\" \/>\n\t<meta property=\"og:image:type\" content=\"image\/jpeg\" \/>\n<meta name=\"twitter:card\" content=\"summary_large_image\" \/>\n<meta name=\"twitter:label1\" content=\"Est. reading time\" \/>\n\t<meta name=\"twitter:data1\" content=\"2 minutes\" \/>\n<script type=\"application\/ld+json\" class=\"yoast-schema-graph\">{\"@context\":\"https:\\\/\\\/schema.org\",\"@graph\":[{\"@type\":\"WebPage\",\"@id\":\"http:\\\/\\\/prayerspacesinschools.com\\\/es\\\/sticky-note-prayers\\\/\",\"url\":\"http:\\\/\\\/prayerspacesinschools.com\\\/es\\\/sticky-note-prayers\\\/\",\"name\":\"Sticky Note Prayers - Prayer Spaces in Schools International\",\"isPartOf\":{\"@id\":\"https:\\\/\\\/prayerspacesinschools.com\\\/#website\"},\"primaryImageOfPage\":{\"@id\":\"http:\\\/\\\/prayerspacesinschools.com\\\/es\\\/sticky-note-prayers\\\/#primaryimage\"},\"image\":{\"@id\":\"http:\\\/\\\/prayerspacesinschools.com\\\/es\\\/sticky-note-prayers\\\/#primaryimage\"},\"thumbnailUrl\":\"http:\\\/\\\/prayerspacesinschools.com\\\/wp-content\\\/uploads\\\/2025\\\/06\\\/Sticky-Note-Prayers.jpg\",\"datePublished\":\"2025-08-27T14:25:16+00:00\",\"dateModified\":\"2025-10-22T08:31:31+00:00\",\"description\":\"Around the world prayer spaces are giving children and young people ways to reflect and explore prayer for themselves using simple activities.\",\"breadcrumb\":{\"@id\":\"http:\\\/\\\/prayerspacesinschools.com\\\/es\\\/sticky-note-prayers\\\/#breadcrumb\"},\"inLanguage\":\"es-ES\",\"potentialAction\":[{\"@type\":\"ReadAction\",\"target\":[\"http:\\\/\\\/prayerspacesinschools.com\\\/es\\\/sticky-note-prayers\\\/\"]}]},{\"@type\":\"ImageObject\",\"inLanguage\":\"es-ES\",\"@id\":\"http:\\\/\\\/prayerspacesinschools.com\\\/es\\\/sticky-note-prayers\\\/#primaryimage\",\"url\":\"http:\\\/\\\/prayerspacesinschools.com\\\/wp-content\\\/uploads\\\/2025\\\/06\\\/Sticky-Note-Prayers.jpg\",\"contentUrl\":\"http:\\\/\\\/prayerspacesinschools.com\\\/wp-content\\\/uploads\\\/2025\\\/06\\\/Sticky-Note-Prayers.jpg\",\"width\":1004,\"height\":669},{\"@type\":\"BreadcrumbList\",\"@id\":\"http:\\\/\\\/prayerspacesinschools.com\\\/es\\\/sticky-note-prayers\\\/#breadcrumb\",\"itemListElement\":[{\"@type\":\"ListItem\",\"position\":1,\"name\":\"Home\",\"item\":\"http:\\\/\\\/prayerspacesinschools.com\\\/es\\\/\"},{\"@type\":\"ListItem\",\"position\":2,\"name\":\"Sticky Note Prayers\"}]},{\"@type\":\"WebSite\",\"@id\":\"https:\\\/\\\/prayerspacesinschools.com\\\/#website\",\"url\":\"https:\\\/\\\/prayerspacesinschools.com\\\/\",\"name\":\"Prayer Spaces in Schools\",\"description\":\"Creating space in schools where pupils can pause to reflect or pray\",\"publisher\":{\"@id\":\"https:\\\/\\\/prayerspacesinschools.com\\\/#organization\"},\"potentialAction\":[{\"@type\":\"SearchAction\",\"target\":{\"@type\":\"EntryPoint\",\"urlTemplate\":\"https:\\\/\\\/prayerspacesinschools.com\\\/?s={search_term_string}\"},\"query-input\":{\"@type\":\"PropertyValueSpecification\",\"valueRequired\":true,\"valueName\":\"search_term_string\"}}],\"inLanguage\":\"es-ES\"},{\"@type\":\"Organization\",\"@id\":\"https:\\\/\\\/prayerspacesinschools.com\\\/#organization\",\"name\":\"Prayer Spaces in Schools\",\"url\":\"https:\\\/\\\/prayerspacesinschools.com\\\/\",\"logo\":{\"@type\":\"ImageObject\",\"inLanguage\":\"es-ES\",\"@id\":\"https:\\\/\\\/prayerspacesinschools.com\\\/#\\\/schema\\\/logo\\\/image\\\/\",\"url\":\"http:\\\/\\\/prayerspacesinschools.com\\\/wp-content\\\/uploads\\\/2025\\\/07\\\/logo.svg\",\"contentUrl\":\"http:\\\/\\\/prayerspacesinschools.com\\\/wp-content\\\/uploads\\\/2025\\\/07\\\/logo.svg\",\"width\":125,\"height\":93,\"caption\":\"Prayer Spaces in Schools\"},\"image\":{\"@id\":\"https:\\\/\\\/prayerspacesinschools.com\\\/#\\\/schema\\\/logo\\\/image\\\/\"}}]}<\/script>\n<!-- \/ Yoast SEO plugin. -->","yoast_head_json":{"title":"Sticky Note Prayers - Prayer Spaces in Schools International","description":"Around the world prayer spaces are giving children and young people ways to reflect and explore prayer for themselves using simple activities.","robots":{"index":"index","follow":"follow","max-snippet":"max-snippet:-1","max-image-preview":"max-image-preview:large","max-video-preview":"max-video-preview:-1"},"canonical":"http:\/\/prayerspacesinschools.com\/es\/sticky-note-prayers\/","og_locale":"es_ES","og_type":"article","og_title":"Sticky Note Prayers - Prayer Spaces in Schools International","og_description":"Around the world prayer spaces are giving children and young people ways to reflect and explore prayer for themselves using simple activities.","og_url":"http:\/\/prayerspacesinschools.com\/es\/sticky-note-prayers\/","og_site_name":"Prayer Spaces in Schools International","article_modified_time":"2025-10-22T08:31:31+00:00","og_image":[{"width":1004,"height":669,"url":"http:\/\/prayerspacesinschools.com\/wp-content\/uploads\/2025\/06\/Sticky-Note-Prayers.jpg","type":"image\/jpeg"}],"twitter_card":"summary_large_image","twitter_misc":{"Est. reading time":"2 minutes"},"schema":{"@context":"https:\/\/schema.org","@graph":[{"@type":"WebPage","@id":"http:\/\/prayerspacesinschools.com\/es\/sticky-note-prayers\/","url":"http:\/\/prayerspacesinschools.com\/es\/sticky-note-prayers\/","name":"Sticky Note Prayers - Prayer Spaces in Schools International","isPartOf":{"@id":"https:\/\/prayerspacesinschools.com\/#website"},"primaryImageOfPage":{"@id":"http:\/\/prayerspacesinschools.com\/es\/sticky-note-prayers\/#primaryimage"},"image":{"@id":"http:\/\/prayerspacesinschools.com\/es\/sticky-note-prayers\/#primaryimage"},"thumbnailUrl":"http:\/\/prayerspacesinschools.com\/wp-content\/uploads\/2025\/06\/Sticky-Note-Prayers.jpg","datePublished":"2025-08-27T14:25:16+00:00","dateModified":"2025-10-22T08:31:31+00:00","description":"Around the world prayer spaces are giving children and young people ways to reflect and explore prayer for themselves using simple activities.","breadcrumb":{"@id":"http:\/\/prayerspacesinschools.com\/es\/sticky-note-prayers\/#breadcrumb"},"inLanguage":"es-ES","potentialAction":[{"@type":"ReadAction","target":["http:\/\/prayerspacesinschools.com\/es\/sticky-note-prayers\/"]}]},{"@type":"ImageObject","inLanguage":"es-ES","@id":"http:\/\/prayerspacesinschools.com\/es\/sticky-note-prayers\/#primaryimage","url":"http:\/\/prayerspacesinschools.com\/wp-content\/uploads\/2025\/06\/Sticky-Note-Prayers.jpg","contentUrl":"http:\/\/prayerspacesinschools.com\/wp-content\/uploads\/2025\/06\/Sticky-Note-Prayers.jpg","width":1004,"height":669},{"@type":"BreadcrumbList","@id":"http:\/\/prayerspacesinschools.com\/es\/sticky-note-prayers\/#breadcrumb","itemListElement":[{"@type":"ListItem","position":1,"name":"Home","item":"http:\/\/prayerspacesinschools.com\/es\/"},{"@type":"ListItem","position":2,"name":"Sticky Note Prayers"}]},{"@type":"WebSite","@id":"https:\/\/prayerspacesinschools.com\/#website","url":"https:\/\/prayerspacesinschools.com\/","name":"Prayer Spaces in Schools","description":"Creating space in schools where pupils can pause to reflect or pray","publisher":{"@id":"https:\/\/prayerspacesinschools.com\/#organization"},"potentialAction":[{"@type":"SearchAction","target":{"@type":"EntryPoint","urlTemplate":"https:\/\/prayerspacesinschools.com\/?s={search_term_string}"},"query-input":{"@type":"PropertyValueSpecification","valueRequired":true,"valueName":"search_term_string"}}],"inLanguage":"es-ES"},{"@type":"Organization","@id":"https:\/\/prayerspacesinschools.com\/#organization","name":"Prayer Spaces in Schools","url":"https:\/\/prayerspacesinschools.com\/","logo":{"@type":"ImageObject","inLanguage":"es-ES","@id":"https:\/\/prayerspacesinschools.com\/#\/schema\/logo\/image\/","url":"http:\/\/prayerspacesinschools.com\/wp-content\/uploads\/2025\/07\/logo.svg","contentUrl":"http:\/\/prayerspacesinschools.com\/wp-content\/uploads\/2025\/07\/logo.svg","width":125,"height":93,"caption":"Prayer Spaces in Schools"},"image":{"@id":"https:\/\/prayerspacesinschools.com\/#\/schema\/logo\/image\/"}}]}},"_links":{"self":[{"href":"http:\/\/prayerspacesinschools.com\/es\/wp-json\/wp\/v2\/pages\/2106","targetHints":{"allow":["GET"]}}],"collection":[{"href":"http:\/\/prayerspacesinschools.com\/es\/wp-json\/wp\/v2\/pages"}],"about":[{"href":"http:\/\/prayerspacesinschools.com\/es\/wp-json\/wp\/v2\/types\/page"}],"author":[{"embeddable":true,"href":"http:\/\/prayerspacesinschools.com\/es\/wp-json\/wp\/v2\/users\/4"}],"replies":[{"embeddable":true,"href":"http:\/\/prayerspacesinschools.com\/es\/wp-json\/wp\/v2\/comments?post=2106"}],"version-history":[{"count":3,"href":"http:\/\/prayerspacesinschools.com\/es\/wp-json\/wp\/v2\/pages\/2106\/revisions"}],"predecessor-version":[{"id":2140,"href":"http:\/\/prayerspacesinschools.com\/es\/wp-json\/wp\/v2\/pages\/2106\/revisions\/2140"}],"wp:featuredmedia":[{"embeddable":true,"href":"http:\/\/prayerspacesinschools.com\/es\/wp-json\/wp\/v2\/media\/1005"}],"wp:attachment":[{"href":"http:\/\/prayerspacesinschools.com\/es\/wp-json\/wp\/v2\/media?parent=2106"}],"curies":[{"name":"wp","href":"https:\/\/api.w.org\/{rel}","templated":true}]}}