{"id":1345,"date":"2025-05-08T10:44:35","date_gmt":"2025-05-08T09:44:35","guid":{"rendered":"http:\/\/prayerspacesinschools.com\/prayer-spaces\/"},"modified":"2025-09-04T09:24:39","modified_gmt":"2025-09-04T08:24:39","slug":"prayer-spaces","status":"publish","type":"page","link":"http:\/\/prayerspacesinschools.com\/es\/prayer-spaces\/","title":{"rendered":"Espacios de oraci\u00f3n"},"content":{"rendered":"\n<h5 class=\"wp-block-heading\">Los espacios de oraci\u00f3n en las escuelas permiten a los ni\u00f1os y j\u00f3venes, que profesan una o ninguna religi\u00f3n, explorar las preguntas de la vida, la espiritualidad y la fe de una manera segura, creativa e interactiva.<\/h5>\n","protected":false},"excerpt":{"rendered":"<p>Los espacios de oraci\u00f3n en las escuelas permiten a los ni\u00f1os y j\u00f3venes, que profesan una o ninguna religi\u00f3n, explorar las preguntas de la vida, la espiritualidad y la fe de una manera segura, creativa e interactiva.<\/p>\n","protected":false},"author":1,"featured_media":1347,"parent":0,"menu_order":0,"comment_status":"closed","ping_status":"closed","template":"page-templates\/prayer-spaces.php","meta":{"_acf_changed":false,"inline_featured_image":false,"footnotes":""},"class_list":["post-1345","page","type-page","status-publish","has-post-thumbnail","hentry"],"acf":[],"yoast_head":"<!-- This site is optimized with the Yoast SEO plugin v25.5 - https:\/\/yoast.com\/wordpress\/plugins\/seo\/ -->\n<title>Espacios de oraci\u00f3n - Prayer Spaces in Schools International<\/title>\n<meta name=\"description\" content=\"Around the world prayer spaces are giving children and young people ways to reflect and explore prayer for themselves using simple activities.\" \/>\n<meta name=\"robots\" content=\"index, follow, max-snippet:-1, max-image-preview:large, max-video-preview:-1\" \/>\n<link rel=\"canonical\" href=\"https:\/\/prayerspacesinschools.com\/es\/prayer-spaces\/\" \/>\n<meta property=\"og:locale\" content=\"es_ES\" \/>\n<meta property=\"og:type\" content=\"article\" \/>\n<meta property=\"og:title\" content=\"Espacios de oraci\u00f3n - Prayer Spaces in Schools International\" \/>\n<meta property=\"og:description\" content=\"Around the world prayer spaces are giving children and young people ways to reflect and explore prayer for themselves using simple activities.\" \/>\n<meta property=\"og:url\" content=\"https:\/\/prayerspacesinschools.com\/es\/prayer-spaces\/\" \/>\n<meta property=\"og:site_name\" content=\"Prayer Spaces in Schools International\" \/>\n<meta property=\"article:modified_time\" content=\"2025-09-04T08:24:39+00:00\" \/>\n<meta property=\"og:image\" content=\"https:\/\/prayerspacesinschools.com\/wp-content\/uploads\/2025\/06\/pic7.jpg\" \/>\n\t<meta property=\"og:image:width\" content=\"2560\" \/>\n\t<meta property=\"og:image:height\" content=\"898\" \/>\n\t<meta property=\"og:image:type\" content=\"image\/jpeg\" \/>\n<meta name=\"twitter:card\" content=\"summary_large_image\" \/>\n<meta name=\"twitter:label1\" content=\"Est. reading time\" \/>\n\t<meta name=\"twitter:data1\" content=\"1 minute\" \/>\n<script type=\"application\/ld+json\" class=\"yoast-schema-graph\">{\"@context\":\"https:\/\/schema.org\",\"@graph\":[{\"@type\":\"WebPage\",\"@id\":\"https:\/\/prayerspacesinschools.com\/es\/prayer-spaces\/\",\"url\":\"https:\/\/prayerspacesinschools.com\/es\/prayer-spaces\/\",\"name\":\"Espacios de oraci\u00f3n - Prayer Spaces in Schools International\",\"isPartOf\":{\"@id\":\"http:\/\/prayerspacesinschools.com\/#website\"},\"primaryImageOfPage\":{\"@id\":\"https:\/\/prayerspacesinschools.com\/es\/prayer-spaces\/#primaryimage\"},\"image\":{\"@id\":\"https:\/\/prayerspacesinschools.com\/es\/prayer-spaces\/#primaryimage\"},\"thumbnailUrl\":\"http:\/\/prayerspacesinschools.com\/wp-content\/uploads\/2025\/06\/pic7.jpg\",\"datePublished\":\"2025-05-08T09:44:35+00:00\",\"dateModified\":\"2025-09-04T08:24:39+00:00\",\"description\":\"Around the world prayer spaces are giving children and young people ways to reflect and explore prayer for themselves using simple activities.\",\"breadcrumb\":{\"@id\":\"https:\/\/prayerspacesinschools.com\/es\/prayer-spaces\/#breadcrumb\"},\"inLanguage\":\"es-ES\",\"potentialAction\":[{\"@type\":\"ReadAction\",\"target\":[\"https:\/\/prayerspacesinschools.com\/es\/prayer-spaces\/\"]}]},{\"@type\":\"ImageObject\",\"inLanguage\":\"es-ES\",\"@id\":\"https:\/\/prayerspacesinschools.com\/es\/prayer-spaces\/#primaryimage\",\"url\":\"http:\/\/prayerspacesinschools.com\/wp-content\/uploads\/2025\/06\/pic7.jpg\",\"contentUrl\":\"http:\/\/prayerspacesinschools.com\/wp-content\/uploads\/2025\/06\/pic7.jpg\",\"width\":2560,\"height\":898},{\"@type\":\"BreadcrumbList\",\"@id\":\"https:\/\/prayerspacesinschools.com\/es\/prayer-spaces\/#breadcrumb\",\"itemListElement\":[{\"@type\":\"ListItem\",\"position\":1,\"name\":\"Home\",\"item\":\"https:\/\/prayerspacesinschools.com\/es\/\"},{\"@type\":\"ListItem\",\"position\":2,\"name\":\"Espacios de oraci\u00f3n\"}]},{\"@type\":\"WebSite\",\"@id\":\"http:\/\/prayerspacesinschools.com\/#website\",\"url\":\"http:\/\/prayerspacesinschools.com\/\",\"name\":\"Prayer Spaces in Schools\",\"description\":\"Creating space in schools where pupils can pause to reflect or pray\",\"publisher\":{\"@id\":\"http:\/\/prayerspacesinschools.com\/#organization\"},\"potentialAction\":[{\"@type\":\"SearchAction\",\"target\":{\"@type\":\"EntryPoint\",\"urlTemplate\":\"http:\/\/prayerspacesinschools.com\/?s={search_term_string}\"},\"query-input\":{\"@type\":\"PropertyValueSpecification\",\"valueRequired\":true,\"valueName\":\"search_term_string\"}}],\"inLanguage\":\"es-ES\"},{\"@type\":\"Organization\",\"@id\":\"http:\/\/prayerspacesinschools.com\/#organization\",\"name\":\"Prayer Spaces in Schools\",\"url\":\"http:\/\/prayerspacesinschools.com\/\",\"logo\":{\"@type\":\"ImageObject\",\"inLanguage\":\"es-ES\",\"@id\":\"http:\/\/prayerspacesinschools.com\/#\/schema\/logo\/image\/\",\"url\":\"http:\/\/prayerspacesinschools.com\/wp-content\/uploads\/2025\/07\/logo.svg\",\"contentUrl\":\"http:\/\/prayerspacesinschools.com\/wp-content\/uploads\/2025\/07\/logo.svg\",\"width\":125,\"height\":93,\"caption\":\"Prayer Spaces in Schools\"},\"image\":{\"@id\":\"http:\/\/prayerspacesinschools.com\/#\/schema\/logo\/image\/\"}}]}<\/script>\n<!-- \/ Yoast SEO plugin. -->","yoast_head_json":{"title":"Espacios de oraci\u00f3n - Prayer Spaces in Schools International","description":"Around the world prayer spaces are giving children and young people ways to reflect and explore prayer for themselves using simple activities.","robots":{"index":"index","follow":"follow","max-snippet":"max-snippet:-1","max-image-preview":"max-image-preview:large","max-video-preview":"max-video-preview:-1"},"canonical":"https:\/\/prayerspacesinschools.com\/es\/prayer-spaces\/","og_locale":"es_ES","og_type":"article","og_title":"Espacios de oraci\u00f3n - Prayer Spaces in Schools International","og_description":"Around the world prayer spaces are giving children and young people ways to reflect and explore prayer for themselves using simple activities.","og_url":"https:\/\/prayerspacesinschools.com\/es\/prayer-spaces\/","og_site_name":"Prayer Spaces in Schools International","article_modified_time":"2025-09-04T08:24:39+00:00","og_image":[{"width":2560,"height":898,"url":"https:\/\/prayerspacesinschools.com\/wp-content\/uploads\/2025\/06\/pic7.jpg","type":"image\/jpeg"}],"twitter_card":"summary_large_image","twitter_misc":{"Est. reading time":"1 minute"},"schema":{"@context":"https:\/\/schema.org","@graph":[{"@type":"WebPage","@id":"https:\/\/prayerspacesinschools.com\/es\/prayer-spaces\/","url":"https:\/\/prayerspacesinschools.com\/es\/prayer-spaces\/","name":"Espacios de oraci\u00f3n - Prayer Spaces in Schools International","isPartOf":{"@id":"http:\/\/prayerspacesinschools.com\/#website"},"primaryImageOfPage":{"@id":"https:\/\/prayerspacesinschools.com\/es\/prayer-spaces\/#primaryimage"},"image":{"@id":"https:\/\/prayerspacesinschools.com\/es\/prayer-spaces\/#primaryimage"},"thumbnailUrl":"http:\/\/prayerspacesinschools.com\/wp-content\/uploads\/2025\/06\/pic7.jpg","datePublished":"2025-05-08T09:44:35+00:00","dateModified":"2025-09-04T08:24:39+00:00","description":"Around the world prayer spaces are giving children and young people ways to reflect and explore prayer for themselves using simple activities.","breadcrumb":{"@id":"https:\/\/prayerspacesinschools.com\/es\/prayer-spaces\/#breadcrumb"},"inLanguage":"es-ES","potentialAction":[{"@type":"ReadAction","target":["https:\/\/prayerspacesinschools.com\/es\/prayer-spaces\/"]}]},{"@type":"ImageObject","inLanguage":"es-ES","@id":"https:\/\/prayerspacesinschools.com\/es\/prayer-spaces\/#primaryimage","url":"http:\/\/prayerspacesinschools.com\/wp-content\/uploads\/2025\/06\/pic7.jpg","contentUrl":"http:\/\/prayerspacesinschools.com\/wp-content\/uploads\/2025\/06\/pic7.jpg","width":2560,"height":898},{"@type":"BreadcrumbList","@id":"https:\/\/prayerspacesinschools.com\/es\/prayer-spaces\/#breadcrumb","itemListElement":[{"@type":"ListItem","position":1,"name":"Home","item":"https:\/\/prayerspacesinschools.com\/es\/"},{"@type":"ListItem","position":2,"name":"Espacios de oraci\u00f3n"}]},{"@type":"WebSite","@id":"http:\/\/prayerspacesinschools.com\/#website","url":"http:\/\/prayerspacesinschools.com\/","name":"Prayer Spaces in Schools","description":"Creating space in schools where pupils can pause to reflect or pray","publisher":{"@id":"http:\/\/prayerspacesinschools.com\/#organization"},"potentialAction":[{"@type":"SearchAction","target":{"@type":"EntryPoint","urlTemplate":"http:\/\/prayerspacesinschools.com\/?s={search_term_string}"},"query-input":{"@type":"PropertyValueSpecification","valueRequired":true,"valueName":"search_term_string"}}],"inLanguage":"es-ES"},{"@type":"Organization","@id":"http:\/\/prayerspacesinschools.com\/#organization","name":"Prayer Spaces in Schools","url":"http:\/\/prayerspacesinschools.com\/","logo":{"@type":"ImageObject","inLanguage":"es-ES","@id":"http:\/\/prayerspacesinschools.com\/#\/schema\/logo\/image\/","url":"http:\/\/prayerspacesinschools.com\/wp-content\/uploads\/2025\/07\/logo.svg","contentUrl":"http:\/\/prayerspacesinschools.com\/wp-content\/uploads\/2025\/07\/logo.svg","width":125,"height":93,"caption":"Prayer Spaces in Schools"},"image":{"@id":"http:\/\/prayerspacesinschools.com\/#\/schema\/logo\/image\/"}}]}},"_links":{"self":[{"href":"http:\/\/prayerspacesinschools.com\/es\/wp-json\/wp\/v2\/pages\/1345","targetHints":{"allow":["GET"]}}],"collection":[{"href":"http:\/\/prayerspacesinschools.com\/es\/wp-json\/wp\/v2\/pages"}],"about":[{"href":"http:\/\/prayerspacesinschools.com\/es\/wp-json\/wp\/v2\/types\/page"}],"author":[{"embeddable":true,"href":"http:\/\/prayerspacesinschools.com\/es\/wp-json\/wp\/v2\/users\/1"}],"replies":[{"embeddable":true,"href":"http:\/\/prayerspacesinschools.com\/es\/wp-json\/wp\/v2\/comments?post=1345"}],"version-history":[{"count":5,"href":"http:\/\/prayerspacesinschools.com\/es\/wp-json\/wp\/v2\/pages\/1345\/revisions"}],"predecessor-version":[{"id":2034,"href":"http:\/\/prayerspacesinschools.com\/es\/wp-json\/wp\/v2\/pages\/1345\/revisions\/2034"}],"wp:featuredmedia":[{"embeddable":true,"href":"http:\/\/prayerspacesinschools.com\/es\/wp-json\/wp\/v2\/media\/1347"}],"wp:attachment":[{"href":"http:\/\/prayerspacesinschools.com\/es\/wp-json\/wp\/v2\/media?parent=1345"}],"curies":[{"name":"wp","href":"https:\/\/api.w.org\/{rel}","templated":true}]}}