{"id":1316,"date":"2025-05-08T10:45:08","date_gmt":"2025-05-08T09:45:08","guid":{"rendered":"http:\/\/prayerspacesinschools.com\/donate\/"},"modified":"2025-07-17T09:50:17","modified_gmt":"2025-07-17T08:50:17","slug":"donate","status":"publish","type":"page","link":"http:\/\/prayerspacesinschools.com\/es\/donate\/","title":{"rendered":"Ay\u00fadenos a ayudar a otros a orar"},"content":{"rendered":"\n<h5 class=\"wp-block-heading has-text-align-center\">M\u00e1s de un mill\u00f3n de ni\u00f1os y j\u00f3venes, de al menos 37 pa\u00edses, han participado en un espacio de oraci\u00f3n en su escuela desde que comenz\u00f3 este movimiento. Cada a\u00f1o, cientos de miles m\u00e1s descubren la oraci\u00f3n por primera vez de una manera sencilla, creativa y, a menudo, transformadora.<\/h5>\n\n\n\n<p class=\"has-text-align-center\">Prayer Spaces in Schools es uno de los proyectos de 24-7 Prayer que m\u00e1s r\u00e1pido est\u00e1 creciendo, pero necesitamos su ayuda para seguir desarrollando esta importante labor. \u00danete a nosotros como colaborador mensual o haz una donaci\u00f3n \u00fanica hoy mismo.<\/p>\n\n\n\n<p><\/p>\n","protected":false},"excerpt":{"rendered":"<p>M\u00e1s de un mill\u00f3n de ni\u00f1os y j\u00f3venes, de al menos 37 pa\u00edses, han participado en un espacio de oraci\u00f3n en su escuela desde que comenz\u00f3 este movimiento. Cada a\u00f1o, cientos de miles m\u00e1s descubren la oraci\u00f3n por primera vez de una manera sencilla, creativa y, a menudo, transformadora. Prayer Spaces in Schools es uno [&hellip;]<\/p>\n","protected":false},"author":1,"featured_media":1318,"parent":0,"menu_order":0,"comment_status":"closed","ping_status":"closed","template":"page-templates\/donate.php","meta":{"_acf_changed":false,"inline_featured_image":false,"footnotes":""},"class_list":["post-1316","page","type-page","status-publish","has-post-thumbnail","hentry"],"acf":[],"yoast_head":"<!-- This site is optimized with the Yoast SEO plugin v25.5 - https:\/\/yoast.com\/wordpress\/plugins\/seo\/ -->\n<title>Ay\u00fadenos a ayudar a otros a orar - Prayer Spaces in Schools International<\/title>\n<meta name=\"description\" content=\"Around the world prayer spaces are giving children and young people ways to reflect and explore prayer for themselves using simple activities.\" \/>\n<meta name=\"robots\" content=\"index, follow, max-snippet:-1, max-image-preview:large, max-video-preview:-1\" \/>\n<link rel=\"canonical\" href=\"http:\/\/prayerspacesinschools.com\/es\/donate\/\" \/>\n<meta property=\"og:locale\" content=\"es_ES\" \/>\n<meta property=\"og:type\" content=\"article\" \/>\n<meta property=\"og:title\" content=\"Ay\u00fadenos a ayudar a otros a orar - Prayer Spaces in Schools International\" \/>\n<meta property=\"og:description\" content=\"Around the world prayer spaces are giving children and young people ways to reflect and explore prayer for themselves using simple activities.\" \/>\n<meta property=\"og:url\" content=\"http:\/\/prayerspacesinschools.com\/es\/donate\/\" \/>\n<meta property=\"og:site_name\" content=\"Prayer Spaces in Schools International\" \/>\n<meta property=\"article:modified_time\" content=\"2025-07-17T08:50:17+00:00\" \/>\n<meta property=\"og:image\" content=\"http:\/\/prayerspacesinschools.com\/wp-content\/uploads\/2025\/06\/pic22.jpg\" \/>\n\t<meta property=\"og:image:width\" content=\"2560\" \/>\n\t<meta property=\"og:image:height\" content=\"898\" \/>\n\t<meta property=\"og:image:type\" content=\"image\/jpeg\" \/>\n<meta name=\"twitter:card\" content=\"summary_large_image\" \/>\n<meta name=\"twitter:label1\" content=\"Est. reading time\" \/>\n\t<meta name=\"twitter:data1\" content=\"1 minute\" \/>\n<script type=\"application\/ld+json\" class=\"yoast-schema-graph\">{\"@context\":\"https:\/\/schema.org\",\"@graph\":[{\"@type\":\"WebPage\",\"@id\":\"http:\/\/prayerspacesinschools.com\/es\/donate\/\",\"url\":\"http:\/\/prayerspacesinschools.com\/es\/donate\/\",\"name\":\"Ay\u00fadenos a ayudar a otros a orar - Prayer Spaces in Schools International\",\"isPartOf\":{\"@id\":\"http:\/\/prayerspacesinschools.com\/#website\"},\"primaryImageOfPage\":{\"@id\":\"http:\/\/prayerspacesinschools.com\/es\/donate\/#primaryimage\"},\"image\":{\"@id\":\"http:\/\/prayerspacesinschools.com\/es\/donate\/#primaryimage\"},\"thumbnailUrl\":\"http:\/\/prayerspacesinschools.com\/wp-content\/uploads\/2025\/06\/pic22.jpg\",\"datePublished\":\"2025-05-08T09:45:08+00:00\",\"dateModified\":\"2025-07-17T08:50:17+00:00\",\"description\":\"Around the world prayer spaces are giving children and young people ways to reflect and explore prayer for themselves using simple activities.\",\"breadcrumb\":{\"@id\":\"http:\/\/prayerspacesinschools.com\/es\/donate\/#breadcrumb\"},\"inLanguage\":\"es-ES\",\"potentialAction\":[{\"@type\":\"ReadAction\",\"target\":[\"http:\/\/prayerspacesinschools.com\/es\/donate\/\"]}]},{\"@type\":\"ImageObject\",\"inLanguage\":\"es-ES\",\"@id\":\"http:\/\/prayerspacesinschools.com\/es\/donate\/#primaryimage\",\"url\":\"http:\/\/prayerspacesinschools.com\/wp-content\/uploads\/2025\/06\/pic22.jpg\",\"contentUrl\":\"http:\/\/prayerspacesinschools.com\/wp-content\/uploads\/2025\/06\/pic22.jpg\",\"width\":2560,\"height\":898},{\"@type\":\"BreadcrumbList\",\"@id\":\"http:\/\/prayerspacesinschools.com\/es\/donate\/#breadcrumb\",\"itemListElement\":[{\"@type\":\"ListItem\",\"position\":1,\"name\":\"Home\",\"item\":\"https:\/\/prayerspacesinschools.com\/es\/\"},{\"@type\":\"ListItem\",\"position\":2,\"name\":\"Ay\u00fadenos a ayudar a otros a orar\"}]},{\"@type\":\"WebSite\",\"@id\":\"http:\/\/prayerspacesinschools.com\/#website\",\"url\":\"http:\/\/prayerspacesinschools.com\/\",\"name\":\"Prayer Spaces in Schools\",\"description\":\"Creating space in schools where pupils can pause to reflect or pray\",\"publisher\":{\"@id\":\"http:\/\/prayerspacesinschools.com\/#organization\"},\"potentialAction\":[{\"@type\":\"SearchAction\",\"target\":{\"@type\":\"EntryPoint\",\"urlTemplate\":\"http:\/\/prayerspacesinschools.com\/?s={search_term_string}\"},\"query-input\":{\"@type\":\"PropertyValueSpecification\",\"valueRequired\":true,\"valueName\":\"search_term_string\"}}],\"inLanguage\":\"es-ES\"},{\"@type\":\"Organization\",\"@id\":\"http:\/\/prayerspacesinschools.com\/#organization\",\"name\":\"Prayer Spaces in Schools\",\"url\":\"http:\/\/prayerspacesinschools.com\/\",\"logo\":{\"@type\":\"ImageObject\",\"inLanguage\":\"es-ES\",\"@id\":\"http:\/\/prayerspacesinschools.com\/#\/schema\/logo\/image\/\",\"url\":\"http:\/\/prayerspacesinschools.com\/wp-content\/uploads\/2025\/07\/logo.svg\",\"contentUrl\":\"http:\/\/prayerspacesinschools.com\/wp-content\/uploads\/2025\/07\/logo.svg\",\"width\":125,\"height\":93,\"caption\":\"Prayer Spaces in Schools\"},\"image\":{\"@id\":\"http:\/\/prayerspacesinschools.com\/#\/schema\/logo\/image\/\"}}]}<\/script>\n<!-- \/ Yoast SEO plugin. -->","yoast_head_json":{"title":"Ay\u00fadenos a ayudar a otros a orar - Prayer Spaces in Schools International","description":"Around the world prayer spaces are giving children and young people ways to reflect and explore prayer for themselves using simple activities.","robots":{"index":"index","follow":"follow","max-snippet":"max-snippet:-1","max-image-preview":"max-image-preview:large","max-video-preview":"max-video-preview:-1"},"canonical":"http:\/\/prayerspacesinschools.com\/es\/donate\/","og_locale":"es_ES","og_type":"article","og_title":"Ay\u00fadenos a ayudar a otros a orar - Prayer Spaces in Schools International","og_description":"Around the world prayer spaces are giving children and young people ways to reflect and explore prayer for themselves using simple activities.","og_url":"http:\/\/prayerspacesinschools.com\/es\/donate\/","og_site_name":"Prayer Spaces in Schools International","article_modified_time":"2025-07-17T08:50:17+00:00","og_image":[{"width":2560,"height":898,"url":"http:\/\/prayerspacesinschools.com\/wp-content\/uploads\/2025\/06\/pic22.jpg","type":"image\/jpeg"}],"twitter_card":"summary_large_image","twitter_misc":{"Est. reading time":"1 minute"},"schema":{"@context":"https:\/\/schema.org","@graph":[{"@type":"WebPage","@id":"http:\/\/prayerspacesinschools.com\/es\/donate\/","url":"http:\/\/prayerspacesinschools.com\/es\/donate\/","name":"Ay\u00fadenos a ayudar a otros a orar - Prayer Spaces in Schools International","isPartOf":{"@id":"http:\/\/prayerspacesinschools.com\/#website"},"primaryImageOfPage":{"@id":"http:\/\/prayerspacesinschools.com\/es\/donate\/#primaryimage"},"image":{"@id":"http:\/\/prayerspacesinschools.com\/es\/donate\/#primaryimage"},"thumbnailUrl":"http:\/\/prayerspacesinschools.com\/wp-content\/uploads\/2025\/06\/pic22.jpg","datePublished":"2025-05-08T09:45:08+00:00","dateModified":"2025-07-17T08:50:17+00:00","description":"Around the world prayer spaces are giving children and young people ways to reflect and explore prayer for themselves using simple activities.","breadcrumb":{"@id":"http:\/\/prayerspacesinschools.com\/es\/donate\/#breadcrumb"},"inLanguage":"es-ES","potentialAction":[{"@type":"ReadAction","target":["http:\/\/prayerspacesinschools.com\/es\/donate\/"]}]},{"@type":"ImageObject","inLanguage":"es-ES","@id":"http:\/\/prayerspacesinschools.com\/es\/donate\/#primaryimage","url":"http:\/\/prayerspacesinschools.com\/wp-content\/uploads\/2025\/06\/pic22.jpg","contentUrl":"http:\/\/prayerspacesinschools.com\/wp-content\/uploads\/2025\/06\/pic22.jpg","width":2560,"height":898},{"@type":"BreadcrumbList","@id":"http:\/\/prayerspacesinschools.com\/es\/donate\/#breadcrumb","itemListElement":[{"@type":"ListItem","position":1,"name":"Home","item":"https:\/\/prayerspacesinschools.com\/es\/"},{"@type":"ListItem","position":2,"name":"Ay\u00fadenos a ayudar a otros a orar"}]},{"@type":"WebSite","@id":"http:\/\/prayerspacesinschools.com\/#website","url":"http:\/\/prayerspacesinschools.com\/","name":"Prayer Spaces in Schools","description":"Creating space in schools where pupils can pause to reflect or pray","publisher":{"@id":"http:\/\/prayerspacesinschools.com\/#organization"},"potentialAction":[{"@type":"SearchAction","target":{"@type":"EntryPoint","urlTemplate":"http:\/\/prayerspacesinschools.com\/?s={search_term_string}"},"query-input":{"@type":"PropertyValueSpecification","valueRequired":true,"valueName":"search_term_string"}}],"inLanguage":"es-ES"},{"@type":"Organization","@id":"http:\/\/prayerspacesinschools.com\/#organization","name":"Prayer Spaces in Schools","url":"http:\/\/prayerspacesinschools.com\/","logo":{"@type":"ImageObject","inLanguage":"es-ES","@id":"http:\/\/prayerspacesinschools.com\/#\/schema\/logo\/image\/","url":"http:\/\/prayerspacesinschools.com\/wp-content\/uploads\/2025\/07\/logo.svg","contentUrl":"http:\/\/prayerspacesinschools.com\/wp-content\/uploads\/2025\/07\/logo.svg","width":125,"height":93,"caption":"Prayer Spaces in Schools"},"image":{"@id":"http:\/\/prayerspacesinschools.com\/#\/schema\/logo\/image\/"}}]}},"_links":{"self":[{"href":"http:\/\/prayerspacesinschools.com\/es\/wp-json\/wp\/v2\/pages\/1316","targetHints":{"allow":["GET"]}}],"collection":[{"href":"http:\/\/prayerspacesinschools.com\/es\/wp-json\/wp\/v2\/pages"}],"about":[{"href":"http:\/\/prayerspacesinschools.com\/es\/wp-json\/wp\/v2\/types\/page"}],"author":[{"embeddable":true,"href":"http:\/\/prayerspacesinschools.com\/es\/wp-json\/wp\/v2\/users\/1"}],"replies":[{"embeddable":true,"href":"http:\/\/prayerspacesinschools.com\/es\/wp-json\/wp\/v2\/comments?post=1316"}],"version-history":[{"count":4,"href":"http:\/\/prayerspacesinschools.com\/es\/wp-json\/wp\/v2\/pages\/1316\/revisions"}],"predecessor-version":[{"id":1570,"href":"http:\/\/prayerspacesinschools.com\/es\/wp-json\/wp\/v2\/pages\/1316\/revisions\/1570"}],"wp:featuredmedia":[{"embeddable":true,"href":"http:\/\/prayerspacesinschools.com\/es\/wp-json\/wp\/v2\/media\/1318"}],"wp:attachment":[{"href":"http:\/\/prayerspacesinschools.com\/es\/wp-json\/wp\/v2\/media?parent=1316"}],"curies":[{"name":"wp","href":"https:\/\/api.w.org\/{rel}","templated":true}]}}