{"id":806,"date":"2025-05-08T14:30:28","date_gmt":"2025-05-08T13:30:28","guid":{"rendered":"http:\/\/prayerspacesinschools.com\/creating-space-in-schools-where-pupils-can-pause-to-reflect-or-pray\/"},"modified":"2025-07-17T16:19:20","modified_gmt":"2025-07-17T15:19:20","slug":"creating-space-in-schools-where-pupils-can-pause-to-reflect-or-pray","status":"publish","type":"page","link":"http:\/\/prayerspacesinschools.com\/de\/","title":{"rendered":"Wir helfen Kindern und Jugendlichen beim Reflektieren und Beten"},"content":{"rendered":"\n<h5 class=\"wp-block-heading has-text-align-center\">\u00dcberall auf der Welt bieten Prayerspaces Kindern und Jugendlichen die M\u00f6glichkeit, mithilfe einfacher, kreativer und interaktiver Gebetsstationen selbst \u00fcber das Beten nachzudenken und das Gebet zu entdecken. Jeder Prayerspace basiert auf dem christlichen Verst\u00e4ndnis des Gebets und steht Menschen aller Glaubensrichtungen und Weltanschauungen offen.<\/h5>\n\n\n\n<div class=\"wp-block-buttons is-content-justification-center is-layout-flex wp-container-core-buttons-is-layout-16018d1d wp-block-buttons-is-layout-flex\">\n<div class=\"wp-block-button\"><a class=\"wp-block-button__link wp-element-button\" href=\"https:\/\/prayerspacesinschools.com\/de\/about-us\/\">\u00dcber Prayerspaces<\/a><\/div>\n<\/div>\n","protected":false},"excerpt":{"rendered":"<p>\u00dcberall auf der Welt bieten Prayerspaces Kindern und Jugendlichen die M\u00f6glichkeit, mithilfe einfacher, kreativer und interaktiver Gebetsstationen selbst \u00fcber das Beten nachzudenken und das Gebet zu entdecken. Jeder Prayerspace basiert auf dem christlichen Verst\u00e4ndnis des Gebets und steht Menschen aller Glaubensrichtungen und Weltanschauungen offen.<\/p>\n","protected":false},"author":1,"featured_media":0,"parent":0,"menu_order":0,"comment_status":"closed","ping_status":"closed","template":"","meta":{"_acf_changed":false,"inline_featured_image":false,"footnotes":""},"class_list":["post-806","page","type-page","status-publish","hentry"],"acf":[],"yoast_head":"<!-- This site is optimized with the Yoast SEO plugin v25.5 - https:\/\/yoast.com\/wordpress\/plugins\/seo\/ -->\n<title>Wir helfen Kindern und Jugendlichen beim Reflektieren und Beten - Prayer Spaces in Schools International<\/title>\n<meta name=\"description\" content=\"Around the world prayer spaces are giving children and young people ways to reflect and explore prayer for themselves using simple activities.\" \/>\n<meta name=\"robots\" content=\"index, follow, max-snippet:-1, max-image-preview:large, max-video-preview:-1\" \/>\n<link rel=\"canonical\" href=\"http:\/\/prayerspacesinschools.com\/de\/\" \/>\n<meta property=\"og:locale\" content=\"de_DE\" \/>\n<meta property=\"og:type\" content=\"article\" \/>\n<meta property=\"og:title\" content=\"Wir helfen Kindern und Jugendlichen beim Reflektieren und Beten - Prayer Spaces in Schools International\" \/>\n<meta property=\"og:description\" content=\"Around the world prayer spaces are giving children and young people ways to reflect and explore prayer for themselves using simple activities.\" \/>\n<meta property=\"og:url\" content=\"http:\/\/prayerspacesinschools.com\/de\/\" \/>\n<meta property=\"og:site_name\" content=\"Prayer Spaces in Schools International\" \/>\n<meta property=\"article:modified_time\" content=\"2025-07-17T15:19:20+00:00\" \/>\n<meta name=\"twitter:card\" content=\"summary_large_image\" \/>\n<meta name=\"twitter:label1\" content=\"Est. reading time\" \/>\n\t<meta name=\"twitter:data1\" content=\"1 minute\" \/>\n<script type=\"application\/ld+json\" class=\"yoast-schema-graph\">{\"@context\":\"https:\/\/schema.org\",\"@graph\":[{\"@type\":\"WebPage\",\"@id\":\"http:\/\/prayerspacesinschools.com\/de\/\",\"url\":\"http:\/\/prayerspacesinschools.com\/de\/\",\"name\":\"Wir helfen Kindern und Jugendlichen beim Reflektieren und Beten - Prayer Spaces in Schools International\",\"isPartOf\":{\"@id\":\"http:\/\/prayerspacesinschools.com\/#website\"},\"datePublished\":\"2025-05-08T13:30:28+00:00\",\"dateModified\":\"2025-07-17T15:19:20+00:00\",\"description\":\"Around the world prayer spaces are giving children and young people ways to reflect and explore prayer for themselves using simple activities.\",\"breadcrumb\":{\"@id\":\"http:\/\/prayerspacesinschools.com\/de\/#breadcrumb\"},\"inLanguage\":\"de-DE\",\"potentialAction\":[{\"@type\":\"ReadAction\",\"target\":[\"http:\/\/prayerspacesinschools.com\/de\/\"]}]},{\"@type\":\"BreadcrumbList\",\"@id\":\"http:\/\/prayerspacesinschools.com\/de\/#breadcrumb\",\"itemListElement\":[{\"@type\":\"ListItem\",\"position\":1,\"name\":\"Home\",\"item\":\"http:\/\/prayerspacesinschools.com\/de\/\"},{\"@type\":\"ListItem\",\"position\":2,\"name\":\"Wir helfen Kindern und Jugendlichen beim Reflektieren und Beten\"}]},{\"@type\":\"WebSite\",\"@id\":\"http:\/\/prayerspacesinschools.com\/#website\",\"url\":\"http:\/\/prayerspacesinschools.com\/\",\"name\":\"Prayer Spaces in Schools\",\"description\":\"Creating space in schools where pupils can pause to reflect or pray\",\"publisher\":{\"@id\":\"http:\/\/prayerspacesinschools.com\/#organization\"},\"potentialAction\":[{\"@type\":\"SearchAction\",\"target\":{\"@type\":\"EntryPoint\",\"urlTemplate\":\"http:\/\/prayerspacesinschools.com\/?s={search_term_string}\"},\"query-input\":{\"@type\":\"PropertyValueSpecification\",\"valueRequired\":true,\"valueName\":\"search_term_string\"}}],\"inLanguage\":\"de-DE\"},{\"@type\":\"Organization\",\"@id\":\"http:\/\/prayerspacesinschools.com\/#organization\",\"name\":\"Prayer Spaces in Schools\",\"url\":\"http:\/\/prayerspacesinschools.com\/\",\"logo\":{\"@type\":\"ImageObject\",\"inLanguage\":\"de-DE\",\"@id\":\"http:\/\/prayerspacesinschools.com\/#\/schema\/logo\/image\/\",\"url\":\"http:\/\/prayerspacesinschools.com\/wp-content\/uploads\/2025\/07\/logo.svg\",\"contentUrl\":\"http:\/\/prayerspacesinschools.com\/wp-content\/uploads\/2025\/07\/logo.svg\",\"width\":125,\"height\":93,\"caption\":\"Prayer Spaces in Schools\"},\"image\":{\"@id\":\"http:\/\/prayerspacesinschools.com\/#\/schema\/logo\/image\/\"}}]}<\/script>\n<!-- \/ Yoast SEO plugin. -->","yoast_head_json":{"title":"Wir helfen Kindern und Jugendlichen beim Reflektieren und Beten - Prayer Spaces in Schools International","description":"Around the world prayer spaces are giving children and young people ways to reflect and explore prayer for themselves using simple activities.","robots":{"index":"index","follow":"follow","max-snippet":"max-snippet:-1","max-image-preview":"max-image-preview:large","max-video-preview":"max-video-preview:-1"},"canonical":"http:\/\/prayerspacesinschools.com\/de\/","og_locale":"de_DE","og_type":"article","og_title":"Wir helfen Kindern und Jugendlichen beim Reflektieren und Beten - Prayer Spaces in Schools International","og_description":"Around the world prayer spaces are giving children and young people ways to reflect and explore prayer for themselves using simple activities.","og_url":"http:\/\/prayerspacesinschools.com\/de\/","og_site_name":"Prayer Spaces in Schools International","article_modified_time":"2025-07-17T15:19:20+00:00","twitter_card":"summary_large_image","twitter_misc":{"Est. reading time":"1 minute"},"schema":{"@context":"https:\/\/schema.org","@graph":[{"@type":"WebPage","@id":"http:\/\/prayerspacesinschools.com\/de\/","url":"http:\/\/prayerspacesinschools.com\/de\/","name":"Wir helfen Kindern und Jugendlichen beim Reflektieren und Beten - Prayer Spaces in Schools International","isPartOf":{"@id":"http:\/\/prayerspacesinschools.com\/#website"},"datePublished":"2025-05-08T13:30:28+00:00","dateModified":"2025-07-17T15:19:20+00:00","description":"Around the world prayer spaces are giving children and young people ways to reflect and explore prayer for themselves using simple activities.","breadcrumb":{"@id":"http:\/\/prayerspacesinschools.com\/de\/#breadcrumb"},"inLanguage":"de-DE","potentialAction":[{"@type":"ReadAction","target":["http:\/\/prayerspacesinschools.com\/de\/"]}]},{"@type":"BreadcrumbList","@id":"http:\/\/prayerspacesinschools.com\/de\/#breadcrumb","itemListElement":[{"@type":"ListItem","position":1,"name":"Home","item":"http:\/\/prayerspacesinschools.com\/de\/"},{"@type":"ListItem","position":2,"name":"Wir helfen Kindern und Jugendlichen beim Reflektieren und Beten"}]},{"@type":"WebSite","@id":"http:\/\/prayerspacesinschools.com\/#website","url":"http:\/\/prayerspacesinschools.com\/","name":"Prayer Spaces in Schools","description":"Creating space in schools where pupils can pause to reflect or pray","publisher":{"@id":"http:\/\/prayerspacesinschools.com\/#organization"},"potentialAction":[{"@type":"SearchAction","target":{"@type":"EntryPoint","urlTemplate":"http:\/\/prayerspacesinschools.com\/?s={search_term_string}"},"query-input":{"@type":"PropertyValueSpecification","valueRequired":true,"valueName":"search_term_string"}}],"inLanguage":"de-DE"},{"@type":"Organization","@id":"http:\/\/prayerspacesinschools.com\/#organization","name":"Prayer Spaces in Schools","url":"http:\/\/prayerspacesinschools.com\/","logo":{"@type":"ImageObject","inLanguage":"de-DE","@id":"http:\/\/prayerspacesinschools.com\/#\/schema\/logo\/image\/","url":"http:\/\/prayerspacesinschools.com\/wp-content\/uploads\/2025\/07\/logo.svg","contentUrl":"http:\/\/prayerspacesinschools.com\/wp-content\/uploads\/2025\/07\/logo.svg","width":125,"height":93,"caption":"Prayer Spaces in Schools"},"image":{"@id":"http:\/\/prayerspacesinschools.com\/#\/schema\/logo\/image\/"}}]}},"_links":{"self":[{"href":"http:\/\/prayerspacesinschools.com\/de\/wp-json\/wp\/v2\/pages\/806","targetHints":{"allow":["GET"]}}],"collection":[{"href":"http:\/\/prayerspacesinschools.com\/de\/wp-json\/wp\/v2\/pages"}],"about":[{"href":"http:\/\/prayerspacesinschools.com\/de\/wp-json\/wp\/v2\/types\/page"}],"author":[{"embeddable":true,"href":"http:\/\/prayerspacesinschools.com\/de\/wp-json\/wp\/v2\/users\/1"}],"replies":[{"embeddable":true,"href":"http:\/\/prayerspacesinschools.com\/de\/wp-json\/wp\/v2\/comments?post=806"}],"version-history":[{"count":11,"href":"http:\/\/prayerspacesinschools.com\/de\/wp-json\/wp\/v2\/pages\/806\/revisions"}],"predecessor-version":[{"id":1623,"href":"http:\/\/prayerspacesinschools.com\/de\/wp-json\/wp\/v2\/pages\/806\/revisions\/1623"}],"wp:attachment":[{"href":"http:\/\/prayerspacesinschools.com\/de\/wp-json\/wp\/v2\/media?parent=806"}],"curies":[{"name":"wp","href":"https:\/\/api.w.org\/{rel}","templated":true}]}}